{"id":28636,"date":"2025-04-28T11:14:00","date_gmt":"2025-04-28T11:14:00","guid":{"rendered":"https:\/\/www.freeshopfrontiera.ch\/shop\/valmont-set\/"},"modified":"2025-04-28T11:19:29","modified_gmt":"2025-04-28T11:19:29","slug":"valmont-set","status":"publish","type":"product","link":"https:\/\/www.freeshopfrontiera.ch\/fr\/shop\/valmont-set\/","title":{"rendered":"VALMONT SET"},"content":{"rendered":"<p class=\"\" data-start=\"2542\" data-end=\"2626\"><strong data-start=\"2542\" data-end=\"2626\">Coffret VALMONT \u00ab\u00a0A Taste of Valmont\u00a0\u00bb \u2013 Soin complet de beaut\u00e9 et de r\u00e9g\u00e9n\u00e9ration<\/strong><\/p>\n<p class=\"\" data-start=\"2628\" data-end=\"3042\">Le <strong data-start=\"2631\" data-end=\"2663\">coffret \u00ab\u00a0A Taste of Valmont\u00a0\u00bb<\/strong> propose une s\u00e9lection exclusive des meilleurs produits de Valmont, con\u00e7us pour offrir \u00e0 la peau un soin complet de beaut\u00e9, d&rsquo;hydratation et de protection. Chaque produit est formul\u00e9 avec des ingr\u00e9dients de haute qualit\u00e9 pour garantir des r\u00e9sultats visibles, r\u00e9pondant \u00e0 diff\u00e9rents besoins de la peau, de la r\u00e9g\u00e9n\u00e9ration et de la protection solaire \u00e0 l&rsquo;hydratation en profondeur.<\/p>\n<p class=\"\" data-start=\"3044\" data-end=\"3069\"><strong data-start=\"3044\" data-end=\"3069\">Le coffret contient :<\/strong><\/p>\n<ul data-start=\"3071\" data-end=\"4826\">\n<li class=\"\" data-start=\"3071\" data-end=\"3336\">\n<p class=\"\" data-start=\"3073\" data-end=\"3336\"><strong data-start=\"3073\" data-end=\"3101\">Prime Renewing Pack 30ml<\/strong> : Un masque innovant qui revitalise la peau, lui redonnant luminosit\u00e9, douceur et fermet\u00e9. Sa texture riche et cr\u00e9meuse aide \u00e0 r\u00e9duire les signes de fatigue et de stress, am\u00e9liorant la qualit\u00e9 de la peau pour un aspect frais et jeune.<\/p>\n<\/li>\n<li class=\"\" data-start=\"3338\" data-end=\"3632\">\n<p class=\"\" data-start=\"3340\" data-end=\"3632\"><strong data-start=\"3340\" data-end=\"3375\">Restoring Perfection SPF50 15ml<\/strong> : Un fluide perfectionnant avec protection solaire SPF50 qui prot\u00e8ge la peau des dommages caus\u00e9s par les rayons UV. Sa formule l\u00e9g\u00e8re mais puissante aide \u00e0 am\u00e9liorer l&rsquo;\u00e9lasticit\u00e9 et la texture de la peau, r\u00e9duisant visiblement les signes du vieillissement.<\/p>\n<\/li>\n<li class=\"\" data-start=\"3634\" data-end=\"3857\">\n<p class=\"\" data-start=\"3636\" data-end=\"3857\"><strong data-start=\"3636\" data-end=\"3665\">Moisturizing Booster 10ml<\/strong> : Un booster hautement concentr\u00e9 qui renforce l&rsquo;hydratation de la peau, restaurer sa barri\u00e8re protectrice. La peau appara\u00eet visiblement plus douce et hydrat\u00e9e, avec un effet lissant imm\u00e9diat.<\/p>\n<\/li>\n<li class=\"\" data-start=\"3859\" data-end=\"4122\">\n<p class=\"\" data-start=\"3861\" data-end=\"4122\"><strong data-start=\"3861\" data-end=\"3895\">Moisturizing with a Cream 15ml<\/strong> : Une cr\u00e8me riche qui fournit une hydratation en profondeur, laissant la peau fra\u00eeche et douce. Parfaite pour une utilisation quotidienne, cette cr\u00e8me aide \u00e0 am\u00e9liorer la texture de la peau, la rendant plus \u00e9clatante et saine.<\/p>\n<\/li>\n<li class=\"\" data-start=\"4124\" data-end=\"4381\">\n<p class=\"\" data-start=\"4126\" data-end=\"4381\"><strong data-start=\"4126\" data-end=\"4146\">Vital Falls 30ml<\/strong> : Un soin qui agit en profondeur sur la peau pour lui redonner vitalit\u00e9 et \u00e9clat. Ses propri\u00e9t\u00e9s hydratantes et r\u00e9g\u00e9n\u00e9rantes aident \u00e0 am\u00e9liorer l&rsquo;apparence g\u00e9n\u00e9rale de la peau, r\u00e9duisant visiblement les signes de fatigue et de stress.<\/p>\n<\/li>\n<li class=\"\" data-start=\"4383\" data-end=\"4629\">\n<p class=\"\" data-start=\"4385\" data-end=\"4629\"><strong data-start=\"4385\" data-end=\"4406\">Prime Contour 5ml<\/strong> : Un soin cibl\u00e9 pour la zone d\u00e9licate du contour des yeux qui r\u00e9duit visiblement les cernes, les poches et les rides. Sa formule concentr\u00e9e aide \u00e0 restaurer l&rsquo;\u00e9lasticit\u00e9 de la peau, laissant le regard plus frais et repos\u00e9.<\/p>\n<\/li>\n<li class=\"\" data-start=\"4631\" data-end=\"4826\">\n<p class=\"\" data-start=\"4633\" data-end=\"4826\"><strong data-start=\"4633\" data-end=\"4659\">Valmont White L Vanity<\/strong> : Un \u00e9l\u00e9gant vanity case, parfait pour transporter vos produits Valmont de mani\u00e8re pratique et raffin\u00e9e. Id\u00e9al pour voyager sans compromettre la qualit\u00e9 de vos soins.<\/p>\n<\/li>\n<\/ul>\n<p class=\"\" data-start=\"4828\" data-end=\"5150\"><strong data-start=\"4828\" data-end=\"4863\">Le coffret \u00ab\u00a0A Taste of Valmont\u00a0\u00bb<\/strong> est une occasion unique de d\u00e9couvrir l&rsquo;efficacit\u00e9 des soins Valmont dans un format pratique et pratique. Avec une combinaison d&rsquo;hydratation, de protection et de r\u00e9g\u00e9n\u00e9ration, ce coffret est parfait pour ceux qui recherchent une peau visiblement plus jeune, plus saine et plus \u00e9clatante.<\/p>\n<p data-start=\"2312\" data-end=\"2607\">Follow us! <a href=\"https:\/\/www.instagram.com\/freeshopswiss\/\" target=\"_blank\" rel=\"noopener\">@freeshopswiss<\/a><\/p>\n","protected":false},"excerpt":{"rendered":"<p>Coffret VALMONT \u00ab\u00a0A Taste of Valmont\u00a0\u00bb \u2013 Soin complet de beaut\u00e9 et de r\u00e9g\u00e9n\u00e9ration Le coffret \u00ab\u00a0A Taste of Valmont\u00a0\u00bb propose une s\u00e9lection exclusive des meilleurs produits de Valmont, con\u00e7us pour offrir \u00e0 la peau un soin complet de beaut\u00e9, d&rsquo;hydratation et de protection. Chaque produit est formul\u00e9 avec des ingr\u00e9dients de haute qualit\u00e9 pour [&hellip;]<\/p>\n","protected":false},"featured_media":28632,"comment_status":"open","ping_status":"closed","template":"","meta":[],"pwb-brand":[977],"product_brand":[],"product_cat":[109,295,484,545],"product_tag":[459,296,417],"class_list":{"0":"post-28636","1":"product","2":"type-product","3":"status-publish","4":"has-post-thumbnail","6":"pwb-brand-valmont","7":"product_cat-pour-elle","8":"product_cat-traitements","9":"product_cat-coffret","10":"product_cat-soin-du-visage","11":"product_tag-coffret","12":"product_tag-femme","13":"product_tag-soins-fr","15":"first","16":"outofstock","17":"sale","18":"taxable","19":"shipping-taxable","20":"purchasable","21":"product-type-simple"},"brands":[{"id":977,"name":"Valmont","slug":"valmont"}],"_links":{"self":[{"href":"https:\/\/www.freeshopfrontiera.ch\/fr\/wp-json\/wp\/v2\/product\/28636","targetHints":{"allow":["GET"]}}],"collection":[{"href":"https:\/\/www.freeshopfrontiera.ch\/fr\/wp-json\/wp\/v2\/product"}],"about":[{"href":"https:\/\/www.freeshopfrontiera.ch\/fr\/wp-json\/wp\/v2\/types\/product"}],"replies":[{"embeddable":true,"href":"https:\/\/www.freeshopfrontiera.ch\/fr\/wp-json\/wp\/v2\/comments?post=28636"}],"version-history":[{"count":2,"href":"https:\/\/www.freeshopfrontiera.ch\/fr\/wp-json\/wp\/v2\/product\/28636\/revisions"}],"predecessor-version":[{"id":28641,"href":"https:\/\/www.freeshopfrontiera.ch\/fr\/wp-json\/wp\/v2\/product\/28636\/revisions\/28641"}],"wp:featuredmedia":[{"embeddable":true,"href":"https:\/\/www.freeshopfrontiera.ch\/fr\/wp-json\/wp\/v2\/media\/28632"}],"wp:attachment":[{"href":"https:\/\/www.freeshopfrontiera.ch\/fr\/wp-json\/wp\/v2\/media?parent=28636"}],"wp:term":[{"taxonomy":"pwb-brand","embeddable":true,"href":"https:\/\/www.freeshopfrontiera.ch\/fr\/wp-json\/wp\/v2\/pwb-brand?post=28636"},{"taxonomy":"product_brand","embeddable":true,"href":"https:\/\/www.freeshopfrontiera.ch\/fr\/wp-json\/wp\/v2\/product_brand?post=28636"},{"taxonomy":"product_cat","embeddable":true,"href":"https:\/\/www.freeshopfrontiera.ch\/fr\/wp-json\/wp\/v2\/product_cat?post=28636"},{"taxonomy":"product_tag","embeddable":true,"href":"https:\/\/www.freeshopfrontiera.ch\/fr\/wp-json\/wp\/v2\/product_tag?post=28636"}],"curies":[{"name":"wp","href":"https:\/\/api.w.org\/{rel}","templated":true}]}}