{"id":28650,"date":"2025-04-28T11:39:13","date_gmt":"2025-04-28T11:39:13","guid":{"rendered":"https:\/\/www.freeshopfrontiera.ch\/shop\/sensai-lasting-plump-lispstick-holder\/"},"modified":"2025-04-28T11:50:29","modified_gmt":"2025-04-28T11:50:29","slug":"sensai-lasting-plump-lispstick-holder","status":"publish","type":"product","link":"https:\/\/www.freeshopfrontiera.ch\/fr\/shop\/sensai-lasting-plump-lispstick-holder\/","title":{"rendered":"SENSAI Lasting Plump Lispstick Holder"},"content":{"rendered":"<article class=\"text-token-text-primary w-full\" dir=\"auto\" data-testid=\"conversation-turn-48\" data-scroll-anchor=\"true\">\n<div class=\"text-base my-auto mx-auto py-5 [--thread-content-margin:--spacing(4)] @[37rem]:[--thread-content-margin:--spacing(6)] @[70rem]:[--thread-content-margin:--spacing(12)] px-(--thread-content-margin)\">\n<div class=\"[--thread-content-max-width:32rem] @[34rem]:[--thread-content-max-width:40rem] @[64rem]:[--thread-content-max-width:48rem] mx-auto flex max-w-(--thread-content-max-width) flex-1 text-base gap-4 md:gap-5 lg:gap-6 group\/turn-messages focus-visible:outline-hidden\" tabindex=\"-1\">\n<div class=\"group\/conversation-turn relative flex w-full min-w-0 flex-col agent-turn\">\n<div class=\"relative flex-col gap-1 md:gap-3\">\n<div class=\"flex max-w-full flex-col grow\">\n<div class=\"min-h-8 text-message relative flex w-full flex-col items-end gap-2 text-start break-words whitespace-normal [.text-message+&amp;]:mt-5\" dir=\"auto\" data-message-author-role=\"assistant\" data-message-id=\"c75b40c2-3454-4372-ac2c-66ec205656d2\" data-message-model-slug=\"gpt-4o-mini\">\n<div class=\"flex w-full flex-col gap-1 empty:hidden first:pt-[3px]\">\n<div class=\"markdown prose dark:prose-invert w-full break-words light\">\n<p class=\"\" data-start=\"2986\" data-end=\"3392\"><strong data-start=\"2986\" data-end=\"3026\">SENSAI Lasting Plump Lipstick Holder<\/strong> est un accessoire \u00e9l\u00e9gant et pratique con\u00e7u pour contenir et charger les <strong data-start=\"3100\" data-end=\"3134\">SENSAI Lasting Plump Lipsticks<\/strong>. Ce bo\u00eetier raffin\u00e9 offre une protection s\u00e9curis\u00e9e et un rangement optimal pour votre rouge \u00e0 l\u00e8vres, vous permettant de transporter plusieurs rouges \u00e0 l\u00e8vres dans le m\u00eame holder. Un indispensable pour celles qui souhaitent un look impeccable \u00e0 tout moment.<\/p>\n<p class=\"\" data-start=\"3394\" data-end=\"3840\">Le design, pens\u00e9 pour allier praticit\u00e9 et style, vous permet de transporter plus d&rsquo;un rouge \u00e0 l\u00e8vres, ce qui le rend id\u00e9al pour celles qui aiment varier leur maquillage au cours de la journ\u00e9e. Fabriqu\u00e9 avec des mat\u00e9riaux de haute qualit\u00e9, il est durable et r\u00e9sistant dans le temps. Sa forme compacte et son m\u00e9canisme de chargement facile vous assurent d&rsquo;avoir toujours votre rouge \u00e0 l\u00e8vres \u00e0 port\u00e9e de main pour une retouche rapide \u00e0 tout moment.<\/p>\n<p class=\"\" data-start=\"3842\" data-end=\"3876\"><strong data-start=\"3842\" data-end=\"3876\">Caract\u00e9ristiques principales :<\/strong><\/p>\n<ul data-start=\"3877\" data-end=\"4172\">\n<li class=\"\" data-start=\"3877\" data-end=\"3962\">\n<p class=\"\" data-start=\"3879\" data-end=\"3962\">\u00c9l\u00e9gant et fonctionnel, avec de l&rsquo;espace pour transporter plusieurs rouges \u00e0 l\u00e8vres<\/p>\n<\/li>\n<li class=\"\" data-start=\"3963\" data-end=\"4015\">\n<p class=\"\" data-start=\"3965\" data-end=\"4015\">Design compact et pratique, id\u00e9al pour les voyages<\/p>\n<\/li>\n<li class=\"\" data-start=\"4016\" data-end=\"4062\">\n<p class=\"\" data-start=\"4018\" data-end=\"4062\">Fabriqu\u00e9 avec des mat\u00e9riaux de haute qualit\u00e9<\/p>\n<\/li>\n<li class=\"\" data-start=\"4063\" data-end=\"4110\">\n<p class=\"\" data-start=\"4065\" data-end=\"4110\">Protection s\u00e9curis\u00e9e pour les rouges \u00e0 l\u00e8vres<\/p>\n<\/li>\n<li class=\"\" data-start=\"4111\" data-end=\"4172\">\n<p class=\"\" data-start=\"4113\" data-end=\"4172\">Facile \u00e0 transporter et confortable \u00e0 utiliser au quotidien<\/p>\n<\/li>\n<\/ul>\n<p class=\"\" data-start=\"4174\" data-end=\"4556\">Avec le <strong data-start=\"4182\" data-end=\"4222\">SENSAI Lasting Plump Lipstick Holder<\/strong>, vous avez non seulement un accessoire chic et pratique, mais vous pouvez \u00e9galement emporter plusieurs rouges \u00e0 l\u00e8vres <strong data-start=\"4342\" data-end=\"4352\">SENSAI<\/strong>, les gardant prot\u00e9g\u00e9s et pr\u00eats \u00e0 l&#8217;emploi pour cr\u00e9er le look que vous souhaitez \u00e0 tout moment. Le <strong data-start=\"4451\" data-end=\"4491\">SENSAI Lasting Plump Lipstick Holder<\/strong> est compatible avec tous les <strong data-start=\"4521\" data-end=\"4555\">SENSAI Lasting Plump Lipsticks<\/strong>.<\/p>\n<\/div>\n<\/div>\n<\/div>\n<\/div>\n<\/div>\n<\/div>\n<\/div>\n<\/div>\n<\/article>\n<div class=\"pointer-events-none h-px w-px\" aria-hidden=\"true\" data-edge=\"true\"><\/div>\n<div aria-hidden=\"true\" data-edge=\"true\">Follow us! <a href=\"https:\/\/www.instagram.com\/freeshopswiss\/\" target=\"_blank\" rel=\"noopener\">@freeshopswiss<\/a><\/div>\n","protected":false},"excerpt":{"rendered":"<p>SENSAI Lasting Plump Lipstick Holder est un accessoire \u00e9l\u00e9gant et pratique con\u00e7u pour contenir et charger les SENSAI Lasting Plump Lipsticks. Ce bo\u00eetier raffin\u00e9 offre une protection s\u00e9curis\u00e9e et un rangement optimal pour votre rouge \u00e0 l\u00e8vres, vous permettant de transporter plusieurs rouges \u00e0 l\u00e8vres dans le m\u00eame holder. Un indispensable pour celles qui souhaitent [&hellip;]<\/p>\n","protected":false},"featured_media":28646,"comment_status":"open","ping_status":"closed","template":"","meta":[],"pwb-brand":[596],"product_brand":[],"product_cat":[109,566,586],"product_tag":[467,296,477,587],"class_list":{"0":"post-28650","1":"product","2":"type-product","3":"status-publish","4":"has-post-thumbnail","6":"pwb-brand-sensai","7":"product_cat-pour-elle","8":"product_cat-make-up-fr-2","9":"product_cat-maquillage-de-slevres-fr","10":"product_tag-accessoires-de-maquillage","11":"product_tag-femme","12":"product_tag-maquillage","13":"product_tag-maquillage-des-levres-fr","15":"first","16":"instock","17":"sale","18":"taxable","19":"shipping-taxable","20":"purchasable","21":"product-type-simple"},"brands":[{"id":596,"name":"Sensai","slug":"sensai"}],"_links":{"self":[{"href":"https:\/\/www.freeshopfrontiera.ch\/fr\/wp-json\/wp\/v2\/product\/28650","targetHints":{"allow":["GET"]}}],"collection":[{"href":"https:\/\/www.freeshopfrontiera.ch\/fr\/wp-json\/wp\/v2\/product"}],"about":[{"href":"https:\/\/www.freeshopfrontiera.ch\/fr\/wp-json\/wp\/v2\/types\/product"}],"replies":[{"embeddable":true,"href":"https:\/\/www.freeshopfrontiera.ch\/fr\/wp-json\/wp\/v2\/comments?post=28650"}],"version-history":[{"count":2,"href":"https:\/\/www.freeshopfrontiera.ch\/fr\/wp-json\/wp\/v2\/product\/28650\/revisions"}],"predecessor-version":[{"id":28658,"href":"https:\/\/www.freeshopfrontiera.ch\/fr\/wp-json\/wp\/v2\/product\/28650\/revisions\/28658"}],"wp:featuredmedia":[{"embeddable":true,"href":"https:\/\/www.freeshopfrontiera.ch\/fr\/wp-json\/wp\/v2\/media\/28646"}],"wp:attachment":[{"href":"https:\/\/www.freeshopfrontiera.ch\/fr\/wp-json\/wp\/v2\/media?parent=28650"}],"wp:term":[{"taxonomy":"pwb-brand","embeddable":true,"href":"https:\/\/www.freeshopfrontiera.ch\/fr\/wp-json\/wp\/v2\/pwb-brand?post=28650"},{"taxonomy":"product_brand","embeddable":true,"href":"https:\/\/www.freeshopfrontiera.ch\/fr\/wp-json\/wp\/v2\/product_brand?post=28650"},{"taxonomy":"product_cat","embeddable":true,"href":"https:\/\/www.freeshopfrontiera.ch\/fr\/wp-json\/wp\/v2\/product_cat?post=28650"},{"taxonomy":"product_tag","embeddable":true,"href":"https:\/\/www.freeshopfrontiera.ch\/fr\/wp-json\/wp\/v2\/product_tag?post=28650"}],"curies":[{"name":"wp","href":"https:\/\/api.w.org\/{rel}","templated":true}]}}