{"id":28693,"date":"2025-04-28T13:08:16","date_gmt":"2025-04-28T13:08:16","guid":{"rendered":"https:\/\/www.freeshopfrontiera.ch\/shop\/laura-biagiotti-roma-uomo-green-swing-200ml\/"},"modified":"2025-04-28T13:18:47","modified_gmt":"2025-04-28T13:18:47","slug":"laura-biagiotti-roma-uomo-green-swing-200ml","status":"publish","type":"product","link":"https:\/\/www.freeshopfrontiera.ch\/fr\/shop\/laura-biagiotti-roma-uomo-green-swing-200ml\/","title":{"rendered":"LAURA BIAGIOTTI Roma Uomo Green Swing 200ml"},"content":{"rendered":"<p class=\"\" data-start=\"125\" data-end=\"193\"><strong data-start=\"125\" data-end=\"193\">LAURA BIAGIOTTI Roma Uomo Green Swing Eau de Toilette Vapo 200ml<\/strong><\/p>\n<p class=\"\" data-start=\"195\" data-end=\"560\">Roma Uomo Green Swing de Laura Biagiotti est un parfum frais, \u00e9l\u00e9gant et dynamique, con\u00e7u pour l&rsquo;homme moderne qui aime l&rsquo;\u00e9nergie de la nature et l&rsquo;\u00e9l\u00e9gance intemporelle. Cette Eau de Toilette repr\u00e9sente un \u00e9quilibre parfait entre vitalit\u00e9 et raffinement, inspir\u00e9 par la verdure luxuriante des terrains de golf et l&rsquo;esprit insouciant des journ\u00e9es en plein air.<\/p>\n<p class=\"\" data-start=\"195\" data-end=\"560\">La composition s&rsquo;ouvre sur des notes p\u00e9tillantes et lumineuses de bergamote, pamplemousse et poivre rose, offrant imm\u00e9diatement une sensation de fra\u00eecheur et de positivit\u00e9. Le c\u0153ur r\u00e9v\u00e8le une \u00e2me plus aromatique et sophistiqu\u00e9e, gr\u00e2ce \u00e0 la pr\u00e9sence de lavande, de feuilles de violette et de pomme verte, qui apportent une touche naturelle et vibrante. La base est chaude et enveloppante, avec des accords de musc, de v\u00e9tiver et de bois pr\u00e9cieux, conf\u00e9rant profondeur et caract\u00e8re \u00e0 la fragrance. Le flacon de 200 ml, au design embl\u00e9matique et robuste, rappelle les couleurs de la nature avec ses nuances de vert \u00e9voquant l&rsquo;\u00e9quilibre, la force et la libert\u00e9.<\/p>\n<p class=\"\" data-start=\"195\" data-end=\"560\">Parfait pour un usage quotidien, Roma Uomo Green Swing est id\u00e9al pour ceux qui recherchent un parfum frais mais affirm\u00e9, capable d&rsquo;accompagner chaque moment de la journ\u00e9e avec style. Les notes de t\u00eate sont la bergamote, le pamplemousse et le poivre rose, les notes de c\u0153ur sont la lavande, les feuilles de violette et la pomme verte, et les notes de fond sont le musc, le v\u00e9tiver et les bois pr\u00e9cieux. Avec Roma Uomo Green Swing, Laura Biagiotti propose une nouvelle interpr\u00e9tation de la masculinit\u00e9 : \u00e9l\u00e9gante, fra\u00eeche et naturellement irr\u00e9sistible.<\/p>\n<p data-start=\"1522\" data-end=\"1663\">Follow us! <a href=\"https:\/\/www.instagram.com\/freeshopswiss\/\" target=\"_blank\" rel=\"noopener\">@freeshopswiss<\/a><\/p>\n","protected":false},"excerpt":{"rendered":"<p><em><strong>Eau de Toilette<\/strong><\/em><\/p>\n","protected":false},"featured_media":28684,"comment_status":"open","ping_status":"closed","template":"","meta":[],"pwb-brand":[580],"product_brand":[],"product_cat":[87,89],"product_tag":[141,1629,143,97],"class_list":{"0":"post-28693","1":"product","2":"type-product","3":"status-publish","4":"has-post-thumbnail","6":"pwb-brand-laura-biagiotti","7":"product_cat-parfums","8":"product_cat-pour-lui","9":"product_tag-eau-de-toilette-fr","10":"product_tag-mens-fragrances-fr","11":"product_tag-homme","12":"product_tag-parfums","14":"first","15":"outofstock","16":"sale","17":"taxable","18":"shipping-taxable","19":"purchasable","20":"product-type-simple"},"brands":[{"id":580,"name":"Laura Biagiotti","slug":"laura-biagiotti"}],"_links":{"self":[{"href":"https:\/\/www.freeshopfrontiera.ch\/fr\/wp-json\/wp\/v2\/product\/28693","targetHints":{"allow":["GET"]}}],"collection":[{"href":"https:\/\/www.freeshopfrontiera.ch\/fr\/wp-json\/wp\/v2\/product"}],"about":[{"href":"https:\/\/www.freeshopfrontiera.ch\/fr\/wp-json\/wp\/v2\/types\/product"}],"replies":[{"embeddable":true,"href":"https:\/\/www.freeshopfrontiera.ch\/fr\/wp-json\/wp\/v2\/comments?post=28693"}],"version-history":[{"count":1,"href":"https:\/\/www.freeshopfrontiera.ch\/fr\/wp-json\/wp\/v2\/product\/28693\/revisions"}],"predecessor-version":[{"id":28698,"href":"https:\/\/www.freeshopfrontiera.ch\/fr\/wp-json\/wp\/v2\/product\/28693\/revisions\/28698"}],"wp:featuredmedia":[{"embeddable":true,"href":"https:\/\/www.freeshopfrontiera.ch\/fr\/wp-json\/wp\/v2\/media\/28684"}],"wp:attachment":[{"href":"https:\/\/www.freeshopfrontiera.ch\/fr\/wp-json\/wp\/v2\/media?parent=28693"}],"wp:term":[{"taxonomy":"pwb-brand","embeddable":true,"href":"https:\/\/www.freeshopfrontiera.ch\/fr\/wp-json\/wp\/v2\/pwb-brand?post=28693"},{"taxonomy":"product_brand","embeddable":true,"href":"https:\/\/www.freeshopfrontiera.ch\/fr\/wp-json\/wp\/v2\/product_brand?post=28693"},{"taxonomy":"product_cat","embeddable":true,"href":"https:\/\/www.freeshopfrontiera.ch\/fr\/wp-json\/wp\/v2\/product_cat?post=28693"},{"taxonomy":"product_tag","embeddable":true,"href":"https:\/\/www.freeshopfrontiera.ch\/fr\/wp-json\/wp\/v2\/product_tag?post=28693"}],"curies":[{"name":"wp","href":"https:\/\/api.w.org\/{rel}","templated":true}]}}