{"id":28723,"date":"2025-04-28T14:12:47","date_gmt":"2025-04-28T14:12:47","guid":{"rendered":"https:\/\/www.freeshopfrontiera.ch\/shop\/maison-heritage-notre-dame-100ml\/"},"modified":"2025-04-28T14:21:16","modified_gmt":"2025-04-28T14:21:16","slug":"maison-heritage-notre-dame-100ml","status":"publish","type":"product","link":"https:\/\/www.freeshopfrontiera.ch\/fr\/shop\/maison-heritage-notre-dame-100ml\/","title":{"rendered":"MAISON HERITAGE Notre Dame 100ml"},"content":{"rendered":"<p class=\"\" data-start=\"3075\" data-end=\"3409\"><strong data-start=\"3075\" data-end=\"3130\">MAISON HERITAGE Notre Dame Eau de Parfum Vapo 100ml<\/strong> est un parfum raffin\u00e9 et complexe, con\u00e7u pour ceux qui recherchent une fragrance alliant \u00e9l\u00e9gance et myst\u00e8re. Inspir\u00e9 par la grandeur et l\u2019histoire de Notre Dame, cet Eau de Parfum est un voyage sensoriel qui explore les notes les plus sophistiqu\u00e9es et captivantes de la nature.<\/p>\n<p class=\"\" data-start=\"3411\" data-end=\"3669\"><strong data-start=\"3411\" data-end=\"3428\">Notes de t\u00eate<\/strong> : L&rsquo;ouverture est fra\u00eeche et enveloppante, avec un m\u00e9lange s\u00e9duisant de <strong data-start=\"3501\" data-end=\"3514\">bergamote<\/strong> et de <strong data-start=\"3521\" data-end=\"3531\">citron<\/strong>, offrant une fra\u00eecheur vibrante et lumineuse. Ces notes d&rsquo;agrumes cr\u00e9ent un d\u00e9but frais et stimulant qui capte imm\u00e9diatement l&rsquo;attention.<\/p>\n<p class=\"\" data-start=\"3671\" data-end=\"3980\"><strong data-start=\"3671\" data-end=\"3688\">Notes de c\u0153ur<\/strong> : Le c\u0153ur de <strong data-start=\"3702\" data-end=\"3716\">Notre Dame<\/strong> se d\u00e9veloppe avec des notes florales d\u00e9licates et harmonieuses, telles que <strong data-start=\"3792\" data-end=\"3803\">la rose<\/strong> et <strong data-start=\"3807\" data-end=\"3820\">le jasmin<\/strong>, apportant une touche de douceur et de f\u00e9minit\u00e9 \u00e0 la fragrance. Le parfum devient plus chaud et plus profond, r\u00e9v\u00e9lant une beaut\u00e9 sophistiqu\u00e9e et intemporelle.<\/p>\n<p class=\"\" data-start=\"3982\" data-end=\"4251\"><strong data-start=\"3982\" data-end=\"3999\">Notes de fond<\/strong> : La base du parfum est chaude et sensuelle, avec un \u00e9l\u00e9gant m\u00e9lange de <strong data-start=\"4072\" data-end=\"4085\">patchouli<\/strong>, <strong data-start=\"4087\" data-end=\"4096\">ambre<\/strong> et <strong data-start=\"4100\" data-end=\"4114\">musc blanc<\/strong>. Ces notes terreuses et enveloppantes conf\u00e8rent au parfum une tra\u00een\u00e9e persistante et s\u00e9duisante qui reste longtemps apr\u00e8s l&rsquo;application.<\/p>\n<p class=\"\" data-start=\"4253\" data-end=\"4558\">Le flacon de 100 ml, avec son design \u00e9l\u00e9gant et raffin\u00e9, repr\u00e9sente la qualit\u00e9 et le savoir-faire de <strong data-start=\"4354\" data-end=\"4373\">MAISON HERITAGE<\/strong>\u00a0<strong data-start=\"4375\" data-end=\"4389\">Notre Dame<\/strong> est le parfum id\u00e9al pour ceux qui recherchent une fragrance \u00e9voquant l&rsquo;histoire, l&rsquo;\u00e9l\u00e9gance et la sophistication, parfaite pour toutes les occasions, du jour \u00e0 la nuit.<\/p>\n<p data-start=\"1275\" data-end=\"1548\">Follow us! <a href=\"https:\/\/www.instagram.com\/freeshopswiss\/\" target=\"_blank\" rel=\"noopener\">@freeshopswiss<\/a><\/p>\n","protected":false},"excerpt":{"rendered":"<p><em><strong>Eau de Parfum<\/strong><\/em><\/p>\n","protected":false},"featured_media":28719,"comment_status":"open","ping_status":"closed","template":"","meta":[],"pwb-brand":[915],"product_brand":[],"product_cat":[87,109],"product_tag":[252,296,789,97],"class_list":{"0":"post-28723","1":"product","2":"type-product","3":"status-publish","4":"has-post-thumbnail","6":"pwb-brand-maison-heritage","7":"product_cat-parfums","8":"product_cat-pour-elle","9":"product_tag-eau-de-parfum-fr","10":"product_tag-femme","11":"product_tag-womens-fragrances-fr","12":"product_tag-parfums","14":"first","15":"outofstock","16":"sale","17":"taxable","18":"shipping-taxable","19":"purchasable","20":"product-type-simple"},"brands":[{"id":915,"name":"Maison Heritage","slug":"maison-heritage"}],"_links":{"self":[{"href":"https:\/\/www.freeshopfrontiera.ch\/fr\/wp-json\/wp\/v2\/product\/28723","targetHints":{"allow":["GET"]}}],"collection":[{"href":"https:\/\/www.freeshopfrontiera.ch\/fr\/wp-json\/wp\/v2\/product"}],"about":[{"href":"https:\/\/www.freeshopfrontiera.ch\/fr\/wp-json\/wp\/v2\/types\/product"}],"replies":[{"embeddable":true,"href":"https:\/\/www.freeshopfrontiera.ch\/fr\/wp-json\/wp\/v2\/comments?post=28723"}],"version-history":[{"count":2,"href":"https:\/\/www.freeshopfrontiera.ch\/fr\/wp-json\/wp\/v2\/product\/28723\/revisions"}],"predecessor-version":[{"id":28730,"href":"https:\/\/www.freeshopfrontiera.ch\/fr\/wp-json\/wp\/v2\/product\/28723\/revisions\/28730"}],"wp:featuredmedia":[{"embeddable":true,"href":"https:\/\/www.freeshopfrontiera.ch\/fr\/wp-json\/wp\/v2\/media\/28719"}],"wp:attachment":[{"href":"https:\/\/www.freeshopfrontiera.ch\/fr\/wp-json\/wp\/v2\/media?parent=28723"}],"wp:term":[{"taxonomy":"pwb-brand","embeddable":true,"href":"https:\/\/www.freeshopfrontiera.ch\/fr\/wp-json\/wp\/v2\/pwb-brand?post=28723"},{"taxonomy":"product_brand","embeddable":true,"href":"https:\/\/www.freeshopfrontiera.ch\/fr\/wp-json\/wp\/v2\/product_brand?post=28723"},{"taxonomy":"product_cat","embeddable":true,"href":"https:\/\/www.freeshopfrontiera.ch\/fr\/wp-json\/wp\/v2\/product_cat?post=28723"},{"taxonomy":"product_tag","embeddable":true,"href":"https:\/\/www.freeshopfrontiera.ch\/fr\/wp-json\/wp\/v2\/product_tag?post=28723"}],"curies":[{"name":"wp","href":"https:\/\/api.w.org\/{rel}","templated":true}]}}