{"id":28739,"date":"2025-04-28T14:36:12","date_gmt":"2025-04-28T14:36:12","guid":{"rendered":"https:\/\/www.freeshopfrontiera.ch\/shop\/maison-heritage-tuileries-100ml\/"},"modified":"2025-04-29T14:15:25","modified_gmt":"2025-04-29T14:15:25","slug":"maison-heritage-tuileries-100ml","status":"publish","type":"product","link":"https:\/\/www.freeshopfrontiera.ch\/fr\/shop\/maison-heritage-tuileries-100ml\/","title":{"rendered":"MAISON HERITAGE Tuileries 100ml"},"content":{"rendered":"<p class=\"\" data-start=\"2804\" data-end=\"3085\"><strong data-start=\"2804\" data-end=\"2858\">MAISON HERITAGE Tuileries Eau de Parfum Vapo 100ml<\/strong> est un parfum qui c\u00e9l\u00e8bre l&rsquo;\u00e9l\u00e9gance des jardins parisiens, capturant la beaut\u00e9 des fleurs et la fra\u00eecheur de la nature. Un parfum raffin\u00e9 et f\u00e9minin, parfait pour la femme qui recherche une fragrance sophistiqu\u00e9e et vibrante.<\/p>\n<p class=\"\" data-start=\"3087\" data-end=\"3310\"><strong data-start=\"3087\" data-end=\"3104\">Notes de t\u00eate<\/strong> : Le parfum s&rsquo;ouvre sur une explosion de fra\u00eecheur gr\u00e2ce \u00e0 la <strong data-start=\"3167\" data-end=\"3180\">bergamote<\/strong> et \u00e0 l\u2019<strong data-start=\"3188\" data-end=\"3198\">orange<\/strong>, cr\u00e9ant un d\u00e9but ensoleill\u00e9 et p\u00e9tillant, \u00e9voquant l\u2019\u00e9nergie d\u2019une promenade dans les jardins fleuris de Paris.<\/p>\n<p class=\"\" data-start=\"3312\" data-end=\"3505\"><strong data-start=\"3312\" data-end=\"3329\">Notes de c\u0153ur<\/strong> : Au c\u0153ur du parfum, des notes d\u00e9licates et raffin\u00e9es de <strong data-start=\"3387\" data-end=\"3395\">rose<\/strong> et de <strong data-start=\"3402\" data-end=\"3413\">freesia<\/strong> fleurissent, ajoutant une douceur florale et cr\u00e9ant une atmosph\u00e8re de puret\u00e9 et d\u2019harmonie.<\/p>\n<p class=\"\" data-start=\"3507\" data-end=\"3864\"><strong data-start=\"3507\" data-end=\"3524\">Notes de fond<\/strong> : La base du parfum est enveloppante et sensuelle, gr\u00e2ce \u00e0 la combinaison de <strong data-start=\"3602\" data-end=\"3611\">poire<\/strong>, de <strong data-start=\"3616\" data-end=\"3635\">fleur d&rsquo;oranger<\/strong> et de <strong data-start=\"3642\" data-end=\"3652\">jasmin<\/strong>, qui apportent une profondeur \u00e9l\u00e9gante et sophistiqu\u00e9e. Ces notes florales et fruit\u00e9es laissent une tra\u00een\u00e9e persistante et captivante, parfaite pour une femme qui d\u00e9sire une fragrance qui ne passe pas inaper\u00e7ue.<\/p>\n<p class=\"\" data-start=\"3866\" data-end=\"4158\">Le flacon de 100 ml, avec son design \u00e9l\u00e9gant et moderne, est le parfait symbole du style et de la qualit\u00e9 de <strong data-start=\"3975\" data-end=\"3994\">MAISON HERITAGE<\/strong>. <strong data-start=\"3996\" data-end=\"4009\">Tuileries Eau de Parfum Vapo 100ml\u00a0<\/strong> est le parfum id\u00e9al pour ceux qui recherchent une fragrance fra\u00eeche, florale et enveloppante, parfaite pour toutes les occasions, du jour \u00e0 la nuit.<\/p>\n<p data-start=\"1103\" data-end=\"1379\">Follow us! <a href=\"https:\/\/www.instagram.com\/freeshopswiss\/\" target=\"_blank\" rel=\"noopener\">@freeshopswiss<\/a><\/p>\n","protected":false},"excerpt":{"rendered":"<p><em><strong>Eau de Parfum<\/strong><\/em><\/p>\n","protected":false},"featured_media":28735,"comment_status":"open","ping_status":"closed","template":"","meta":[],"pwb-brand":[915],"product_brand":[],"product_cat":[87,109],"product_tag":[252,296,789,97],"class_list":{"0":"post-28739","1":"product","2":"type-product","3":"status-publish","4":"has-post-thumbnail","6":"pwb-brand-maison-heritage","7":"product_cat-parfums","8":"product_cat-pour-elle","9":"product_tag-eau-de-parfum-fr","10":"product_tag-femme","11":"product_tag-womens-fragrances-fr","12":"product_tag-parfums","14":"first","15":"outofstock","16":"sale","17":"taxable","18":"shipping-taxable","19":"purchasable","20":"product-type-simple"},"brands":[{"id":915,"name":"Maison Heritage","slug":"maison-heritage"}],"_links":{"self":[{"href":"https:\/\/www.freeshopfrontiera.ch\/fr\/wp-json\/wp\/v2\/product\/28739","targetHints":{"allow":["GET"]}}],"collection":[{"href":"https:\/\/www.freeshopfrontiera.ch\/fr\/wp-json\/wp\/v2\/product"}],"about":[{"href":"https:\/\/www.freeshopfrontiera.ch\/fr\/wp-json\/wp\/v2\/types\/product"}],"replies":[{"embeddable":true,"href":"https:\/\/www.freeshopfrontiera.ch\/fr\/wp-json\/wp\/v2\/comments?post=28739"}],"version-history":[{"count":3,"href":"https:\/\/www.freeshopfrontiera.ch\/fr\/wp-json\/wp\/v2\/product\/28739\/revisions"}],"predecessor-version":[{"id":28745,"href":"https:\/\/www.freeshopfrontiera.ch\/fr\/wp-json\/wp\/v2\/product\/28739\/revisions\/28745"}],"wp:featuredmedia":[{"embeddable":true,"href":"https:\/\/www.freeshopfrontiera.ch\/fr\/wp-json\/wp\/v2\/media\/28735"}],"wp:attachment":[{"href":"https:\/\/www.freeshopfrontiera.ch\/fr\/wp-json\/wp\/v2\/media?parent=28739"}],"wp:term":[{"taxonomy":"pwb-brand","embeddable":true,"href":"https:\/\/www.freeshopfrontiera.ch\/fr\/wp-json\/wp\/v2\/pwb-brand?post=28739"},{"taxonomy":"product_brand","embeddable":true,"href":"https:\/\/www.freeshopfrontiera.ch\/fr\/wp-json\/wp\/v2\/product_brand?post=28739"},{"taxonomy":"product_cat","embeddable":true,"href":"https:\/\/www.freeshopfrontiera.ch\/fr\/wp-json\/wp\/v2\/product_cat?post=28739"},{"taxonomy":"product_tag","embeddable":true,"href":"https:\/\/www.freeshopfrontiera.ch\/fr\/wp-json\/wp\/v2\/product_tag?post=28739"}],"curies":[{"name":"wp","href":"https:\/\/api.w.org\/{rel}","templated":true}]}}