{"id":28754,"date":"2025-04-28T15:04:13","date_gmt":"2025-04-28T15:04:13","guid":{"rendered":"https:\/\/www.freeshopfrontiera.ch\/shop\/valentino-born-in-roma-coral-fantasy\/"},"modified":"2025-05-28T08:00:29","modified_gmt":"2025-05-28T08:00:29","slug":"valentino-born-in-roma-coral-fantasy","status":"publish","type":"product","link":"https:\/\/www.freeshopfrontiera.ch\/fr\/shop\/valentino-born-in-roma-coral-fantasy\/","title":{"rendered":"VALENTINO Born in Roma Coral Fantasy 15ml"},"content":{"rendered":"<p class=\"\" data-start=\"3474\" data-end=\"3827\"><strong data-start=\"3474\" data-end=\"3545\">VALENTINO Born in Roma Coral Fantasy Uomo Eau de Toilette Vapo 15ml<\/strong> est un parfum qui c\u00e9l\u00e8bre l\u2019audace et le raffinement de la masculinit\u00e9 moderne. Avec une composition fruit\u00e9e, bois\u00e9e et orientale, ce parfum est parfait pour l&rsquo;homme qui souhaite une essence \u00e9nergique et distinctive, \u00e9voquant fra\u00eecheur et profondeur \u00e0 chaque instant de la journ\u00e9e.<\/p>\n<p class=\"\" data-start=\"3829\" data-end=\"3877\"><strong data-start=\"3829\" data-end=\"3850\">Type de fragrance<\/strong> : Fruit\u00e9, Bois\u00e9, Oriental.<\/p>\n<p class=\"\" data-start=\"3879\" data-end=\"4175\"><strong data-start=\"3879\" data-end=\"3896\">Notes de t\u00eate<\/strong> : Il s&rsquo;ouvre sur un m\u00e9lange vibrant et p\u00e9tillant de <strong data-start=\"3949\" data-end=\"3962\">bergamote<\/strong>, <strong data-start=\"3964\" data-end=\"3977\">cardamome<\/strong> et <strong data-start=\"3981\" data-end=\"3996\">pomme rouge<\/strong>, offrant un d\u00e9but frais, \u00e9nergique et fruit\u00e9. L&rsquo;agrume de la bergamote se marie avec la douceur de la pomme rouge, tandis que la cardamome ajoute une nuance \u00e9pic\u00e9e et intrigante.<\/p>\n<p class=\"\" data-start=\"4177\" data-end=\"4479\"><strong data-start=\"4177\" data-end=\"4194\">Notes de c\u0153ur<\/strong> : Au c\u0153ur de la fragrance, elle se d\u00e9veloppe avec un m\u00e9lange de <strong data-start=\"4259\" data-end=\"4279\">g\u00e9ranium Bourbon<\/strong>, <strong data-start=\"4281\" data-end=\"4292\">lavande<\/strong> et <strong data-start=\"4296\" data-end=\"4313\">sauge sclar\u00e9e<\/strong>, offrant un caract\u00e8re floral et aromatique, accompagn\u00e9 d&rsquo;une douceur naturelle et d&rsquo;une touche herbac\u00e9e. Ces notes enrichissent le parfum d\u2019\u00e9l\u00e9gance et de fra\u00eecheur.<\/p>\n<p class=\"\" data-start=\"4481\" data-end=\"4792\"><strong data-start=\"4481\" data-end=\"4498\">Notes de base<\/strong> : La base du parfum est d\u00e9finie par un m\u00e9lange enveloppant de <strong data-start=\"4561\" data-end=\"4582\">feuilles de tabac<\/strong> et de <strong data-start=\"4589\" data-end=\"4600\">v\u00e9tiver<\/strong>, apportant une profondeur bois\u00e9e et terreuse. Le v\u00e9tiver, avec son caract\u00e8re fum\u00e9 et l\u00e9g\u00e8rement herbac\u00e9, se marie parfaitement avec le tabac, laissant une tra\u00een\u00e9e persistante et sophistiqu\u00e9e.<\/p>\n<p class=\"\" data-start=\"4794\" data-end=\"5183\"><strong data-start=\"4794\" data-end=\"4855\">VALENTINO Born in Roma Coral Fantasy Uomo Eau de Toilette<\/strong> est id\u00e9al pour l&rsquo;homme \u00e0 la recherche d&rsquo;un parfum qui combine fra\u00eecheur, \u00e9l\u00e9gance et caract\u00e8re. Parfait pour toutes les occasions, ce parfum laisse une trace inoubliable de style et de masculinit\u00e9, apportant une sensation de fra\u00eecheur qui dure toute la journ\u00e9e. Le flacon de 15 ml est parfait pour l&#8217;emporter partout avec vous.<\/p>\n<p data-start=\"1350\" data-end=\"1748\">Follow us! <a href=\"https:\/\/www.instagram.com\/freeshopswiss\/\" target=\"_blank\" rel=\"noopener\">@freeshopswiss<\/a><\/p>\n","protected":false},"excerpt":{"rendered":"<p><em><strong>Eau de Prafum<\/strong><\/em><\/p>\n","protected":false},"featured_media":28750,"comment_status":"open","ping_status":"closed","template":"","meta":[],"pwb-brand":[298],"product_brand":[],"product_cat":[87,89],"product_tag":[252,296,1629,143],"class_list":{"0":"post-28754","1":"product","2":"type-product","3":"status-publish","4":"has-post-thumbnail","6":"pwb-brand-valentino","7":"product_cat-parfums","8":"product_cat-pour-lui","9":"product_tag-eau-de-parfum-fr","10":"product_tag-femme","11":"product_tag-mens-fragrances-fr","12":"product_tag-homme","14":"first","15":"outofstock","16":"sale","17":"taxable","18":"shipping-taxable","19":"purchasable","20":"product-type-simple"},"brands":[{"id":298,"name":"Valentino","slug":"valentino"}],"_links":{"self":[{"href":"https:\/\/www.freeshopfrontiera.ch\/fr\/wp-json\/wp\/v2\/product\/28754","targetHints":{"allow":["GET"]}}],"collection":[{"href":"https:\/\/www.freeshopfrontiera.ch\/fr\/wp-json\/wp\/v2\/product"}],"about":[{"href":"https:\/\/www.freeshopfrontiera.ch\/fr\/wp-json\/wp\/v2\/types\/product"}],"replies":[{"embeddable":true,"href":"https:\/\/www.freeshopfrontiera.ch\/fr\/wp-json\/wp\/v2\/comments?post=28754"}],"version-history":[{"count":2,"href":"https:\/\/www.freeshopfrontiera.ch\/fr\/wp-json\/wp\/v2\/product\/28754\/revisions"}],"predecessor-version":[{"id":31353,"href":"https:\/\/www.freeshopfrontiera.ch\/fr\/wp-json\/wp\/v2\/product\/28754\/revisions\/31353"}],"wp:featuredmedia":[{"embeddable":true,"href":"https:\/\/www.freeshopfrontiera.ch\/fr\/wp-json\/wp\/v2\/media\/28750"}],"wp:attachment":[{"href":"https:\/\/www.freeshopfrontiera.ch\/fr\/wp-json\/wp\/v2\/media?parent=28754"}],"wp:term":[{"taxonomy":"pwb-brand","embeddable":true,"href":"https:\/\/www.freeshopfrontiera.ch\/fr\/wp-json\/wp\/v2\/pwb-brand?post=28754"},{"taxonomy":"product_brand","embeddable":true,"href":"https:\/\/www.freeshopfrontiera.ch\/fr\/wp-json\/wp\/v2\/product_brand?post=28754"},{"taxonomy":"product_cat","embeddable":true,"href":"https:\/\/www.freeshopfrontiera.ch\/fr\/wp-json\/wp\/v2\/product_cat?post=28754"},{"taxonomy":"product_tag","embeddable":true,"href":"https:\/\/www.freeshopfrontiera.ch\/fr\/wp-json\/wp\/v2\/product_tag?post=28754"}],"curies":[{"name":"wp","href":"https:\/\/api.w.org\/{rel}","templated":true}]}}