{"id":28835,"date":"2025-04-29T08:09:00","date_gmt":"2025-04-29T08:09:00","guid":{"rendered":"https:\/\/www.freeshopfrontiera.ch\/shop\/rabanne-invictus-victory-elixir\/"},"modified":"2025-04-29T08:41:47","modified_gmt":"2025-04-29T08:41:47","slug":"rabanne-invictus-victory-elixir","status":"publish","type":"product","link":"https:\/\/www.freeshopfrontiera.ch\/fr\/shop\/rabanne-invictus-victory-elixir\/","title":{"rendered":"RABANNE Invictus Victory Elixir"},"content":{"rendered":"<p class=\"\" data-start=\"2874\" data-end=\"3125\"><strong data-start=\"2874\" data-end=\"2923\">RABANNE Invictus Victory Elixir Eau de Parfum<\/strong> est un parfum puissant, intense et charismatique. Con\u00e7u pour l\u2019homme qui ne renonce jamais et affronte chaque d\u00e9fi avec courage. Une signature audacieuse et s\u00e9duisante qui laisse une empreinte durable.<\/p>\n<p class=\"\" data-start=\"3127\" data-end=\"3308\">L\u2019ouverture est fra\u00eeche et \u00e9pic\u00e9e. Le poivre noir, la lavande et la cardamome composent des notes de t\u00eate vibrantes et aromatiques. Une entr\u00e9e pleine d\u2019\u00e9nergie qui \u00e9veille les sens.<\/p>\n<p class=\"\" data-start=\"3310\" data-end=\"3493\">Au c\u0153ur, le parfum devient plus profond et chaleureux. Le bois de patchouli et l\u2019encens offrent une sensualit\u00e9 myst\u00e9rieuse et magn\u00e9tique. Une combinaison irr\u00e9sistible, sans compromis.<\/p>\n<p class=\"\" data-start=\"3495\" data-end=\"3670\">Les notes de fond apportent force et intensit\u00e9. La f\u00e8ve tonka et l\u2019ambre laissent un sillage enveloppant et persistant. Chaque goutte respire la puissance et la d\u00e9termination.<\/p>\n<p class=\"\" data-start=\"3672\" data-end=\"3859\"><strong data-start=\"3672\" data-end=\"3690\">Victory Elixir<\/strong> est bien plus qu\u2019un parfum. C\u2019est une arme de s\u00e9duction, un \u00e9lan de confiance, une d\u00e9claration de force. Id\u00e9al pour le soir, parfait aussi en journ\u00e9e pour se d\u00e9marquer.<\/p>\n<p class=\"\" data-start=\"3861\" data-end=\"4059\">Le flacon reprend la forme embl\u00e9matique du troph\u00e9e Invictus, dans une version encore plus audacieuse. Teintes sombres, d\u00e9tails dor\u00e9s, design affirm\u00e9. Chaque \u00e9l\u00e9ment \u00e9voque la victoire et l\u2019ambition.<\/p>\n<p class=\"\" data-start=\"4061\" data-end=\"4255\"><strong data-start=\"4061\" data-end=\"4110\">RABANNE Invictus Victory Elixir Eau de Parfum<\/strong> est le choix id\u00e9al pour l\u2019homme moderne. D\u00e9termin\u00e9, \u00e9l\u00e9gant, irr\u00e9sistible. Un \u00e9lixir qui renforce le charisme et s\u00e9duit en toutes circonstances.<\/p>\n<p data-start=\"1304\" data-end=\"1499\">Follow us! <a href=\"https:\/\/www.instagram.com\/freeshopswiss\/\" target=\"_blank\" rel=\"noopener\">@freeshopswiss<\/a><\/p>\n","protected":false},"excerpt":{"rendered":"<p><em><strong data-start=\"155\" data-end=\"204\">Eau de Parfum<\/strong><\/em><\/p>\n","protected":false},"featured_media":28815,"comment_status":"open","ping_status":"closed","template":"","meta":[],"pwb-brand":[378],"product_brand":[],"product_cat":[87,89],"product_tag":[252,1629,143,97],"class_list":{"0":"post-28835","1":"product","2":"type-product","3":"status-publish","4":"has-post-thumbnail","6":"pwb-brand-rabanne","7":"product_cat-parfums","8":"product_cat-pour-lui","9":"product_tag-eau-de-parfum-fr","10":"product_tag-mens-fragrances-fr","11":"product_tag-homme","12":"product_tag-parfums","14":"first","15":"instock","16":"sale","17":"taxable","18":"shipping-taxable","19":"purchasable","20":"product-type-variable","21":"has-default-attributes"},"brands":[{"id":378,"name":"Rabanne","slug":"rabanne"}],"_links":{"self":[{"href":"https:\/\/www.freeshopfrontiera.ch\/fr\/wp-json\/wp\/v2\/product\/28835","targetHints":{"allow":["GET"]}}],"collection":[{"href":"https:\/\/www.freeshopfrontiera.ch\/fr\/wp-json\/wp\/v2\/product"}],"about":[{"href":"https:\/\/www.freeshopfrontiera.ch\/fr\/wp-json\/wp\/v2\/types\/product"}],"replies":[{"embeddable":true,"href":"https:\/\/www.freeshopfrontiera.ch\/fr\/wp-json\/wp\/v2\/comments?post=28835"}],"version-history":[{"count":3,"href":"https:\/\/www.freeshopfrontiera.ch\/fr\/wp-json\/wp\/v2\/product\/28835\/revisions"}],"predecessor-version":[{"id":28849,"href":"https:\/\/www.freeshopfrontiera.ch\/fr\/wp-json\/wp\/v2\/product\/28835\/revisions\/28849"}],"wp:featuredmedia":[{"embeddable":true,"href":"https:\/\/www.freeshopfrontiera.ch\/fr\/wp-json\/wp\/v2\/media\/28815"}],"wp:attachment":[{"href":"https:\/\/www.freeshopfrontiera.ch\/fr\/wp-json\/wp\/v2\/media?parent=28835"}],"wp:term":[{"taxonomy":"pwb-brand","embeddable":true,"href":"https:\/\/www.freeshopfrontiera.ch\/fr\/wp-json\/wp\/v2\/pwb-brand?post=28835"},{"taxonomy":"product_brand","embeddable":true,"href":"https:\/\/www.freeshopfrontiera.ch\/fr\/wp-json\/wp\/v2\/product_brand?post=28835"},{"taxonomy":"product_cat","embeddable":true,"href":"https:\/\/www.freeshopfrontiera.ch\/fr\/wp-json\/wp\/v2\/product_cat?post=28835"},{"taxonomy":"product_tag","embeddable":true,"href":"https:\/\/www.freeshopfrontiera.ch\/fr\/wp-json\/wp\/v2\/product_tag?post=28835"}],"curies":[{"name":"wp","href":"https:\/\/api.w.org\/{rel}","templated":true}]}}