{"id":28868,"date":"2025-04-29T10:43:16","date_gmt":"2025-04-29T10:43:16","guid":{"rendered":"https:\/\/www.freeshopfrontiera.ch\/shop\/mercedes-benz-sign-your-power-intense-100ml\/"},"modified":"2025-04-29T10:49:32","modified_gmt":"2025-04-29T10:49:32","slug":"mercedes-benz-sign-your-power-intense-100ml","status":"publish","type":"product","link":"https:\/\/www.freeshopfrontiera.ch\/fr\/shop\/mercedes-benz-sign-your-power-intense-100ml\/","title":{"rendered":"MERCEDES BENZ Sign Your Power Intense 100ml"},"content":{"rendered":"<p class=\"\" data-start=\"2960\" data-end=\"3210\"><strong data-start=\"2960\" data-end=\"3034\">MERCEDES BENZ Sign Your Power Eau de Parfum Intense Vaporisateur 100ml<\/strong> est un parfum charismatique et raffin\u00e9, con\u00e7u pour l\u2019homme moderne qui s\u2019impose avec \u00e9l\u00e9gance. Une fragrance intense et sophistiqu\u00e9e qui m\u00eale force et subtilit\u00e9 \u00e0 chaque note.<\/p>\n<p class=\"\" data-start=\"3212\" data-end=\"3406\">L\u2019ouverture est fra\u00eeche et lumineuse. Le bergamote et le poivre rose offrent un d\u00e9part \u00e9nergique et stimulant. Une touche d\u2019agrumes et d\u2019\u00e9pices qui attire l\u2019attention d\u00e8s les premi\u00e8res secondes.<\/p>\n<p class=\"\" data-start=\"3408\" data-end=\"3603\">Au c\u0153ur, le parfum s\u2019adoucit et se r\u00e9chauffe. La lavande et la f\u00e8ve tonka apportent une profondeur sensuelle et enveloppante. Une parfaite alliance entre douceur florale et intensit\u00e9 chaleureuse.<\/p>\n<p class=\"\" data-start=\"3605\" data-end=\"3757\">Les notes de fond d\u00e9voilent des bois ambr\u00e9s et du patchouli. Une trace persistante et enveloppante, synonyme d\u2019assurance, de charme et de d\u00e9termination.<\/p>\n<p class=\"\" data-start=\"3759\" data-end=\"3972\"><strong data-start=\"3759\" data-end=\"3778\">Sign Your Power<\/strong> est une d\u00e9claration olfactive. Il incarne la force tranquille, l\u2019\u00e9l\u00e9gance et la confiance de l\u2019homme Mercedes-Benz. Id\u00e9al pour les soir\u00e9es ou les occasions o\u00f9 l\u2019on souhaite marquer les esprits.<\/p>\n<p class=\"\" data-start=\"3974\" data-end=\"4165\">Le flacon est \u00e9l\u00e9gant et solide. Des lignes modernes, des finitions m\u00e9talliques et un design inspir\u00e9 de l\u2019univers automobile. Un objet qui refl\u00e8te l\u2019excellence et le raffinement de la marque.<\/p>\n<p class=\"\" data-start=\"4167\" data-end=\"4358\"><strong data-start=\"4167\" data-end=\"4222\">MERCEDES BENZ Sign Your Power Eau de Parfum Intense<\/strong> est un parfum pour ceux qui veulent se distinguer avec discr\u00e9tion. Une signature olfactive puissante, intense mais jamais envahissante.<\/p>\n<p data-start=\"1421\" data-end=\"1624\">Follow us! <a href=\"https:\/\/www.instagram.com\/freeshopswiss\/\" target=\"_blank\" rel=\"noopener\">@freeshopswiss<\/a><\/p>\n","protected":false},"excerpt":{"rendered":"<p><strong><em>Eau de Parfum<\/em><\/strong><\/p>\n","protected":false},"featured_media":28864,"comment_status":"open","ping_status":"closed","template":"","meta":[],"pwb-brand":[402],"product_brand":[],"product_cat":[87,89],"product_tag":[252,1629,143,97],"class_list":{"0":"post-28868","1":"product","2":"type-product","3":"status-publish","4":"has-post-thumbnail","6":"pwb-brand-mercedes-benz","7":"product_cat-parfums","8":"product_cat-pour-lui","9":"product_tag-eau-de-parfum-fr","10":"product_tag-mens-fragrances-fr","11":"product_tag-homme","12":"product_tag-parfums","14":"first","15":"instock","16":"sale","17":"taxable","18":"shipping-taxable","19":"purchasable","20":"product-type-simple"},"brands":[{"id":402,"name":"Mercedes Benz","slug":"mercedes-benz"}],"_links":{"self":[{"href":"https:\/\/www.freeshopfrontiera.ch\/fr\/wp-json\/wp\/v2\/product\/28868","targetHints":{"allow":["GET"]}}],"collection":[{"href":"https:\/\/www.freeshopfrontiera.ch\/fr\/wp-json\/wp\/v2\/product"}],"about":[{"href":"https:\/\/www.freeshopfrontiera.ch\/fr\/wp-json\/wp\/v2\/types\/product"}],"replies":[{"embeddable":true,"href":"https:\/\/www.freeshopfrontiera.ch\/fr\/wp-json\/wp\/v2\/comments?post=28868"}],"version-history":[{"count":2,"href":"https:\/\/www.freeshopfrontiera.ch\/fr\/wp-json\/wp\/v2\/product\/28868\/revisions"}],"predecessor-version":[{"id":28872,"href":"https:\/\/www.freeshopfrontiera.ch\/fr\/wp-json\/wp\/v2\/product\/28868\/revisions\/28872"}],"wp:featuredmedia":[{"embeddable":true,"href":"https:\/\/www.freeshopfrontiera.ch\/fr\/wp-json\/wp\/v2\/media\/28864"}],"wp:attachment":[{"href":"https:\/\/www.freeshopfrontiera.ch\/fr\/wp-json\/wp\/v2\/media?parent=28868"}],"wp:term":[{"taxonomy":"pwb-brand","embeddable":true,"href":"https:\/\/www.freeshopfrontiera.ch\/fr\/wp-json\/wp\/v2\/pwb-brand?post=28868"},{"taxonomy":"product_brand","embeddable":true,"href":"https:\/\/www.freeshopfrontiera.ch\/fr\/wp-json\/wp\/v2\/product_brand?post=28868"},{"taxonomy":"product_cat","embeddable":true,"href":"https:\/\/www.freeshopfrontiera.ch\/fr\/wp-json\/wp\/v2\/product_cat?post=28868"},{"taxonomy":"product_tag","embeddable":true,"href":"https:\/\/www.freeshopfrontiera.ch\/fr\/wp-json\/wp\/v2\/product_tag?post=28868"}],"curies":[{"name":"wp","href":"https:\/\/api.w.org\/{rel}","templated":true}]}}