{"id":28940,"date":"2025-04-29T13:00:07","date_gmt":"2025-04-29T13:00:07","guid":{"rendered":"https:\/\/www.freeshopfrontiera.ch\/shop\/rabanne-million-gold-elixir-parfum-intense\/"},"modified":"2025-04-29T13:07:18","modified_gmt":"2025-04-29T13:07:18","slug":"rabanne-million-gold-elixir-parfum-intense","status":"publish","type":"product","link":"https:\/\/www.freeshopfrontiera.ch\/fr\/shop\/rabanne-million-gold-elixir-parfum-intense\/","title":{"rendered":"RABANNE Million Gold Elixir Parfum Intense"},"content":{"rendered":"<p class=\"\" data-start=\"3084\" data-end=\"3370\"><strong data-start=\"3084\" data-end=\"3130\">RABANNE Million Gold Elixir Parfum Intense<\/strong> est une explosion d\u2019opulence. Un parfum audacieux, charismatique et magn\u00e9tique, con\u00e7u pour ceux qui veulent briller sans limites. La version la plus riche et intense de la ligne Million, cet \u00e9lixir dor\u00e9 s\u00e9duit d\u00e8s la premi\u00e8re vaporisation.<\/p>\n<p class=\"\" data-start=\"3372\" data-end=\"3569\">Le parfum s\u2019ouvre sur des notes sensuelles et enveloppantes. La lavande se m\u00eale \u00e0 la davana, offrant un d\u00e9part aromatique et l\u00e9g\u00e8rement liquoreux. Une introduction intrigante qui capte l\u2019attention.<\/p>\n<p class=\"\" data-start=\"3571\" data-end=\"3772\">En c\u0153ur, la fragrance se r\u00e9chauffe avec la vanille et le bois de c\u00e8dre. Les notes sucr\u00e9es et r\u00e9sineuses cr\u00e9ent un contraste \u00e9l\u00e9gant et luxueux. Un c\u0153ur puissant, empreint d\u2019intensit\u00e9 et de raffinement.<\/p>\n<p class=\"\" data-start=\"3774\" data-end=\"3956\">Le fond est opulent et tenace. L\u2019ambre et le musc se fondent avec une touche orientale pour laisser un sillage chaud et inoubliable. Une signature olfactive persistante et marquante.<\/p>\n<p class=\"\" data-start=\"3958\" data-end=\"4186\"><strong data-start=\"3958\" data-end=\"3981\">Million Gold Elixir<\/strong> est bien plus qu\u2019un parfum. C\u2019est une d\u00e9claration de puissance, d\u2019\u00e9l\u00e9gance et de d\u00e9sir. Parfait pour le soir, irr\u00e9sistible m\u00eame en journ\u00e9e \u2013 il est fait pour ceux qui aiment \u00eatre au centre de l\u2019attention.<\/p>\n<p class=\"\" data-start=\"4188\" data-end=\"4347\">Le flacon conserve la forme iconique de la ligne Million, habill\u00e9e ici d\u2019un dor\u00e9 profond et lumineux. Un flacon bijou, symbole de luxe, de force et de passion.<\/p>\n<p class=\"\" data-start=\"4349\" data-end=\"4539\"><strong data-start=\"4349\" data-end=\"4380\">RABANNE Million Gold Elixir<\/strong> est le parfum de ceux qui osent se d\u00e9marquer. Un \u00e9lixir dor\u00e9 et envo\u00fbtant, n\u00e9 pour s\u00e9duire et impressionner. Chaque vaporisation est un geste de pur charisme.<\/p>\n<p data-start=\"1476\" data-end=\"1665\">Follow us! <a href=\"https:\/\/www.instagram.com\/freeshopswiss\/\" target=\"_blank\" rel=\"noopener\">@freeshopswiss<\/a><\/p>\n","protected":false},"excerpt":{"rendered":"<p><strong><em>Parfum Intense<\/em><\/strong><\/p>\n","protected":false},"featured_media":28916,"comment_status":"open","ping_status":"closed","template":"","meta":[],"pwb-brand":[378],"product_brand":[],"product_cat":[87,89],"product_tag":[252,1629,143,97],"class_list":{"0":"post-28940","1":"product","2":"type-product","3":"status-publish","4":"has-post-thumbnail","6":"pwb-brand-rabanne","7":"product_cat-parfums","8":"product_cat-pour-lui","9":"product_tag-eau-de-parfum-fr","10":"product_tag-mens-fragrances-fr","11":"product_tag-homme","12":"product_tag-parfums","14":"first","15":"instock","16":"sale","17":"taxable","18":"shipping-taxable","19":"purchasable","20":"product-type-variable","21":"has-default-attributes"},"brands":[{"id":378,"name":"Rabanne","slug":"rabanne"}],"_links":{"self":[{"href":"https:\/\/www.freeshopfrontiera.ch\/fr\/wp-json\/wp\/v2\/product\/28940","targetHints":{"allow":["GET"]}}],"collection":[{"href":"https:\/\/www.freeshopfrontiera.ch\/fr\/wp-json\/wp\/v2\/product"}],"about":[{"href":"https:\/\/www.freeshopfrontiera.ch\/fr\/wp-json\/wp\/v2\/types\/product"}],"replies":[{"embeddable":true,"href":"https:\/\/www.freeshopfrontiera.ch\/fr\/wp-json\/wp\/v2\/comments?post=28940"}],"version-history":[{"count":2,"href":"https:\/\/www.freeshopfrontiera.ch\/fr\/wp-json\/wp\/v2\/product\/28940\/revisions"}],"predecessor-version":[{"id":28949,"href":"https:\/\/www.freeshopfrontiera.ch\/fr\/wp-json\/wp\/v2\/product\/28940\/revisions\/28949"}],"wp:featuredmedia":[{"embeddable":true,"href":"https:\/\/www.freeshopfrontiera.ch\/fr\/wp-json\/wp\/v2\/media\/28916"}],"wp:attachment":[{"href":"https:\/\/www.freeshopfrontiera.ch\/fr\/wp-json\/wp\/v2\/media?parent=28940"}],"wp:term":[{"taxonomy":"pwb-brand","embeddable":true,"href":"https:\/\/www.freeshopfrontiera.ch\/fr\/wp-json\/wp\/v2\/pwb-brand?post=28940"},{"taxonomy":"product_brand","embeddable":true,"href":"https:\/\/www.freeshopfrontiera.ch\/fr\/wp-json\/wp\/v2\/product_brand?post=28940"},{"taxonomy":"product_cat","embeddable":true,"href":"https:\/\/www.freeshopfrontiera.ch\/fr\/wp-json\/wp\/v2\/product_cat?post=28940"},{"taxonomy":"product_tag","embeddable":true,"href":"https:\/\/www.freeshopfrontiera.ch\/fr\/wp-json\/wp\/v2\/product_tag?post=28940"}],"curies":[{"name":"wp","href":"https:\/\/api.w.org\/{rel}","templated":true}]}}