{"id":29000,"date":"2025-04-29T14:30:53","date_gmt":"2025-04-29T14:30:53","guid":{"rendered":"https:\/\/www.freeshopfrontiera.ch\/shop\/shiseido-vital-perfection-uplifting\/"},"modified":"2025-04-29T14:54:49","modified_gmt":"2025-04-29T14:54:49","slug":"shiseido-vital-perfection-uplifting","status":"publish","type":"product","link":"https:\/\/www.freeshopfrontiera.ch\/fr\/shop\/shiseido-vital-perfection-uplifting\/","title":{"rendered":"SHISEIDO Vital Perfection Cream Soft 50ml"},"content":{"rendered":"<p class=\"\" data-start=\"2928\" data-end=\"3233\"><strong data-start=\"2928\" data-end=\"3004\">SHISEIDO Vital Perfection Uplifting and Firming Advanced Cream Soft 50ml<\/strong> est une cr\u00e8me anti-\u00e2ge avanc\u00e9e qui aide \u00e0 raffermir, lisser et illuminer la peau. Sa texture l\u00e9g\u00e8re et soyeuse est id\u00e9ale pour celles et ceux qui recherchent un soin efficace mais confortable, adapt\u00e9 aux peaux normales \u00e0 mixtes.<\/p>\n<p class=\"\" data-start=\"3235\" data-end=\"3542\">Gr\u00e2ce \u00e0 la <strong data-start=\"3246\" data-end=\"3272\">technologie ReNeura++\u2122<\/strong> et au <strong data-start=\"3279\" data-end=\"3307\">complexe KURENAI-TruLift<\/strong>, la cr\u00e8me soutient les fonctions naturelles de la peau pour am\u00e9liorer son \u00e9lasticit\u00e9 et sa fermet\u00e9. Jour apr\u00e8s jour, les contours du visage sont plus nets, les rides visiblement r\u00e9duites, et le teint devient plus uniforme et lumineux.<\/p>\n<p class=\"\" data-start=\"3544\" data-end=\"3802\">Sa formule contient \u00e9galement de <strong data-start=\"3577\" data-end=\"3602\">l\u2019extrait de carthame<\/strong>, reconnu pour ses propri\u00e9t\u00e9s antioxydantes et r\u00e9g\u00e9n\u00e9rantes, qui aide \u00e0 renforcer la peau et \u00e0 lutter contre les signes de fatigue. R\u00e9sultat : une peau visiblement plus lisse, plus ferme et \u00e9clatante.<\/p>\n<p class=\"\" data-start=\"3804\" data-end=\"3962\">Sa texture douce p\u00e9n\u00e8tre rapidement, laissant la peau fra\u00eeche et hydrat\u00e9e, sans fini gras. Id\u00e9ale pour une utilisation matin et soir, m\u00eame sous le maquillage.<\/p>\n<p class=\"\" data-start=\"3964\" data-end=\"4195\"><strong data-start=\"3964\" data-end=\"4004\">SHISEIDO Vital Perfection Cream Soft<\/strong> est le soin parfait pour celles et ceux qui souhaitent combattre les signes de l\u2019\u00e2ge avec douceur et efficacit\u00e9. En quelques semaines, la peau retrouve tonus, \u00e9clat et un effet lift visible.<\/p>\n<p class=\"\" data-start=\"4197\" data-end=\"4302\">Test\u00e9e dermatologiquement. Convient \u00e0 tous les types de peau, en particulier les peaux normales \u00e0 mixtes.<\/p>\n<p data-start=\"1504\" data-end=\"1598\">Follow us! <a href=\"https:\/\/www.instagram.com\/freeshopswiss\/\" target=\"_blank\" rel=\"noopener\">@freeshopswiss<\/a><\/p>\n","protected":false},"excerpt":{"rendered":"<p>SHISEIDO Vital Perfection Uplifting and Firming Advanced Cream Soft 50ml est une cr\u00e8me anti-\u00e2ge avanc\u00e9e qui aide \u00e0 raffermir, lisser et illuminer la peau. Sa texture l\u00e9g\u00e8re et soyeuse est id\u00e9ale pour celles et ceux qui recherchent un soin efficace mais confortable, adapt\u00e9 aux peaux normales \u00e0 mixtes. Gr\u00e2ce \u00e0 la technologie ReNeura++\u2122 et au [&hellip;]<\/p>\n","protected":false},"featured_media":28992,"comment_status":"open","ping_status":"closed","template":"","meta":[],"pwb-brand":[312],"product_brand":[],"product_cat":[109,295,545],"product_tag":[5050,143,417,301],"class_list":{"0":"post-29000","1":"product","2":"type-product","3":"status-publish","4":"has-post-thumbnail","6":"pwb-brand-shiseido","7":"product_cat-pour-elle","8":"product_cat-traitements","9":"product_cat-soin-du-visage","10":"product_tag-fete-des-meres","11":"product_tag-homme","12":"product_tag-soins-fr","13":"product_tag-soins-du-visage","15":"first","16":"instock","17":"sale","18":"taxable","19":"shipping-taxable","20":"purchasable","21":"product-type-simple"},"brands":[{"id":312,"name":"Shiseido","slug":"shiseido"}],"_links":{"self":[{"href":"https:\/\/www.freeshopfrontiera.ch\/fr\/wp-json\/wp\/v2\/product\/29000","targetHints":{"allow":["GET"]}}],"collection":[{"href":"https:\/\/www.freeshopfrontiera.ch\/fr\/wp-json\/wp\/v2\/product"}],"about":[{"href":"https:\/\/www.freeshopfrontiera.ch\/fr\/wp-json\/wp\/v2\/types\/product"}],"replies":[{"embeddable":true,"href":"https:\/\/www.freeshopfrontiera.ch\/fr\/wp-json\/wp\/v2\/comments?post=29000"}],"version-history":[{"count":2,"href":"https:\/\/www.freeshopfrontiera.ch\/fr\/wp-json\/wp\/v2\/product\/29000\/revisions"}],"predecessor-version":[{"id":29007,"href":"https:\/\/www.freeshopfrontiera.ch\/fr\/wp-json\/wp\/v2\/product\/29000\/revisions\/29007"}],"wp:featuredmedia":[{"embeddable":true,"href":"https:\/\/www.freeshopfrontiera.ch\/fr\/wp-json\/wp\/v2\/media\/28992"}],"wp:attachment":[{"href":"https:\/\/www.freeshopfrontiera.ch\/fr\/wp-json\/wp\/v2\/media?parent=29000"}],"wp:term":[{"taxonomy":"pwb-brand","embeddable":true,"href":"https:\/\/www.freeshopfrontiera.ch\/fr\/wp-json\/wp\/v2\/pwb-brand?post=29000"},{"taxonomy":"product_brand","embeddable":true,"href":"https:\/\/www.freeshopfrontiera.ch\/fr\/wp-json\/wp\/v2\/product_brand?post=29000"},{"taxonomy":"product_cat","embeddable":true,"href":"https:\/\/www.freeshopfrontiera.ch\/fr\/wp-json\/wp\/v2\/product_cat?post=29000"},{"taxonomy":"product_tag","embeddable":true,"href":"https:\/\/www.freeshopfrontiera.ch\/fr\/wp-json\/wp\/v2\/product_tag?post=29000"}],"curies":[{"name":"wp","href":"https:\/\/api.w.org\/{rel}","templated":true}]}}