{"id":29037,"date":"2025-04-29T15:39:01","date_gmt":"2025-04-29T15:39:01","guid":{"rendered":"https:\/\/www.freeshopfrontiera.ch\/shop\/olaplex-n-5p-blond-enhancer-conditioner-250ml\/"},"modified":"2025-04-29T15:59:16","modified_gmt":"2025-04-29T15:59:16","slug":"olaplex-n-5p-blond-enhancer-conditioner-250ml","status":"publish","type":"product","link":"https:\/\/www.freeshopfrontiera.ch\/fr\/shop\/olaplex-n-5p-blond-enhancer-conditioner-250ml\/","title":{"rendered":"OLAPLEX N. 5P Blond Enhancer Conditioner 250ml"},"content":{"rendered":"<p class=\"\" data-start=\"2843\" data-end=\"3144\"><strong data-start=\"2843\" data-end=\"2892\">OLAPLEX N.5P Blond Enhancer Conditioner 250ml<\/strong> est un apr\u00e8s-shampoing tonifiant et nourrissant con\u00e7u pour les cheveux blonds, d\u00e9color\u00e9s ou gris. Gr\u00e2ce \u00e0 la technologie brevet\u00e9e OLAPLEX Bond Building, il r\u00e9pare les liaisons capillaires endommag\u00e9es, pour des cheveux plus forts et en meilleure sant\u00e9.<\/p>\n<p class=\"\" data-start=\"3146\" data-end=\"3394\">Sa formule pigment\u00e9e violette neutralise les reflets jaunes ou cuivr\u00e9s ind\u00e9sirables, tout en ravivant la couleur et en apportant de la brillance. Parfait pour entretenir un blond froid, un gris \u00e9l\u00e9gant ou un platine lumineux entre deux colorations.<\/p>\n<p class=\"\" data-start=\"3396\" data-end=\"3590\">Sa texture riche mais l\u00e9g\u00e8re hydrate en profondeur, d\u00e9m\u00eale et adoucit les cheveux, qui deviennent plus souples et soyeux au toucher. Le r\u00e9sultat : une chevelure lumineuse, uniforme et \u00e9clatante.<\/p>\n<p class=\"\" data-start=\"3592\" data-end=\"3761\"><strong data-start=\"3592\" data-end=\"3608\">OLAPLEX N.5P<\/strong> est sans sulfates, parab\u00e8nes ni phtalates. Il est vegan, non test\u00e9 sur les animaux et convient aux cheveux trait\u00e9s chimiquement, m\u00eame en usage fr\u00e9quent.<\/p>\n<p class=\"\" data-start=\"3763\" data-end=\"3962\"><strong data-start=\"3763\" data-end=\"3789\">Conseils d\u2019utilisation<\/strong> : Apr\u00e8s le shampoing, appliquer sur cheveux humides, des mi-longueurs jusqu\u2019aux pointes. Laisser poser 1 \u00e0 5 minutes selon l\u2019intensit\u00e9 de ton souhait\u00e9e. Rincer abondamment.<\/p>\n<p class=\"\" data-start=\"3964\" data-end=\"4099\">\u00c0 utiliser avec le shampoing OLAPLEX N.4P pour une routine compl\u00e8te qui sublime les cheveux blonds ou gris d\u00e8s la premi\u00e8re application.<\/p>\n<p class=\"\" data-start=\"4101\" data-end=\"4194\">Son format <strong data-start=\"4112\" data-end=\"4121\">250ml<\/strong> permet d\u2019obtenir des r\u00e9sultats professionnels \u00e0 la maison, au quotidien.<\/p>\n<p data-start=\"1430\" data-end=\"1582\">Follow us!\u00a0<a href=\"https:\/\/www.instagram.com\/freeshopswiss\/\" target=\"_blank\" rel=\"noopener\">@freeshopswiss<\/a><\/p>\n","protected":false},"excerpt":{"rendered":"<p>OLAPLEX N.5P Blond Enhancer Conditioner 250ml est un apr\u00e8s-shampoing tonifiant et nourrissant con\u00e7u pour les cheveux blonds, d\u00e9color\u00e9s ou gris. Gr\u00e2ce \u00e0 la technologie brevet\u00e9e OLAPLEX Bond Building, il r\u00e9pare les liaisons capillaires endommag\u00e9es, pour des cheveux plus forts et en meilleure sant\u00e9. Sa formule pigment\u00e9e violette neutralise les reflets jaunes ou cuivr\u00e9s ind\u00e9sirables, tout [&hellip;]<\/p>\n","protected":false},"featured_media":29029,"comment_status":"open","ping_status":"closed","template":"","meta":[],"pwb-brand":[412],"product_brand":[],"product_cat":[109,295,542],"product_tag":[296,417,418],"class_list":{"0":"post-29037","1":"product","2":"type-product","3":"status-publish","4":"has-post-thumbnail","6":"pwb-brand-olaplex","7":"product_cat-pour-elle","8":"product_cat-traitements","9":"product_cat-soin-capillaire","10":"product_tag-femme","11":"product_tag-soins-fr","12":"product_tag-soins-capillaires-fr","14":"first","15":"instock","16":"taxable","17":"shipping-taxable","18":"purchasable","19":"product-type-simple"},"brands":[{"id":412,"name":"Olaplex","slug":"olaplex"}],"_links":{"self":[{"href":"https:\/\/www.freeshopfrontiera.ch\/fr\/wp-json\/wp\/v2\/product\/29037","targetHints":{"allow":["GET"]}}],"collection":[{"href":"https:\/\/www.freeshopfrontiera.ch\/fr\/wp-json\/wp\/v2\/product"}],"about":[{"href":"https:\/\/www.freeshopfrontiera.ch\/fr\/wp-json\/wp\/v2\/types\/product"}],"replies":[{"embeddable":true,"href":"https:\/\/www.freeshopfrontiera.ch\/fr\/wp-json\/wp\/v2\/comments?post=29037"}],"version-history":[{"count":2,"href":"https:\/\/www.freeshopfrontiera.ch\/fr\/wp-json\/wp\/v2\/product\/29037\/revisions"}],"predecessor-version":[{"id":29043,"href":"https:\/\/www.freeshopfrontiera.ch\/fr\/wp-json\/wp\/v2\/product\/29037\/revisions\/29043"}],"wp:featuredmedia":[{"embeddable":true,"href":"https:\/\/www.freeshopfrontiera.ch\/fr\/wp-json\/wp\/v2\/media\/29029"}],"wp:attachment":[{"href":"https:\/\/www.freeshopfrontiera.ch\/fr\/wp-json\/wp\/v2\/media?parent=29037"}],"wp:term":[{"taxonomy":"pwb-brand","embeddable":true,"href":"https:\/\/www.freeshopfrontiera.ch\/fr\/wp-json\/wp\/v2\/pwb-brand?post=29037"},{"taxonomy":"product_brand","embeddable":true,"href":"https:\/\/www.freeshopfrontiera.ch\/fr\/wp-json\/wp\/v2\/product_brand?post=29037"},{"taxonomy":"product_cat","embeddable":true,"href":"https:\/\/www.freeshopfrontiera.ch\/fr\/wp-json\/wp\/v2\/product_cat?post=29037"},{"taxonomy":"product_tag","embeddable":true,"href":"https:\/\/www.freeshopfrontiera.ch\/fr\/wp-json\/wp\/v2\/product_tag?post=29037"}],"curies":[{"name":"wp","href":"https:\/\/api.w.org\/{rel}","templated":true}]}}