{"id":29102,"date":"2025-04-30T08:09:26","date_gmt":"2025-04-30T08:09:26","guid":{"rendered":"https:\/\/www.freeshopfrontiera.ch\/shop\/skin1004-water-fit-sun-serum-spf50-50ml\/"},"modified":"2025-12-15T10:42:56","modified_gmt":"2025-12-15T10:42:56","slug":"skin1004-water-fit-sun-serum-spf50-50ml","status":"publish","type":"product","link":"https:\/\/www.freeshopfrontiera.ch\/fr\/shop\/skin1004-water-fit-sun-serum-spf50-50ml\/","title":{"rendered":"SKIN1004 Water-Fit Sun Serum SPF50+ 50ml"},"content":{"rendered":"<p class=\"\" data-start=\"1546\" data-end=\"1766\">Prot\u00e9gez et hydratez votre peau chaque jour avec le <strong data-start=\"1598\" data-end=\"1672\">S\u00e9rum Solaire SKIN1004 Madagascar Centella Hyalu-Cica Water-Fit SPF50+<\/strong>. Ce soin solaire pour le visage associe une haute protection \u00e0 une formule l\u00e9g\u00e8re et fra\u00eeche.<\/p>\n<p class=\"\" data-start=\"1768\" data-end=\"1967\">Sa texture de type s\u00e9rum est ultra fluide, aqueuse et p\u00e9n\u00e8tre en quelques secondes. Il ne laisse aucun r\u00e9sidu blanc, ne colle pas et ne graisse pas. Parfait pour une protection invisible et agr\u00e9able.<\/p>\n<p class=\"\" data-start=\"1969\" data-end=\"2249\">Contient de la <strong data-start=\"1984\" data-end=\"2019\">Centella Asiatica de Madagascar<\/strong>, reconnue pour ses propri\u00e9t\u00e9s apaisantes et r\u00e9paratrices. Elle calme les peaux sensibles et renforce la barri\u00e8re cutan\u00e9e. Le complexe <strong data-start=\"2154\" data-end=\"2168\">Hyalu-Cica<\/strong> associe acide hyaluronique et centella pour une hydratation profonde et durable.<\/p>\n<p class=\"\" data-start=\"2251\" data-end=\"2465\">Avec un <strong data-start=\"2259\" data-end=\"2269\">SPF50+<\/strong>, il prot\u00e8ge la peau des rayons UVA et UVB, responsables du vieillissement pr\u00e9matur\u00e9 et des dommages caus\u00e9s par le soleil. Convient \u00e0 tous les types de peau, m\u00eame sensibles ou \u00e0 tendance acn\u00e9ique.<\/p>\n<p class=\"\" data-start=\"2467\" data-end=\"2653\">Sans parfum, sans alcool et sans huiles min\u00e9rales. Test\u00e9 dermatologiquement et non test\u00e9 sur les animaux. Id\u00e9al aussi comme base de maquillage \u2013 la peau est lisse, hydrat\u00e9e et \u00e9clatante.<\/p>\n<p class=\"\" data-start=\"2655\" data-end=\"2719\">Le flacon de <strong data-start=\"2668\" data-end=\"2677\">50 ml<\/strong> est pratique, l\u00e9ger et facile \u00e0 emporter.<\/p>\n<p class=\"\" data-start=\"2721\" data-end=\"2879\"><strong data-start=\"2721\" data-end=\"2733\">SKIN1004<\/strong> est une marque cor\u00e9enne r\u00e9put\u00e9e pour ses formules pures, douces et efficaces. Ce s\u00e9rum solaire est un \u00e9quilibre parfait entre protection et soin.<\/p>\n<p class=\"\" data-start=\"2881\" data-end=\"3016\">Pour une peau prot\u00e9g\u00e9e, hydrat\u00e9e et en bonne sant\u00e9, adoptez ce s\u00e9rum solaire visage. Bien plus qu\u2019un simple SPF : un vrai soin complet.<\/p>\n<p data-start=\"1433\" data-end=\"1593\">Follow us!\u00a0<a href=\"https:\/\/www.instagram.com\/freeshopswiss\/\" target=\"_blank\" rel=\"noopener\">@freeshopswiss<\/a><\/p>\n","protected":false},"excerpt":{"rendered":"<p>Prot\u00e9gez et hydratez votre peau chaque jour avec le S\u00e9rum Solaire SKIN1004 Madagascar Centella Hyalu-Cica Water-Fit SPF50+. Ce soin solaire pour le visage associe une haute protection \u00e0 une formule l\u00e9g\u00e8re et fra\u00eeche. Sa texture de type s\u00e9rum est ultra fluide, aqueuse et p\u00e9n\u00e8tre en quelques secondes. Il ne laisse aucun r\u00e9sidu blanc, ne colle [&hellip;]<\/p>\n","protected":false},"featured_media":29088,"comment_status":"open","ping_status":"closed","template":"","meta":[],"pwb-brand":[985],"product_brand":[],"product_cat":[109,295,3768,545],"product_tag":[553,493,4348,3611,417,301,4367],"class_list":{"0":"post-29102","1":"product","2":"type-product","3":"status-publish","4":"has-post-thumbnail","6":"pwb-brand-skin-1004","7":"product_cat-pour-elle","8":"product_cat-traitements","9":"product_cat-k-beauty-fr","10":"product_cat-soin-du-visage","11":"product_tag-creme-solaire","12":"product_tag-ecrans-solaires","13":"product_tag-fete-des-femmes","14":"product_tag-k-beauty-fr","15":"product_tag-soins-fr","16":"product_tag-soins-du-visage","17":"product_tag-special-printemps","19":"first","20":"instock","21":"sale","22":"taxable","23":"shipping-taxable","24":"purchasable","25":"product-type-simple"},"brands":[{"id":985,"name":"Skin 1004","slug":"skin-1004"}],"_links":{"self":[{"href":"https:\/\/www.freeshopfrontiera.ch\/fr\/wp-json\/wp\/v2\/product\/29102","targetHints":{"allow":["GET"]}}],"collection":[{"href":"https:\/\/www.freeshopfrontiera.ch\/fr\/wp-json\/wp\/v2\/product"}],"about":[{"href":"https:\/\/www.freeshopfrontiera.ch\/fr\/wp-json\/wp\/v2\/types\/product"}],"replies":[{"embeddable":true,"href":"https:\/\/www.freeshopfrontiera.ch\/fr\/wp-json\/wp\/v2\/comments?post=29102"}],"version-history":[{"count":1,"href":"https:\/\/www.freeshopfrontiera.ch\/fr\/wp-json\/wp\/v2\/product\/29102\/revisions"}],"predecessor-version":[{"id":29105,"href":"https:\/\/www.freeshopfrontiera.ch\/fr\/wp-json\/wp\/v2\/product\/29102\/revisions\/29105"}],"wp:featuredmedia":[{"embeddable":true,"href":"https:\/\/www.freeshopfrontiera.ch\/fr\/wp-json\/wp\/v2\/media\/29088"}],"wp:attachment":[{"href":"https:\/\/www.freeshopfrontiera.ch\/fr\/wp-json\/wp\/v2\/media?parent=29102"}],"wp:term":[{"taxonomy":"pwb-brand","embeddable":true,"href":"https:\/\/www.freeshopfrontiera.ch\/fr\/wp-json\/wp\/v2\/pwb-brand?post=29102"},{"taxonomy":"product_brand","embeddable":true,"href":"https:\/\/www.freeshopfrontiera.ch\/fr\/wp-json\/wp\/v2\/product_brand?post=29102"},{"taxonomy":"product_cat","embeddable":true,"href":"https:\/\/www.freeshopfrontiera.ch\/fr\/wp-json\/wp\/v2\/product_cat?post=29102"},{"taxonomy":"product_tag","embeddable":true,"href":"https:\/\/www.freeshopfrontiera.ch\/fr\/wp-json\/wp\/v2\/product_tag?post=29102"}],"curies":[{"name":"wp","href":"https:\/\/api.w.org\/{rel}","templated":true}]}}