{"id":29251,"date":"2025-04-30T13:31:30","date_gmt":"2025-04-30T13:31:30","guid":{"rendered":"https:\/\/www.freeshopfrontiera.ch\/shop\/giorgio-armani-acqua-di-gio-homme-profondo-15ml\/"},"modified":"2025-04-30T13:43:55","modified_gmt":"2025-04-30T13:43:55","slug":"giorgio-armani-acqua-di-gio-homme-profondo-15ml","status":"publish","type":"product","link":"https:\/\/www.freeshopfrontiera.ch\/fr\/shop\/giorgio-armani-acqua-di-gio-homme-profondo-15ml\/","title":{"rendered":"GIORGIO ARMANI Acqua di Gio&rsquo; Homme Profondo 15ml"},"content":{"rendered":"<p class=\"\" data-start=\"1480\" data-end=\"1679\">D\u00e9couvrez la profondeur de l\u2019\u00e9l\u00e9gance masculine avec <strong data-start=\"1533\" data-end=\"1565\">Acqua di Gi\u00f2 Profondo Parfum<\/strong> de <strong data-start=\"1569\" data-end=\"1587\">Giorgio Armani<\/strong> \u2013 un parfum intense et raffin\u00e9 qui \u00e9voque la puissance des \u00e9l\u00e9ments et la libert\u00e9 de l\u2019\u00e2me.<\/p>\n<p class=\"\" data-start=\"1681\" data-end=\"1941\">Cette version <strong data-start=\"1695\" data-end=\"1705\">Parfum<\/strong> du c\u00e9l\u00e8bre Acqua di Gi\u00f2 c\u00e9l\u00e8bre le lien entre l\u2019homme et la mer, entre le souffle et la profondeur. D\u00e8s les premi\u00e8res notes, la fra\u00eecheur marine se m\u00eale au <strong data-start=\"1862\" data-end=\"1875\">bergamote<\/strong> et \u00e0 la <strong data-start=\"1884\" data-end=\"1903\">mandarine verte<\/strong>, pour une ouverture pure et vibrante.<\/p>\n<p class=\"\" data-start=\"1943\" data-end=\"2243\">En c\u0153ur, les notes aromatiques de <strong data-start=\"1977\" data-end=\"2018\">romarin, lavande, cypr\u00e8s et lentisque<\/strong> offrent une sensation naturelle, fra\u00eeche et virile. Le fond r\u00e9v\u00e8le des accords chauds et enveloppants de <strong data-start=\"2124\" data-end=\"2162\">patchouli, ambre et muscs min\u00e9raux<\/strong>, pour une profondeur sensuelle et une tenue longue dur\u00e9e sans \u00eatre envahissante.<\/p>\n<p class=\"\" data-start=\"2245\" data-end=\"2414\"><strong data-start=\"2245\" data-end=\"2277\">Acqua di Gi\u00f2 Profondo Parfum<\/strong> s\u2019adresse \u00e0 l\u2019homme moderne \u2013 \u00e9l\u00e9gant, authentique, en harmonie avec la nature. Un parfum polyvalent, id\u00e9al \u00e0 tout moment de la journ\u00e9e.<\/p>\n<p class=\"\" data-start=\"2416\" data-end=\"2601\">Le format <strong data-start=\"2426\" data-end=\"2435\">15 ml<\/strong> est parfait pour emporter son parfum pr\u00e9f\u00e9r\u00e9 partout avec soi. Compact, pratique et \u00e9l\u00e9gant, il se glisse facilement dans une poche, un sac ou une trousse de voyage.<\/p>\n<p class=\"\" data-start=\"2603\" data-end=\"2802\"><strong data-start=\"2603\" data-end=\"2628\">Acqua di Gi\u00f2 Profondo<\/strong>, ce n\u2019est pas juste un parfum. C\u2019est une exp\u00e9rience sensorielle, une plong\u00e9e dans les \u00e9motions les plus sinc\u00e8res \u2013 un retour \u00e0 l\u2019essentiel, au souffle profond de la libert\u00e9.<\/p>\n<p data-start=\"1430\" data-end=\"1611\">Follow us! <a href=\"https:\/\/www.instagram.com\/freeshopswiss\/\" target=\"_blank\" rel=\"noopener\">@freeshopswiss<\/a><\/p>\n","protected":false},"excerpt":{"rendered":"<p><em><strong>Eau de Parfum<\/strong><\/em><\/p>\n","protected":false},"featured_media":31321,"comment_status":"open","ping_status":"closed","template":"","meta":[],"pwb-brand":[263],"product_brand":[],"product_cat":[87,89],"product_tag":[252,1629,143,97],"class_list":{"0":"post-29251","1":"product","2":"type-product","3":"status-publish","4":"has-post-thumbnail","6":"pwb-brand-giorgio-armani","7":"product_cat-parfums","8":"product_cat-pour-lui","9":"product_tag-eau-de-parfum-fr","10":"product_tag-mens-fragrances-fr","11":"product_tag-homme","12":"product_tag-parfums","14":"first","15":"outofstock","16":"sale","17":"taxable","18":"shipping-taxable","19":"purchasable","20":"product-type-simple"},"brands":[{"id":263,"name":"Giorgio Armani","slug":"giorgio-armani"}],"_links":{"self":[{"href":"https:\/\/www.freeshopfrontiera.ch\/fr\/wp-json\/wp\/v2\/product\/29251","targetHints":{"allow":["GET"]}}],"collection":[{"href":"https:\/\/www.freeshopfrontiera.ch\/fr\/wp-json\/wp\/v2\/product"}],"about":[{"href":"https:\/\/www.freeshopfrontiera.ch\/fr\/wp-json\/wp\/v2\/types\/product"}],"replies":[{"embeddable":true,"href":"https:\/\/www.freeshopfrontiera.ch\/fr\/wp-json\/wp\/v2\/comments?post=29251"}],"version-history":[{"count":4,"href":"https:\/\/www.freeshopfrontiera.ch\/fr\/wp-json\/wp\/v2\/product\/29251\/revisions"}],"predecessor-version":[{"id":29262,"href":"https:\/\/www.freeshopfrontiera.ch\/fr\/wp-json\/wp\/v2\/product\/29251\/revisions\/29262"}],"wp:featuredmedia":[{"embeddable":true,"href":"https:\/\/www.freeshopfrontiera.ch\/fr\/wp-json\/wp\/v2\/media\/31321"}],"wp:attachment":[{"href":"https:\/\/www.freeshopfrontiera.ch\/fr\/wp-json\/wp\/v2\/media?parent=29251"}],"wp:term":[{"taxonomy":"pwb-brand","embeddable":true,"href":"https:\/\/www.freeshopfrontiera.ch\/fr\/wp-json\/wp\/v2\/pwb-brand?post=29251"},{"taxonomy":"product_brand","embeddable":true,"href":"https:\/\/www.freeshopfrontiera.ch\/fr\/wp-json\/wp\/v2\/product_brand?post=29251"},{"taxonomy":"product_cat","embeddable":true,"href":"https:\/\/www.freeshopfrontiera.ch\/fr\/wp-json\/wp\/v2\/product_cat?post=29251"},{"taxonomy":"product_tag","embeddable":true,"href":"https:\/\/www.freeshopfrontiera.ch\/fr\/wp-json\/wp\/v2\/product_tag?post=29251"}],"curies":[{"name":"wp","href":"https:\/\/api.w.org\/{rel}","templated":true}]}}