{"id":29281,"date":"2025-04-30T14:17:05","date_gmt":"2025-04-30T14:17:05","guid":{"rendered":"https:\/\/www.freeshopfrontiera.ch\/shop\/skin1004-madagascar-centella-light-cleansing-oil-200ml\/"},"modified":"2026-05-01T19:23:08","modified_gmt":"2026-05-01T19:23:08","slug":"skin1004-madagascar-centella-light-cleansing-oil-200ml","status":"publish","type":"product","link":"https:\/\/www.freeshopfrontiera.ch\/fr\/shop\/skin1004-madagascar-centella-light-cleansing-oil-200ml\/","title":{"rendered":"SKIN1004 Madagascar Centella Light Cleansing Oil 200ml"},"content":{"rendered":"<p class=\"\" data-start=\"1743\" data-end=\"1938\">Offrez \u00e0 votre peau un nettoyage en profondeur tout en douceur avec <strong data-start=\"1811\" data-end=\"1863\">SKIN1004 Madagascar Centella Light Cleansing Oil<\/strong>, une huile l\u00e9g\u00e8re et efficace qui respecte l\u2019\u00e9quilibre naturel de la peau.<\/p>\n<p class=\"\" data-start=\"1940\" data-end=\"2281\">Sa texture fluide s\u2019\u00e9mulsionne facilement au contact de l\u2019eau, se transformant en un lait soyeux qui \u00e9limine le maquillage, l\u2019exc\u00e8s de s\u00e9bum, les filtres solaires et les impuret\u00e9s. Parfaite comme <strong data-start=\"2136\" data-end=\"2174\">premi\u00e8re \u00e9tape du double nettoyage<\/strong>, elle laisse la peau propre, fra\u00eeche et \u00e9clatante, sans obstruer les pores ni laisser de sensation grasse.<\/p>\n<p class=\"\" data-start=\"2283\" data-end=\"2536\">La formule est enrichie en <strong data-start=\"2310\" data-end=\"2345\">Centella Asiatica de Madagascar<\/strong>, reconnue pour ses propri\u00e9t\u00e9s apaisantes, r\u00e9paratrices et fortifiantes. Id\u00e9ale m\u00eame pour les peaux sensibles ou r\u00e9actives, elle aide \u00e0 calmer les rougeurs et \u00e0 renforcer la barri\u00e8re cutan\u00e9e.<\/p>\n<p class=\"\" data-start=\"2538\" data-end=\"2762\">L\u2019huile contient un m\u00e9lange \u00e9quilibr\u00e9 d\u2019huiles v\u00e9g\u00e9tales naturelles et d\u2019extraits botaniques, con\u00e7u pour \u00e9liminer le maquillage waterproof sans irriter. La peau est douce, hydrat\u00e9e et parfaitement nettoy\u00e9e, sans r\u00e9sidu gras.<\/p>\n<p class=\"\" data-start=\"2764\" data-end=\"2973\">Convient \u00e0 <strong data-start=\"2775\" data-end=\"2801\">tous les types de peau<\/strong>, y compris grasses, mixtes et \u00e0 tendance acn\u00e9ique. <strong data-start=\"2853\" data-end=\"2897\">Non com\u00e9dog\u00e8ne, sans parfum, sans alcool<\/strong>, <strong data-start=\"2899\" data-end=\"2908\">v\u00e9gan<\/strong> et <strong data-start=\"2912\" data-end=\"2928\">cruelty-free<\/strong>, elle respecte les peaux les plus d\u00e9licates.<\/p>\n<p class=\"\" data-start=\"2975\" data-end=\"3191\">Le format de <strong data-start=\"2988\" data-end=\"2998\">200 ml<\/strong> est pratique et \u00e9conomique, parfait pour une utilisation quotidienne matin et soir. Un indispensable pour ceux qui recherchent une routine efficace mais douce, inspir\u00e9e des formules cor\u00e9ennes.<\/p>\n<p class=\"\" data-start=\"3193\" data-end=\"3334\">Avec <strong data-start=\"3198\" data-end=\"3210\">SKIN1004<\/strong>, le nettoyage devient un moment de bien-\u00eatre. Un geste simple qui transforme la peau : plus saine, \u00e9quilibr\u00e9e et lumineuse.<\/p>\n<p data-start=\"1629\" data-end=\"1793\">Follow us! <a href=\"https:\/\/www.instagram.com\/freeshopswiss\/\" target=\"_blank\" rel=\"noopener\">@freeshopswiss<\/a><\/p>\n","protected":false},"excerpt":{"rendered":"<p>Offrez \u00e0 votre peau un nettoyage en profondeur tout en douceur avec SKIN1004 Madagascar Centella Light Cleansing Oil, une huile l\u00e9g\u00e8re et efficace qui respecte l\u2019\u00e9quilibre naturel de la peau. Sa texture fluide s\u2019\u00e9mulsionne facilement au contact de l\u2019eau, se transformant en un lait soyeux qui \u00e9limine le maquillage, l\u2019exc\u00e8s de s\u00e9bum, les filtres solaires [&hellip;]<\/p>\n","protected":false},"featured_media":29273,"comment_status":"open","ping_status":"closed","template":"","meta":[],"pwb-brand":[985],"product_brand":[],"product_cat":[109,295,3768,545],"product_tag":[296,5050,3611,5046,417,301],"class_list":{"0":"post-29281","1":"product","2":"type-product","3":"status-publish","4":"has-post-thumbnail","6":"pwb-brand-skin-1004","7":"product_cat-pour-elle","8":"product_cat-traitements","9":"product_cat-k-beauty-fr","10":"product_cat-soin-du-visage","11":"product_tag-femme","12":"product_tag-fete-des-meres","13":"product_tag-k-beauty-fr","14":"product_tag-moins-de-30-chf","15":"product_tag-soins-fr","16":"product_tag-soins-du-visage","18":"first","19":"instock","20":"sale","21":"taxable","22":"shipping-taxable","23":"purchasable","24":"product-type-simple"},"brands":[{"id":985,"name":"Skin 1004","slug":"skin-1004"}],"_links":{"self":[{"href":"https:\/\/www.freeshopfrontiera.ch\/fr\/wp-json\/wp\/v2\/product\/29281","targetHints":{"allow":["GET"]}}],"collection":[{"href":"https:\/\/www.freeshopfrontiera.ch\/fr\/wp-json\/wp\/v2\/product"}],"about":[{"href":"https:\/\/www.freeshopfrontiera.ch\/fr\/wp-json\/wp\/v2\/types\/product"}],"replies":[{"embeddable":true,"href":"https:\/\/www.freeshopfrontiera.ch\/fr\/wp-json\/wp\/v2\/comments?post=29281"}],"version-history":[{"count":2,"href":"https:\/\/www.freeshopfrontiera.ch\/fr\/wp-json\/wp\/v2\/product\/29281\/revisions"}],"predecessor-version":[{"id":29288,"href":"https:\/\/www.freeshopfrontiera.ch\/fr\/wp-json\/wp\/v2\/product\/29281\/revisions\/29288"}],"wp:featuredmedia":[{"embeddable":true,"href":"https:\/\/www.freeshopfrontiera.ch\/fr\/wp-json\/wp\/v2\/media\/29273"}],"wp:attachment":[{"href":"https:\/\/www.freeshopfrontiera.ch\/fr\/wp-json\/wp\/v2\/media?parent=29281"}],"wp:term":[{"taxonomy":"pwb-brand","embeddable":true,"href":"https:\/\/www.freeshopfrontiera.ch\/fr\/wp-json\/wp\/v2\/pwb-brand?post=29281"},{"taxonomy":"product_brand","embeddable":true,"href":"https:\/\/www.freeshopfrontiera.ch\/fr\/wp-json\/wp\/v2\/product_brand?post=29281"},{"taxonomy":"product_cat","embeddable":true,"href":"https:\/\/www.freeshopfrontiera.ch\/fr\/wp-json\/wp\/v2\/product_cat?post=29281"},{"taxonomy":"product_tag","embeddable":true,"href":"https:\/\/www.freeshopfrontiera.ch\/fr\/wp-json\/wp\/v2\/product_tag?post=29281"}],"curies":[{"name":"wp","href":"https:\/\/api.w.org\/{rel}","templated":true}]}}