{"id":29305,"date":"2025-04-30T14:38:15","date_gmt":"2025-04-30T14:38:15","guid":{"rendered":"https:\/\/www.freeshopfrontiera.ch\/shop\/skin1004-madagascar-centella-ampoule-55ml\/"},"modified":"2025-12-15T10:42:52","modified_gmt":"2025-12-15T10:42:52","slug":"skin1004-madagascar-centella-ampoule-55ml","status":"publish","type":"product","link":"https:\/\/www.freeshopfrontiera.ch\/fr\/shop\/skin1004-madagascar-centella-ampoule-55ml\/","title":{"rendered":"SKIN1004 Madagascar Centella Ampoule 55ml"},"content":{"rendered":"<p class=\"\" data-start=\"1542\" data-end=\"1742\">Retrouvez l\u2019\u00e9quilibre et l\u2019hydratation avec <strong data-start=\"1586\" data-end=\"1626\">SKIN1004 Madagascar Centella Ampoule<\/strong>, un s\u00e9rum ultra-doux et hautement concentr\u00e9, compos\u00e9 de <strong data-start=\"1683\" data-end=\"1741\">100 % d\u2019extrait pur de Centella Asiatica de Madagascar<\/strong>.<\/p>\n<p class=\"\" data-start=\"1744\" data-end=\"2003\">Cette ampoule convient parfaitement aux peaux sensibles, r\u00e9actives ou stress\u00e9es, mais s\u2019adapte \u00e0 tous les types de peau gr\u00e2ce \u00e0 sa texture l\u00e9g\u00e8re et rapidement absorb\u00e9e. Elle ne laisse aucun film gras ou collant, et apaise la peau d\u00e8s la premi\u00e8re application.<\/p>\n<p class=\"\" data-start=\"2005\" data-end=\"2350\">La <strong data-start=\"2008\" data-end=\"2029\">Centella Asiatica<\/strong>, c\u00e9l\u00e8bre pour ses propri\u00e9t\u00e9s apaisantes et r\u00e9paratrices, aide \u00e0 r\u00e9duire les rougeurs, les irritations et la sensibilit\u00e9 cutan\u00e9e. Elle renforce la barri\u00e8re cutan\u00e9e, favorise le renouvellement cellulaire et am\u00e9liore l\u2019\u00e9lasticit\u00e9 de la peau. C\u2019est un soin id\u00e9al pour les peaux d\u00e9shydrat\u00e9es ou agress\u00e9es par l\u2019environnement.<\/p>\n<p class=\"\" data-start=\"2352\" data-end=\"2598\">Formule <strong data-start=\"2360\" data-end=\"2437\">minimaliste, v\u00e9gane, sans parfum, sans alcool et sans huiles essentielles<\/strong>, parfaitement tol\u00e9r\u00e9e m\u00eame par les peaux les plus d\u00e9licates. Utilisable seule comme s\u00e9rum quotidien ou m\u00e9lang\u00e9e \u00e0 d\u2019autres soins pour en renforcer l\u2019efficacit\u00e9.<\/p>\n<p class=\"\" data-start=\"2600\" data-end=\"2759\">Le format g\u00e9n\u00e9reux de <strong data-start=\"2622\" data-end=\"2631\">55 ml<\/strong> est parfait pour un usage r\u00e9gulier matin et soir. Quelques gouttes suffisent pour apporter confort, fra\u00eecheur et \u00e9clat naturel.<\/p>\n<p class=\"\" data-start=\"2761\" data-end=\"2987\"><strong data-start=\"2761\" data-end=\"2801\">SKIN1004 Madagascar Centella Ampoule<\/strong> est un indispensable pour celles et ceux qui recherchent simplicit\u00e9, efficacit\u00e9 et r\u00e9sultats visibles. Un produit culte de la cosm\u00e9tique cor\u00e9enne, appr\u00e9ci\u00e9 pour sa puret\u00e9 et sa douceur.<\/p>\n<p data-start=\"1518\" data-end=\"1742\">Follow us! <a href=\"https:\/\/www.instagram.com\/freeshopswiss\/\" target=\"_blank\" rel=\"noopener\">@freeshopswiss<\/a><\/p>\n","protected":false},"excerpt":{"rendered":"<p>Retrouvez l\u2019\u00e9quilibre et l\u2019hydratation avec SKIN1004 Madagascar Centella Ampoule, un s\u00e9rum ultra-doux et hautement concentr\u00e9, compos\u00e9 de 100 % d\u2019extrait pur de Centella Asiatica de Madagascar. Cette ampoule convient parfaitement aux peaux sensibles, r\u00e9actives ou stress\u00e9es, mais s\u2019adapte \u00e0 tous les types de peau gr\u00e2ce \u00e0 sa texture l\u00e9g\u00e8re et rapidement absorb\u00e9e. Elle ne laisse [&hellip;]<\/p>\n","protected":false},"featured_media":29296,"comment_status":"open","ping_status":"closed","template":"","meta":[],"pwb-brand":[985],"product_brand":[],"product_cat":[109,295,3768,545],"product_tag":[296,4348,5050,3611,5046,417,301],"class_list":{"0":"post-29305","1":"product","2":"type-product","3":"status-publish","4":"has-post-thumbnail","6":"pwb-brand-skin-1004","7":"product_cat-pour-elle","8":"product_cat-traitements","9":"product_cat-k-beauty-fr","10":"product_cat-soin-du-visage","11":"product_tag-femme","12":"product_tag-fete-des-femmes","13":"product_tag-fete-des-meres","14":"product_tag-k-beauty-fr","15":"product_tag-moins-de-30-chf","16":"product_tag-soins-fr","17":"product_tag-soins-du-visage","19":"first","20":"instock","21":"sale","22":"taxable","23":"shipping-taxable","24":"purchasable","25":"product-type-simple"},"brands":[{"id":985,"name":"Skin 1004","slug":"skin-1004"}],"_links":{"self":[{"href":"https:\/\/www.freeshopfrontiera.ch\/fr\/wp-json\/wp\/v2\/product\/29305","targetHints":{"allow":["GET"]}}],"collection":[{"href":"https:\/\/www.freeshopfrontiera.ch\/fr\/wp-json\/wp\/v2\/product"}],"about":[{"href":"https:\/\/www.freeshopfrontiera.ch\/fr\/wp-json\/wp\/v2\/types\/product"}],"replies":[{"embeddable":true,"href":"https:\/\/www.freeshopfrontiera.ch\/fr\/wp-json\/wp\/v2\/comments?post=29305"}],"version-history":[{"count":1,"href":"https:\/\/www.freeshopfrontiera.ch\/fr\/wp-json\/wp\/v2\/product\/29305\/revisions"}],"predecessor-version":[{"id":29309,"href":"https:\/\/www.freeshopfrontiera.ch\/fr\/wp-json\/wp\/v2\/product\/29305\/revisions\/29309"}],"wp:featuredmedia":[{"embeddable":true,"href":"https:\/\/www.freeshopfrontiera.ch\/fr\/wp-json\/wp\/v2\/media\/29296"}],"wp:attachment":[{"href":"https:\/\/www.freeshopfrontiera.ch\/fr\/wp-json\/wp\/v2\/media?parent=29305"}],"wp:term":[{"taxonomy":"pwb-brand","embeddable":true,"href":"https:\/\/www.freeshopfrontiera.ch\/fr\/wp-json\/wp\/v2\/pwb-brand?post=29305"},{"taxonomy":"product_brand","embeddable":true,"href":"https:\/\/www.freeshopfrontiera.ch\/fr\/wp-json\/wp\/v2\/product_brand?post=29305"},{"taxonomy":"product_cat","embeddable":true,"href":"https:\/\/www.freeshopfrontiera.ch\/fr\/wp-json\/wp\/v2\/product_cat?post=29305"},{"taxonomy":"product_tag","embeddable":true,"href":"https:\/\/www.freeshopfrontiera.ch\/fr\/wp-json\/wp\/v2\/product_tag?post=29305"}],"curies":[{"name":"wp","href":"https:\/\/api.w.org\/{rel}","templated":true}]}}