{"id":29324,"date":"2025-04-30T15:03:41","date_gmt":"2025-04-30T15:03:41","guid":{"rendered":"https:\/\/www.freeshopfrontiera.ch\/shop\/skin1004-madagascar-centella-soothing-cream-75ml\/"},"modified":"2025-12-15T10:42:51","modified_gmt":"2025-12-15T10:42:51","slug":"skin1004-madagascar-centella-soothing-cream-75ml","status":"publish","type":"product","link":"https:\/\/www.freeshopfrontiera.ch\/fr\/shop\/skin1004-madagascar-centella-soothing-cream-75ml\/","title":{"rendered":"SKIN1004 Madagascar Centella Soothing Cream 75ml"},"content":{"rendered":"<p class=\"\" data-start=\"1714\" data-end=\"1923\">Apaisez, hydratez et prot\u00e9gez votre peau avec la <strong data-start=\"1763\" data-end=\"1810\">SKIN1004 Madagascar Centella Soothing Cream<\/strong>, une cr\u00e8me l\u00e9g\u00e8re mais profond\u00e9ment nourrissante, id\u00e9ale pour calmer les peaux sensibles, irrit\u00e9es ou stress\u00e9es.<\/p>\n<p class=\"\" data-start=\"1925\" data-end=\"2274\">Sa formule est enrichie en <strong data-start=\"1952\" data-end=\"1987\">Centella Asiatica de Madagascar<\/strong>, un ingr\u00e9dient star de la cosm\u00e9tique cor\u00e9enne, reconnu pour ses propri\u00e9t\u00e9s apaisantes, r\u00e9paratrices et antioxydantes. Cette plante puissante aide \u00e0 r\u00e9duire les rougeurs, l&rsquo;inflammation et la sensibilit\u00e9, tout en renfor\u00e7ant la barri\u00e8re cutan\u00e9e et en soutenant la r\u00e9g\u00e9n\u00e9ration cellulaire.<\/p>\n<p class=\"\" data-start=\"2276\" data-end=\"2507\">Sa texture gel-cr\u00e8me s\u2019absorbe rapidement sans laisser de film gras, laissant la peau douce, fra\u00eeche et prot\u00e9g\u00e9e. Parfaite pour un usage quotidien, matin et soir, elle procure un confort imm\u00e9diat, m\u00eame aux peaux les plus r\u00e9actives.<\/p>\n<p class=\"\" data-start=\"2509\" data-end=\"2832\">Formul\u00e9e avec des ingr\u00e9dients doux et soigneusement s\u00e9lectionn\u00e9s, cette cr\u00e8me est <strong data-start=\"2591\" data-end=\"2683\">sans parfum, sans alcool, sans huiles essentielles, v\u00e9gane et non test\u00e9e sur les animaux<\/strong>. Convient \u00e0 <strong data-start=\"2696\" data-end=\"2722\">tous les types de peau<\/strong>, y compris les peaux grasses ou \u00e0 tendance acn\u00e9ique, gr\u00e2ce \u00e0 son hydratation intense sans obstruer les pores.<\/p>\n<p class=\"\" data-start=\"2834\" data-end=\"3030\">Enrichie en agents apaisants et hydratants comme les c\u00e9ramides et le panth\u00e9nol, elle renforce son action protectrice et calmante, parfaite pour une routine skincare minimaliste, douce et efficace.<\/p>\n<p class=\"\" data-start=\"3032\" data-end=\"3124\">Le <strong data-start=\"3035\" data-end=\"3054\">format de 75 ml<\/strong> est pratique et \u00e9conomique, id\u00e9al au quotidien ou \u00e0 emporter partout.<\/p>\n<p class=\"\" data-start=\"3126\" data-end=\"3295\"><strong data-start=\"3126\" data-end=\"3173\">SKIN1004 Madagascar Centella Soothing Cream<\/strong> est le choix parfait pour une peau \u00e9quilibr\u00e9e, souple et visiblement plus saine, avec toute la douceur des soins cor\u00e9ens.<\/p>\n<p data-start=\"1723\" data-end=\"1930\">Follow us! <a href=\"https:\/\/www.instagram.com\/freeshopswiss\/\" target=\"_blank\" rel=\"noopener\">@freeshopswiss<\/a><\/p>\n","protected":false},"excerpt":{"rendered":"<p>Apaisez, hydratez et prot\u00e9gez votre peau avec la SKIN1004 Madagascar Centella Soothing Cream, une cr\u00e8me l\u00e9g\u00e8re mais profond\u00e9ment nourrissante, id\u00e9ale pour calmer les peaux sensibles, irrit\u00e9es ou stress\u00e9es. Sa formule est enrichie en Centella Asiatica de Madagascar, un ingr\u00e9dient star de la cosm\u00e9tique cor\u00e9enne, reconnu pour ses propri\u00e9t\u00e9s apaisantes, r\u00e9paratrices et antioxydantes. Cette plante puissante [&hellip;]<\/p>\n","protected":false},"featured_media":29924,"comment_status":"open","ping_status":"closed","template":"","meta":[],"pwb-brand":[985],"product_brand":[],"product_cat":[109,295,3768],"product_tag":[296,4348,5050,3611,5046,417,5078],"class_list":{"0":"post-29324","1":"product","2":"type-product","3":"status-publish","4":"has-post-thumbnail","6":"pwb-brand-skin-1004","7":"product_cat-pour-elle","8":"product_cat-traitements","9":"product_cat-k-beauty-fr","10":"product_tag-femme","11":"product_tag-fete-des-femmes","12":"product_tag-fete-des-meres","13":"product_tag-k-beauty-fr","14":"product_tag-moins-de-30-chf","15":"product_tag-soins-fr","16":"product_tag-soins-et-maquillage-pour-la-fete-des-meres","18":"first","19":"instock","20":"sale","21":"taxable","22":"shipping-taxable","23":"purchasable","24":"product-type-simple"},"brands":[{"id":985,"name":"Skin 1004","slug":"skin-1004"}],"_links":{"self":[{"href":"https:\/\/www.freeshopfrontiera.ch\/fr\/wp-json\/wp\/v2\/product\/29324","targetHints":{"allow":["GET"]}}],"collection":[{"href":"https:\/\/www.freeshopfrontiera.ch\/fr\/wp-json\/wp\/v2\/product"}],"about":[{"href":"https:\/\/www.freeshopfrontiera.ch\/fr\/wp-json\/wp\/v2\/types\/product"}],"replies":[{"embeddable":true,"href":"https:\/\/www.freeshopfrontiera.ch\/fr\/wp-json\/wp\/v2\/comments?post=29324"}],"version-history":[{"count":1,"href":"https:\/\/www.freeshopfrontiera.ch\/fr\/wp-json\/wp\/v2\/product\/29324\/revisions"}],"predecessor-version":[{"id":29328,"href":"https:\/\/www.freeshopfrontiera.ch\/fr\/wp-json\/wp\/v2\/product\/29324\/revisions\/29328"}],"wp:featuredmedia":[{"embeddable":true,"href":"https:\/\/www.freeshopfrontiera.ch\/fr\/wp-json\/wp\/v2\/media\/29924"}],"wp:attachment":[{"href":"https:\/\/www.freeshopfrontiera.ch\/fr\/wp-json\/wp\/v2\/media?parent=29324"}],"wp:term":[{"taxonomy":"pwb-brand","embeddable":true,"href":"https:\/\/www.freeshopfrontiera.ch\/fr\/wp-json\/wp\/v2\/pwb-brand?post=29324"},{"taxonomy":"product_brand","embeddable":true,"href":"https:\/\/www.freeshopfrontiera.ch\/fr\/wp-json\/wp\/v2\/product_brand?post=29324"},{"taxonomy":"product_cat","embeddable":true,"href":"https:\/\/www.freeshopfrontiera.ch\/fr\/wp-json\/wp\/v2\/product_cat?post=29324"},{"taxonomy":"product_tag","embeddable":true,"href":"https:\/\/www.freeshopfrontiera.ch\/fr\/wp-json\/wp\/v2\/product_tag?post=29324"}],"curies":[{"name":"wp","href":"https:\/\/api.w.org\/{rel}","templated":true}]}}