{"id":29342,"date":"2025-04-30T15:29:45","date_gmt":"2025-04-30T15:29:45","guid":{"rendered":"https:\/\/www.freeshopfrontiera.ch\/shop\/grace-day-rose-cellulose-mask-1-sheet-27g\/"},"modified":"2025-04-30T15:38:08","modified_gmt":"2025-04-30T15:38:08","slug":"grace-day-rose-cellulose-mask-1-sheet-27g","status":"publish","type":"product","link":"https:\/\/www.freeshopfrontiera.ch\/fr\/shop\/grace-day-rose-cellulose-mask-1-sheet-27g\/","title":{"rendered":"GRACE DAY Rose Cellulose Mask 1 sheet (27g)"},"content":{"rendered":"<p class=\"\" data-start=\"1604\" data-end=\"1819\">Offrez \u00e0 votre peau une dose de fra\u00eecheur et d\u2019\u00e9clat avec le <strong data-start=\"1665\" data-end=\"1698\">GRACE DAY Rose Cellulose Mask<\/strong>, un masque en tissu imbib\u00e9 d\u2019essence de rose, con\u00e7u pour hydrater, apaiser et revitaliser le visage en quelques minutes.<\/p>\n<p class=\"\" data-start=\"1821\" data-end=\"2165\">Sa formule contient de l\u2019<strong data-start=\"1846\" data-end=\"1865\">extrait de rose<\/strong> et des ingr\u00e9dients botaniques soigneusement s\u00e9lectionn\u00e9s, qui aident \u00e0 calmer les peaux stress\u00e9es, \u00e0 r\u00e9duire les rougeurs et \u00e0 r\u00e9v\u00e9ler un teint visiblement plus frais et uniforme. Gr\u00e2ce aux propri\u00e9t\u00e9s tonifiantes et antioxydantes de la rose, la peau est imm\u00e9diatement plus lisse, douce et lumineuse.<\/p>\n<p class=\"\" data-start=\"2167\" data-end=\"2396\">Le tissu en <strong data-start=\"2179\" data-end=\"2202\">cellulose naturelle<\/strong> \u00e9pouse parfaitement les contours du visage, favorisant l\u2019absorption des actifs tout en offrant un soin confortable et efficace. Ce masque convient \u00e9galement aux peaux sensibles ou d\u00e9shydrat\u00e9es.<\/p>\n<p class=\"\" data-start=\"2398\" data-end=\"2616\">Parfait pour un moment de d\u00e9tente ou en pr\u00e9paration d\u2019une occasion sp\u00e9ciale, il procure des r\u00e9sultats visibles en seulement 15 \u00e0 20 minutes. La peau est repulp\u00e9e, soyeuse et \u00e9clatante \u2014 comme apr\u00e8s un soin en institut.<\/p>\n<p class=\"\" data-start=\"2618\" data-end=\"2830\"><strong data-start=\"2618\" data-end=\"2644\">Conseils d\u2019utilisation<\/strong> : apr\u00e8s le nettoyage, appliquez le masque sur le visage et laissez agir 15\u201320 minutes. Retirez-le puis massez d\u00e9licatement l\u2019essence restante jusqu\u2019\u00e0 absorption compl\u00e8te. Ne pas rincer.<\/p>\n<p class=\"\" data-start=\"2832\" data-end=\"2933\">Le format <strong data-start=\"2842\" data-end=\"2861\">monodose de 27g<\/strong> est pratique et id\u00e9al pour prendre soin de sa peau m\u00eame en d\u00e9placement.<\/p>\n<p class=\"\" data-start=\"2935\" data-end=\"3085\">Le <strong data-start=\"2938\" data-end=\"2971\">GRACE DAY Rose Cellulose Mask<\/strong> est un petit geste simple mais puissant dans votre routine beaut\u00e9 : efficace, apaisant et intens\u00e9ment r\u00e9g\u00e9n\u00e9rant.<\/p>\n<p data-start=\"1605\" data-end=\"1766\">Follow us! <a href=\"https:\/\/www.instagram.com\/freeshopswiss\/\" target=\"_blank\" rel=\"noopener\">@freeshopswiss<\/a><\/p>\n","protected":false},"excerpt":{"rendered":"<p>Offrez \u00e0 votre peau une dose de fra\u00eecheur et d\u2019\u00e9clat avec le GRACE DAY Rose Cellulose Mask, un masque en tissu imbib\u00e9 d\u2019essence de rose, con\u00e7u pour hydrater, apaiser et revitaliser le visage en quelques minutes. Sa formule contient de l\u2019extrait de rose et des ingr\u00e9dients botaniques soigneusement s\u00e9lectionn\u00e9s, qui aident \u00e0 calmer les peaux [&hellip;]<\/p>\n","protected":false},"featured_media":29338,"comment_status":"open","ping_status":"closed","template":"","meta":[],"pwb-brand":[945],"product_brand":[],"product_cat":[109,295,3768,545],"product_tag":[296,3611,417,301],"class_list":{"0":"post-29342","1":"product","2":"type-product","3":"status-publish","4":"has-post-thumbnail","6":"pwb-brand-grace-day","7":"product_cat-pour-elle","8":"product_cat-traitements","9":"product_cat-k-beauty-fr","10":"product_cat-soin-du-visage","11":"product_tag-femme","12":"product_tag-k-beauty-fr","13":"product_tag-soins-fr","14":"product_tag-soins-du-visage","16":"first","17":"outofstock","18":"sale","19":"taxable","20":"shipping-taxable","21":"purchasable","22":"product-type-simple"},"brands":[{"id":945,"name":"Grace Day","slug":"grace-day"}],"_links":{"self":[{"href":"https:\/\/www.freeshopfrontiera.ch\/fr\/wp-json\/wp\/v2\/product\/29342","targetHints":{"allow":["GET"]}}],"collection":[{"href":"https:\/\/www.freeshopfrontiera.ch\/fr\/wp-json\/wp\/v2\/product"}],"about":[{"href":"https:\/\/www.freeshopfrontiera.ch\/fr\/wp-json\/wp\/v2\/types\/product"}],"replies":[{"embeddable":true,"href":"https:\/\/www.freeshopfrontiera.ch\/fr\/wp-json\/wp\/v2\/comments?post=29342"}],"version-history":[{"count":3,"href":"https:\/\/www.freeshopfrontiera.ch\/fr\/wp-json\/wp\/v2\/product\/29342\/revisions"}],"predecessor-version":[{"id":29351,"href":"https:\/\/www.freeshopfrontiera.ch\/fr\/wp-json\/wp\/v2\/product\/29342\/revisions\/29351"}],"wp:featuredmedia":[{"embeddable":true,"href":"https:\/\/www.freeshopfrontiera.ch\/fr\/wp-json\/wp\/v2\/media\/29338"}],"wp:attachment":[{"href":"https:\/\/www.freeshopfrontiera.ch\/fr\/wp-json\/wp\/v2\/media?parent=29342"}],"wp:term":[{"taxonomy":"pwb-brand","embeddable":true,"href":"https:\/\/www.freeshopfrontiera.ch\/fr\/wp-json\/wp\/v2\/pwb-brand?post=29342"},{"taxonomy":"product_brand","embeddable":true,"href":"https:\/\/www.freeshopfrontiera.ch\/fr\/wp-json\/wp\/v2\/product_brand?post=29342"},{"taxonomy":"product_cat","embeddable":true,"href":"https:\/\/www.freeshopfrontiera.ch\/fr\/wp-json\/wp\/v2\/product_cat?post=29342"},{"taxonomy":"product_tag","embeddable":true,"href":"https:\/\/www.freeshopfrontiera.ch\/fr\/wp-json\/wp\/v2\/product_tag?post=29342"}],"curies":[{"name":"wp","href":"https:\/\/api.w.org\/{rel}","templated":true}]}}