{"id":29366,"date":"2025-04-30T15:51:56","date_gmt":"2025-04-30T15:51:56","guid":{"rendered":"https:\/\/www.freeshopfrontiera.ch\/shop\/beauty-of-joseon-apricot-blossom-peeling-gel-100ml\/"},"modified":"2025-04-30T15:57:22","modified_gmt":"2025-04-30T15:57:22","slug":"beauty-of-joseon-apricot-blossom-peeling-gel-100ml","status":"publish","type":"product","link":"https:\/\/www.freeshopfrontiera.ch\/fr\/shop\/beauty-of-joseon-apricot-blossom-peeling-gel-100ml\/","title":{"rendered":"BEAUTY OF JOSEON Apricot Blossom Peeling Gel 100ml"},"content":{"rendered":"<p class=\"\" data-start=\"89\" data-end=\"319\"><strong data-start=\"89\" data-end=\"191\">Exfoliez d\u00e9licatement et r\u00e9g\u00e9n\u00e9rez votre peau avec le BEAUTY OF JOSEON Apricot Blossom Peeling Gel<\/strong>, un gel exfoliant doux inspir\u00e9 des rituels traditionnels cor\u00e9ens, formul\u00e9 avec des extraits naturels nourrissants et apaisants.<\/p>\n<p class=\"\" data-start=\"321\" data-end=\"838\">Au c\u0153ur de la formule, on retrouve <strong data-start=\"356\" data-end=\"388\">l\u2019extrait de fleur d\u2019abricot<\/strong> et <strong data-start=\"392\" data-end=\"426\">l\u2019eau de prune japonaise (ume)<\/strong>, des ingr\u00e9dients riches en antioxydants et en acides naturels qui aident \u00e0 \u00e9liminer efficacement les cellules mortes et les impuret\u00e9s, laissant la peau visiblement plus lisse, claire et lumineuse. Son action m\u00e9canique est extr\u00eamement douce : gr\u00e2ce \u00e0 sa texture en gel et aux polym\u00e8res v\u00e9g\u00e9taux, il exfolie sans irriter ni sensibiliser, ce qui le rend parfait m\u00eame pour les peaux les plus d\u00e9licates ou r\u00e9actives.<\/p>\n<p class=\"\" data-start=\"840\" data-end=\"1188\">Lorsqu\u2019il est utilis\u00e9 r\u00e9guli\u00e8rement, le peeling aide \u00e0 am\u00e9liorer la texture de la peau, \u00e0 pr\u00e9venir l\u2019accumulation de s\u00e9bum dans les pores et \u00e0 favoriser un teint plus uniforme et \u00e9clatant. La formule est sans alcool, sans parfum artificiel et sans substances agressives, respectant ainsi pleinement la philosophie clean et minimaliste de la marque.<\/p>\n<p class=\"\" data-start=\"1190\" data-end=\"1399\">L\u2019exp\u00e9rience sensorielle est agr\u00e9able et fra\u00eeche : appliqu\u00e9 sur la peau s\u00e8che, le gel forme de petits amas qui capturent les impuret\u00e9s lors du massage, laissant la peau imm\u00e9diatement douce et lisse au toucher.<\/p>\n<p class=\"\" data-start=\"1401\" data-end=\"1641\"><strong data-start=\"1401\" data-end=\"1418\">Mode d\u2019emploi<\/strong> : Apr\u00e8s avoir nettoy\u00e9 votre visage, appliquez une petite quantit\u00e9 de produit sur la peau s\u00e8che en \u00e9vitant le contour des yeux. Massez d\u00e9licatement en mouvements circulaires pendant 1 \u00e0 2 minutes, puis rincez \u00e0 l\u2019eau ti\u00e8de.<\/p>\n<p class=\"\" data-start=\"1643\" data-end=\"1766\">Le format <strong data-start=\"1653\" data-end=\"1663\">100 ml<\/strong> est id\u00e9al pour une utilisation hebdomadaire et vous accompagnera longtemps dans votre routine de soin.<\/p>\n<p class=\"\" data-start=\"1768\" data-end=\"1969\">Le <strong data-start=\"1771\" data-end=\"1819\">BEAUTY OF JOSEON Apricot Blossom Peeling Gel<\/strong> est le traitement exfoliant id\u00e9al pour ceux qui recherchent une peau purifi\u00e9e, lumineuse et naturellement radieuse, sans jamais sacrifier la douceur.<\/p>\n<p data-start=\"1768\" data-end=\"1969\">\n<p data-start=\"1779\" data-end=\"1975\">Follow us! <a href=\"https:\/\/www.instagram.com\/freeshopswiss\/\" target=\"_blank\" rel=\"noopener\">@freeshopswiss<\/a><\/p>\n","protected":false},"excerpt":{"rendered":"<p>Exfoliez d\u00e9licatement et r\u00e9g\u00e9n\u00e9rez votre peau avec le BEAUTY OF JOSEON Apricot Blossom Peeling Gel, un gel exfoliant doux inspir\u00e9 des rituels traditionnels cor\u00e9ens, formul\u00e9 avec des extraits naturels nourrissants et apaisants. Au c\u0153ur de la formule, on retrouve l\u2019extrait de fleur d\u2019abricot et l\u2019eau de prune japonaise (ume), des ingr\u00e9dients riches en antioxydants et [&hellip;]<\/p>\n","protected":false},"featured_media":29362,"comment_status":"open","ping_status":"closed","template":"","meta":[],"pwb-brand":[574],"product_brand":[],"product_cat":[109,295,3768,545],"product_tag":[296,3611,417,301,4367],"class_list":{"0":"post-29366","1":"product","2":"type-product","3":"status-publish","4":"has-post-thumbnail","6":"pwb-brand-beauty-of-joseon","7":"product_cat-pour-elle","8":"product_cat-traitements","9":"product_cat-k-beauty-fr","10":"product_cat-soin-du-visage","11":"product_tag-femme","12":"product_tag-k-beauty-fr","13":"product_tag-soins-fr","14":"product_tag-soins-du-visage","15":"product_tag-special-printemps","17":"first","18":"instock","19":"sale","20":"taxable","21":"shipping-taxable","22":"purchasable","23":"product-type-simple"},"brands":[{"id":574,"name":"Beauty of Joseon","slug":"beauty-of-joseon"}],"_links":{"self":[{"href":"https:\/\/www.freeshopfrontiera.ch\/fr\/wp-json\/wp\/v2\/product\/29366","targetHints":{"allow":["GET"]}}],"collection":[{"href":"https:\/\/www.freeshopfrontiera.ch\/fr\/wp-json\/wp\/v2\/product"}],"about":[{"href":"https:\/\/www.freeshopfrontiera.ch\/fr\/wp-json\/wp\/v2\/types\/product"}],"replies":[{"embeddable":true,"href":"https:\/\/www.freeshopfrontiera.ch\/fr\/wp-json\/wp\/v2\/comments?post=29366"}],"version-history":[{"count":2,"href":"https:\/\/www.freeshopfrontiera.ch\/fr\/wp-json\/wp\/v2\/product\/29366\/revisions"}],"predecessor-version":[{"id":29374,"href":"https:\/\/www.freeshopfrontiera.ch\/fr\/wp-json\/wp\/v2\/product\/29366\/revisions\/29374"}],"wp:featuredmedia":[{"embeddable":true,"href":"https:\/\/www.freeshopfrontiera.ch\/fr\/wp-json\/wp\/v2\/media\/29362"}],"wp:attachment":[{"href":"https:\/\/www.freeshopfrontiera.ch\/fr\/wp-json\/wp\/v2\/media?parent=29366"}],"wp:term":[{"taxonomy":"pwb-brand","embeddable":true,"href":"https:\/\/www.freeshopfrontiera.ch\/fr\/wp-json\/wp\/v2\/pwb-brand?post=29366"},{"taxonomy":"product_brand","embeddable":true,"href":"https:\/\/www.freeshopfrontiera.ch\/fr\/wp-json\/wp\/v2\/product_brand?post=29366"},{"taxonomy":"product_cat","embeddable":true,"href":"https:\/\/www.freeshopfrontiera.ch\/fr\/wp-json\/wp\/v2\/product_cat?post=29366"},{"taxonomy":"product_tag","embeddable":true,"href":"https:\/\/www.freeshopfrontiera.ch\/fr\/wp-json\/wp\/v2\/product_tag?post=29366"}],"curies":[{"name":"wp","href":"https:\/\/api.w.org\/{rel}","templated":true}]}}