{"id":29403,"date":"2025-05-02T07:38:07","date_gmt":"2025-05-02T07:38:07","guid":{"rendered":"https:\/\/www.freeshopfrontiera.ch\/shop\/cosrx-the-6-peptide-skin-booster-serum-150ml\/"},"modified":"2025-05-02T07:42:14","modified_gmt":"2025-05-02T07:42:14","slug":"cosrx-the-6-peptide-skin-booster-serum-150ml","status":"publish","type":"product","link":"https:\/\/www.freeshopfrontiera.ch\/fr\/shop\/cosrx-the-6-peptide-skin-booster-serum-150ml\/","title":{"rendered":"COSRX The 6 Peptide Skin Booster Serum 150ml"},"content":{"rendered":"<p class=\"\" data-start=\"1647\" data-end=\"1831\">Boostez votre routine de soins avec le <strong data-start=\"1686\" data-end=\"1728\">COSRX The 6 Peptide Skin Booster Serum<\/strong>, un s\u00e9rum ultra-l\u00e9ger enrichi en six peptides pour raffermir, lisser et illuminer visiblement la peau.<\/p>\n<p class=\"\" data-start=\"1833\" data-end=\"2062\">Sa formule aqueuse pr\u00e9pare la peau \u00e0 recevoir les soins suivants et en am\u00e9liore l&rsquo;efficacit\u00e9. Les <strong data-start=\"1931\" data-end=\"1954\">6 types de peptides<\/strong> agissent ensemble pour am\u00e9liorer l\u2019\u00e9lasticit\u00e9, r\u00e9duire les rides fines et tonifier la peau sans l\u2019alourdir.<\/p>\n<p class=\"\" data-start=\"2064\" data-end=\"2284\">Ce s\u00e9rum contient aussi de la <strong data-start=\"2094\" data-end=\"2109\">niacinamide<\/strong>, qui unifie le teint et illumine, ainsi que du <strong data-start=\"2157\" data-end=\"2170\">panth\u00e9nol<\/strong>, qui hydrate et apaise. Sans alcool, parfum artificiel ni huiles min\u00e9rales, il convient m\u00eame aux peaux sensibles.<\/p>\n<p class=\"\" data-start=\"2286\" data-end=\"2469\">Sa texture fluide p\u00e9n\u00e8tre rapidement, laissant la peau fra\u00eeche et pr\u00eate pour les \u00e9tapes suivantes : s\u00e9rums, cr\u00e8mes ou soins cibl\u00e9s. \u00c0 utiliser matin et soir, juste apr\u00e8s le nettoyage.<\/p>\n<p class=\"\" data-start=\"2471\" data-end=\"2646\">Le flacon de <strong data-start=\"2484\" data-end=\"2493\">150ml<\/strong> offre une excellente dur\u00e9e d\u2019utilisation et un bon rapport qualit\u00e9\/prix. Id\u00e9al pour un usage quotidien ou dans une routine de soins en plusieurs \u00e9tapes.<\/p>\n<p class=\"\" data-start=\"2648\" data-end=\"2672\"><strong data-start=\"2648\" data-end=\"2672\">Pourquoi l\u2019adopter :<\/strong><\/p>\n<ul data-start=\"2673\" data-end=\"2894\">\n<li class=\"\" data-start=\"2673\" data-end=\"2709\">\n<p class=\"\" data-start=\"2675\" data-end=\"2709\">6 peptides fonctionnels anti-\u00e2ge<\/p>\n<\/li>\n<li class=\"\" data-start=\"2710\" data-end=\"2749\">\n<p class=\"\" data-start=\"2712\" data-end=\"2749\">Am\u00e9liore l\u2019\u00e9lasticit\u00e9 et la texture<\/p>\n<\/li>\n<li class=\"\" data-start=\"2750\" data-end=\"2781\">\n<p class=\"\" data-start=\"2752\" data-end=\"2781\">Hydrate, apaise et illumine<\/p>\n<\/li>\n<li class=\"\" data-start=\"2782\" data-end=\"2809\">\n<p class=\"\" data-start=\"2784\" data-end=\"2809\">Formule douce et l\u00e9g\u00e8re<\/p>\n<\/li>\n<li class=\"\" data-start=\"2810\" data-end=\"2858\">\n<p class=\"\" data-start=\"2812\" data-end=\"2858\">Parfait en premi\u00e8re \u00e9tape apr\u00e8s le nettoyage<\/p>\n<\/li>\n<li class=\"\" data-start=\"2859\" data-end=\"2894\">\n<p class=\"\" data-start=\"2861\" data-end=\"2894\">Convient \u00e0 tous les types de peau<\/p>\n<\/li>\n<\/ul>\n<p class=\"\" data-start=\"2896\" data-end=\"2991\">Avec le <strong data-start=\"2904\" data-end=\"2929\">Skin Booster de COSRX<\/strong>, votre peau retrouve \u00e9clat, confort et jeunesse au quotidien.<\/p>\n<p data-start=\"1698\" data-end=\"1824\">Follow us! <a href=\"https:\/\/www.instagram.com\/freeshopswiss\/\" target=\"_blank\" rel=\"noopener\">@freeshopswiss<\/a><\/p>\n","protected":false},"excerpt":{"rendered":"<p>Boostez votre routine de soins avec le COSRX The 6 Peptide Skin Booster Serum, un s\u00e9rum ultra-l\u00e9ger enrichi en six peptides pour raffermir, lisser et illuminer visiblement la peau. Sa formule aqueuse pr\u00e9pare la peau \u00e0 recevoir les soins suivants et en am\u00e9liore l&rsquo;efficacit\u00e9. Les 6 types de peptides agissent ensemble pour am\u00e9liorer l\u2019\u00e9lasticit\u00e9, r\u00e9duire [&hellip;]<\/p>\n","protected":false},"featured_media":29399,"comment_status":"open","ping_status":"closed","template":"","meta":[],"pwb-brand":[576],"product_brand":[],"product_cat":[295,3768,545],"product_tag":[296,3611,417,301],"class_list":{"0":"post-29403","1":"product","2":"type-product","3":"status-publish","4":"has-post-thumbnail","6":"pwb-brand-cosrx","7":"product_cat-traitements","8":"product_cat-k-beauty-fr","9":"product_cat-soin-du-visage","10":"product_tag-femme","11":"product_tag-k-beauty-fr","12":"product_tag-soins-fr","13":"product_tag-soins-du-visage","15":"first","16":"outofstock","17":"sale","18":"taxable","19":"shipping-taxable","20":"purchasable","21":"product-type-simple"},"brands":[{"id":576,"name":"Cosrx","slug":"cosrx"}],"_links":{"self":[{"href":"https:\/\/www.freeshopfrontiera.ch\/fr\/wp-json\/wp\/v2\/product\/29403","targetHints":{"allow":["GET"]}}],"collection":[{"href":"https:\/\/www.freeshopfrontiera.ch\/fr\/wp-json\/wp\/v2\/product"}],"about":[{"href":"https:\/\/www.freeshopfrontiera.ch\/fr\/wp-json\/wp\/v2\/types\/product"}],"replies":[{"embeddable":true,"href":"https:\/\/www.freeshopfrontiera.ch\/fr\/wp-json\/wp\/v2\/comments?post=29403"}],"version-history":[{"count":2,"href":"https:\/\/www.freeshopfrontiera.ch\/fr\/wp-json\/wp\/v2\/product\/29403\/revisions"}],"predecessor-version":[{"id":29406,"href":"https:\/\/www.freeshopfrontiera.ch\/fr\/wp-json\/wp\/v2\/product\/29403\/revisions\/29406"}],"wp:featuredmedia":[{"embeddable":true,"href":"https:\/\/www.freeshopfrontiera.ch\/fr\/wp-json\/wp\/v2\/media\/29399"}],"wp:attachment":[{"href":"https:\/\/www.freeshopfrontiera.ch\/fr\/wp-json\/wp\/v2\/media?parent=29403"}],"wp:term":[{"taxonomy":"pwb-brand","embeddable":true,"href":"https:\/\/www.freeshopfrontiera.ch\/fr\/wp-json\/wp\/v2\/pwb-brand?post=29403"},{"taxonomy":"product_brand","embeddable":true,"href":"https:\/\/www.freeshopfrontiera.ch\/fr\/wp-json\/wp\/v2\/product_brand?post=29403"},{"taxonomy":"product_cat","embeddable":true,"href":"https:\/\/www.freeshopfrontiera.ch\/fr\/wp-json\/wp\/v2\/product_cat?post=29403"},{"taxonomy":"product_tag","embeddable":true,"href":"https:\/\/www.freeshopfrontiera.ch\/fr\/wp-json\/wp\/v2\/product_tag?post=29403"}],"curies":[{"name":"wp","href":"https:\/\/api.w.org\/{rel}","templated":true}]}}