{"id":29445,"date":"2025-05-02T11:16:46","date_gmt":"2025-05-02T11:16:46","guid":{"rendered":"https:\/\/www.freeshopfrontiera.ch\/shop\/erborian-bamboo-shot-mask-15gr\/"},"modified":"2025-05-02T11:47:43","modified_gmt":"2025-05-02T11:47:43","slug":"erborian-bamboo-shot-mask-15gr","status":"publish","type":"product","link":"https:\/\/www.freeshopfrontiera.ch\/fr\/shop\/erborian-bamboo-shot-mask-15gr\/","title":{"rendered":"ERBORIAN Bamboo Shot Mask 15gr"},"content":{"rendered":"<p class=\"\" data-start=\"195\" data-end=\"598\">D\u00e9couvrez l&rsquo;efficacit\u00e9 imm\u00e9diate du <strong data-start=\"231\" data-end=\"262\">Bamboo Shot Mask d\u2019Erborian<\/strong>, un masque en tissu inspir\u00e9 des rituels de beaut\u00e9 cor\u00e9ens, con\u00e7u pour offrir \u00e0 la peau un v\u00e9ritable coup de fra\u00eecheur et une hydratation intense en seulement 15 minutes. Enrichi en extrait de bambou, ce masque agit comme un booster d\u2019hydratation, pour une peau repulp\u00e9e, lumineuse et visiblement plus saine d\u00e8s la premi\u00e8re utilisation.<\/p>\n<p class=\"\" data-start=\"600\" data-end=\"906\">Le bambou est reconnu pour ses propri\u00e9t\u00e9s hydratantes et tonifiantes exceptionnelles. Il aide \u00e0 retenir l\u2019eau dans les couches cutan\u00e9es, maintenant la peau souple et douce. Sa texture ultra-fra\u00eeche et son ajustement parfait garantissent une diffusion homog\u00e8ne des actifs et une sensation de confort absolu.<\/p>\n<p class=\"\" data-start=\"908\" data-end=\"1153\">Id\u00e9al pour les peaux d\u00e9shydrat\u00e9es, fatigu\u00e9es ou ternes, le Bamboo Shot Mask est le soin express parfait avant une occasion sp\u00e9ciale ou d\u00e8s que la peau a besoin d\u2019un coup d\u2019\u00e9clat. Apr\u00e8s l&rsquo;application, le teint est plus lumineux, hydrat\u00e9 et liss\u00e9.<\/p>\n<p class=\"\" data-start=\"1155\" data-end=\"1296\">Facile \u00e0 utiliser : appliquer sur peau propre et s\u00e8che, laisser poser 15 minutes, retirer puis masser d\u00e9licatement l\u2019exc\u00e9dent. Ne pas rincer.<\/p>\n<p class=\"\" data-start=\"1298\" data-end=\"1390\">Convient \u00e0 tous les types de peau, m\u00eame sensibles. Sans parab\u00e8nes, test\u00e9 dermatologiquement.<\/p>\n<p class=\"\" data-start=\"1392\" data-end=\"1494\">Offrez-vous un soin complet, pratique et rapide, pour une peau rafra\u00eechie \u00e0 tout moment de la journ\u00e9e.<\/p>\n<p data-start=\"1538\" data-end=\"1681\">Follow us! <a href=\"https:\/\/www.instagram.com\/freeshopswiss\/\" target=\"_blank\" rel=\"noopener\">@freeshopswiss<\/a><\/p>\n","protected":false},"excerpt":{"rendered":"<p>D\u00e9couvrez l&rsquo;efficacit\u00e9 imm\u00e9diate du Bamboo Shot Mask d\u2019Erborian, un masque en tissu inspir\u00e9 des rituels de beaut\u00e9 cor\u00e9ens, con\u00e7u pour offrir \u00e0 la peau un v\u00e9ritable coup de fra\u00eecheur et une hydratation intense en seulement 15 minutes. Enrichi en extrait de bambou, ce masque agit comme un booster d\u2019hydratation, pour une peau repulp\u00e9e, lumineuse et [&hellip;]<\/p>\n","protected":false},"featured_media":29436,"comment_status":"open","ping_status":"closed","template":"","meta":[],"pwb-brand":[411],"product_brand":[],"product_cat":[295,3768,545],"product_tag":[296,3611,417,301],"class_list":{"0":"post-29445","1":"product","2":"type-product","3":"status-publish","4":"has-post-thumbnail","6":"pwb-brand-erborian","7":"product_cat-traitements","8":"product_cat-k-beauty-fr","9":"product_cat-soin-du-visage","10":"product_tag-femme","11":"product_tag-k-beauty-fr","12":"product_tag-soins-fr","13":"product_tag-soins-du-visage","15":"first","16":"outofstock","17":"sale","18":"taxable","19":"shipping-taxable","20":"purchasable","21":"product-type-simple"},"brands":[{"id":411,"name":"Erborian","slug":"erborian"}],"_links":{"self":[{"href":"https:\/\/www.freeshopfrontiera.ch\/fr\/wp-json\/wp\/v2\/product\/29445","targetHints":{"allow":["GET"]}}],"collection":[{"href":"https:\/\/www.freeshopfrontiera.ch\/fr\/wp-json\/wp\/v2\/product"}],"about":[{"href":"https:\/\/www.freeshopfrontiera.ch\/fr\/wp-json\/wp\/v2\/types\/product"}],"replies":[{"embeddable":true,"href":"https:\/\/www.freeshopfrontiera.ch\/fr\/wp-json\/wp\/v2\/comments?post=29445"}],"version-history":[{"count":3,"href":"https:\/\/www.freeshopfrontiera.ch\/fr\/wp-json\/wp\/v2\/product\/29445\/revisions"}],"predecessor-version":[{"id":29457,"href":"https:\/\/www.freeshopfrontiera.ch\/fr\/wp-json\/wp\/v2\/product\/29445\/revisions\/29457"}],"wp:featuredmedia":[{"embeddable":true,"href":"https:\/\/www.freeshopfrontiera.ch\/fr\/wp-json\/wp\/v2\/media\/29436"}],"wp:attachment":[{"href":"https:\/\/www.freeshopfrontiera.ch\/fr\/wp-json\/wp\/v2\/media?parent=29445"}],"wp:term":[{"taxonomy":"pwb-brand","embeddable":true,"href":"https:\/\/www.freeshopfrontiera.ch\/fr\/wp-json\/wp\/v2\/pwb-brand?post=29445"},{"taxonomy":"product_brand","embeddable":true,"href":"https:\/\/www.freeshopfrontiera.ch\/fr\/wp-json\/wp\/v2\/product_brand?post=29445"},{"taxonomy":"product_cat","embeddable":true,"href":"https:\/\/www.freeshopfrontiera.ch\/fr\/wp-json\/wp\/v2\/product_cat?post=29445"},{"taxonomy":"product_tag","embeddable":true,"href":"https:\/\/www.freeshopfrontiera.ch\/fr\/wp-json\/wp\/v2\/product_tag?post=29445"}],"curies":[{"name":"wp","href":"https:\/\/api.w.org\/{rel}","templated":true}]}}