{"id":29499,"date":"2025-05-02T13:38:27","date_gmt":"2025-05-02T13:38:27","guid":{"rendered":"https:\/\/www.freeshopfrontiera.ch\/shop\/erborian-skin-therapy-eye-15ml\/"},"modified":"2025-05-02T14:01:56","modified_gmt":"2025-05-02T14:01:56","slug":"erborian-skin-therapy-eye-15ml","status":"publish","type":"product","link":"https:\/\/www.freeshopfrontiera.ch\/fr\/shop\/erborian-skin-therapy-eye-15ml\/","title":{"rendered":"ERBORIAN Skin Therapy Eye 15ml"},"content":{"rendered":"<p class=\"\" data-start=\"1482\" data-end=\"1817\"><strong data-start=\"1482\" data-end=\"1516\">Erborian Skin Therapy Eye 15ml<\/strong> est un soin contour des yeux r\u00e9g\u00e9n\u00e9rant et multi-actif, con\u00e7u pour revitaliser et prot\u00e9ger cette zone fragile pendant la nuit. Sa formule associe des huiles botaniques et des actifs antioxydants pour lisser les ridules, att\u00e9nuer les signes de fatigue et r\u00e9v\u00e9ler un regard plus lumineux d\u00e8s le r\u00e9veil.<\/p>\n<p class=\"\" data-start=\"1819\" data-end=\"2207\"><strong data-start=\"1482\" data-end=\"1516\">Erborian Skin Therapy<\/strong>\u00a0texture huile l\u00e9g\u00e8re p\u00e9n\u00e8tre rapidement sans effet gras, formant un voile nourrissant qui renforce la barri\u00e8re cutan\u00e9e. Enrichie en huiles de jojoba, cam\u00e9lia et ginseng aux vertus apaisantes et r\u00e9g\u00e9n\u00e9rantes, la formule contient \u00e9galement de la centella asiatica, reconnue pour ses propri\u00e9t\u00e9s calmantes et protectrices. Des actifs \u00e9claircissants aident \u00e0 r\u00e9duire l\u2019apparence des cernes.<\/p>\n<p class=\"\" data-start=\"2209\" data-end=\"2417\">Convient \u00e0 tous les types de peau, m\u00eame sensibles. Ce soin de nuit cible les premiers signes de l\u2019\u00e2ge, les poches et les yeux fatigu\u00e9s. Utilis\u00e9 r\u00e9guli\u00e8rement, il lisse, tonifie et hydrate le contour des yeux.<\/p>\n<p class=\"\" data-start=\"2419\" data-end=\"2538\">Appliquer une petite quantit\u00e9 autour des yeux avant de dormir. Au r\u00e9veil, le regard est visiblement repos\u00e9 et \u00e9clatant.<\/p>\n<p class=\"\" data-start=\"2540\" data-end=\"2671\"><strong data-start=\"1482\" data-end=\"1516\">Erborian Skin Therapy Eye 15ml<\/strong>, c\u2019est la rencontre entre innovation cor\u00e9enne et soin sensoriel pour une routine du soir douce et performante.<\/p>\n<p class=\"\" data-start=\"2673\" data-end=\"2769\">Test\u00e9 dermatologiquement et ophtalmologiquement. Sans parab\u00e8nes, silicones ni parfums agressifs.<\/p>\n<p data-start=\"1608\" data-end=\"1706\">Follow us! <a href=\"https:\/\/www.instagram.com\/freeshopswiss\/\" target=\"_blank\" rel=\"noopener\">@freeshopswiss<\/a><\/p>\n","protected":false},"excerpt":{"rendered":"<p>Erborian Skin Therapy Eye 15ml est un soin contour des yeux r\u00e9g\u00e9n\u00e9rant et multi-actif, con\u00e7u pour revitaliser et prot\u00e9ger cette zone fragile pendant la nuit. Sa formule associe des huiles botaniques et des actifs antioxydants pour lisser les ridules, att\u00e9nuer les signes de fatigue et r\u00e9v\u00e9ler un regard plus lumineux d\u00e8s le r\u00e9veil. Erborian Skin [&hellip;]<\/p>\n","protected":false},"featured_media":29491,"comment_status":"open","ping_status":"closed","template":"","meta":[],"pwb-brand":[411],"product_brand":[],"product_cat":[109,295,3768,548,545],"product_tag":[296,3611,417,479,301],"class_list":{"0":"post-29499","1":"product","2":"type-product","3":"status-publish","4":"has-post-thumbnail","6":"pwb-brand-erborian","7":"product_cat-pour-elle","8":"product_cat-traitements","9":"product_cat-k-beauty-fr","10":"product_cat-soin-contour","11":"product_cat-soin-du-visage","12":"product_tag-femme","13":"product_tag-k-beauty-fr","14":"product_tag-soins-fr","15":"product_tag-soins-des-yeux","16":"product_tag-soins-du-visage","18":"first","19":"instock","20":"sale","21":"taxable","22":"shipping-taxable","23":"purchasable","24":"product-type-simple"},"brands":[{"id":411,"name":"Erborian","slug":"erborian"}],"_links":{"self":[{"href":"https:\/\/www.freeshopfrontiera.ch\/fr\/wp-json\/wp\/v2\/product\/29499","targetHints":{"allow":["GET"]}}],"collection":[{"href":"https:\/\/www.freeshopfrontiera.ch\/fr\/wp-json\/wp\/v2\/product"}],"about":[{"href":"https:\/\/www.freeshopfrontiera.ch\/fr\/wp-json\/wp\/v2\/types\/product"}],"replies":[{"embeddable":true,"href":"https:\/\/www.freeshopfrontiera.ch\/fr\/wp-json\/wp\/v2\/comments?post=29499"}],"version-history":[{"count":2,"href":"https:\/\/www.freeshopfrontiera.ch\/fr\/wp-json\/wp\/v2\/product\/29499\/revisions"}],"predecessor-version":[{"id":29503,"href":"https:\/\/www.freeshopfrontiera.ch\/fr\/wp-json\/wp\/v2\/product\/29499\/revisions\/29503"}],"wp:featuredmedia":[{"embeddable":true,"href":"https:\/\/www.freeshopfrontiera.ch\/fr\/wp-json\/wp\/v2\/media\/29491"}],"wp:attachment":[{"href":"https:\/\/www.freeshopfrontiera.ch\/fr\/wp-json\/wp\/v2\/media?parent=29499"}],"wp:term":[{"taxonomy":"pwb-brand","embeddable":true,"href":"https:\/\/www.freeshopfrontiera.ch\/fr\/wp-json\/wp\/v2\/pwb-brand?post=29499"},{"taxonomy":"product_brand","embeddable":true,"href":"https:\/\/www.freeshopfrontiera.ch\/fr\/wp-json\/wp\/v2\/product_brand?post=29499"},{"taxonomy":"product_cat","embeddable":true,"href":"https:\/\/www.freeshopfrontiera.ch\/fr\/wp-json\/wp\/v2\/product_cat?post=29499"},{"taxonomy":"product_tag","embeddable":true,"href":"https:\/\/www.freeshopfrontiera.ch\/fr\/wp-json\/wp\/v2\/product_tag?post=29499"}],"curies":[{"name":"wp","href":"https:\/\/api.w.org\/{rel}","templated":true}]}}