{"id":29547,"date":"2025-05-05T09:30:57","date_gmt":"2025-05-05T09:30:57","guid":{"rendered":"https:\/\/www.freeshopfrontiera.ch\/shop\/erborian-skin-therapy-light-texture-30ml\/"},"modified":"2025-05-05T10:39:00","modified_gmt":"2025-05-05T10:39:00","slug":"erborian-skin-therapy-light-texture-30ml","status":"publish","type":"product","link":"https:\/\/www.freeshopfrontiera.ch\/fr\/shop\/erborian-skin-therapy-light-texture-30ml\/","title":{"rendered":"ERBORIAN Skin Therapy Light Texture 30ml"},"content":{"rendered":"<p class=\"\" data-start=\"3019\" data-end=\"4479\">D\u00e9couvrez le pouvoir r\u00e9g\u00e9n\u00e9rant des soins cor\u00e9ens avec <strong data-start=\"3074\" data-end=\"3105\">Erborian Skin Therapy Light<\/strong>, un s\u00e9rum de nuit biphas\u00e9 \u00e0 la texture lact\u00e9e et ultra-l\u00e9g\u00e8re, id\u00e9al pour tous les types de peau, y compris les peaux mixtes \u00e0 grasses.<\/p>\n<p class=\"\" data-start=\"3019\" data-end=\"4479\">Ce soin de nuit avanc\u00e9 agit pendant le sommeil pour am\u00e9liorer visiblement sept aspects essentiels de la peau : texture, uniformit\u00e9 du teint, \u00e9clat, ridules et rides, nutrition, \u00e9lasticit\u00e9 et effet repulp\u00e9. Sa formule allie le meilleur de la nature et de la science cosm\u00e9tique avec 17 extraits v\u00e9g\u00e9taux, dont le ginseng rouge cor\u00e9en, la centella asiatica et le yuzu, enrichis en <strong data-start=\"3620\" data-end=\"3635\">10\u202f% de PHA<\/strong> (acides polyhydroxyl\u00e9s) pour une exfoliation douce, et en <strong data-start=\"3694\" data-end=\"3716\">acide hyaluronique<\/strong> pour une hydratation en profondeur et un effet lissant. Le <strong data-start=\"3776\" data-end=\"3800\">zinc et l\u2019allanto\u00efne<\/strong> apportent une action apaisante et r\u00e9\u00e9quilibrante, id\u00e9ale m\u00eame pour les peaux sensibles.<\/p>\n<p class=\"\" data-start=\"3019\" data-end=\"4479\">D\u00e8s la premi\u00e8re nuit, la peau para\u00eet plus fra\u00eeche, lisse et lumineuse. Sa texture l\u00e9g\u00e8re s\u2019absorbe rapidement sans laisser de film gras, offrant une sensation imm\u00e9diate de confort. Ce s\u00e9rum est <strong data-start=\"4083\" data-end=\"4125\">v\u00e9gan, sans silicone et non com\u00e9dog\u00e8ne<\/strong>, parfait pour un usage quotidien. Pour l\u2019utiliser, agitez le flacon pour m\u00e9langer les deux phases, videz et rechargez la pipette, puis appliquez le soir sur une peau propre et s\u00e8che, avant ou \u00e0 la place de votre cr\u00e8me de nuit. <strong data-start=\"4353\" data-end=\"4384\">Erborian Skin Therapy Light<\/strong> est le soin id\u00e9al pour une peau visiblement plus lisse, hydrat\u00e9e et sublim\u00e9e en un seul geste.<\/p>\n<p data-start=\"129\" data-end=\"1750\">Follow us! <a href=\"https:\/\/www.instagram.com\/freeshopswiss\/\" target=\"_blank\" rel=\"noopener\">@freeshopswiss<\/a><\/p>\n","protected":false},"excerpt":{"rendered":"<p>D\u00e9couvrez le pouvoir r\u00e9g\u00e9n\u00e9rant des soins cor\u00e9ens avec Erborian Skin Therapy Light, un s\u00e9rum de nuit biphas\u00e9 \u00e0 la texture lact\u00e9e et ultra-l\u00e9g\u00e8re, id\u00e9al pour tous les types de peau, y compris les peaux mixtes \u00e0 grasses. Ce soin de nuit avanc\u00e9 agit pendant le sommeil pour am\u00e9liorer visiblement sept aspects essentiels de la peau [&hellip;]<\/p>\n","protected":false},"featured_media":29539,"comment_status":"open","ping_status":"closed","template":"","meta":[],"pwb-brand":[411],"product_brand":[],"product_cat":[109,295,3768,545],"product_tag":[296,5050,3611,417,301],"class_list":{"0":"post-29547","1":"product","2":"type-product","3":"status-publish","4":"has-post-thumbnail","6":"pwb-brand-erborian","7":"product_cat-pour-elle","8":"product_cat-traitements","9":"product_cat-k-beauty-fr","10":"product_cat-soin-du-visage","11":"product_tag-femme","12":"product_tag-fete-des-meres","13":"product_tag-k-beauty-fr","14":"product_tag-soins-fr","15":"product_tag-soins-du-visage","17":"first","18":"instock","19":"sale","20":"taxable","21":"shipping-taxable","22":"purchasable","23":"product-type-simple"},"brands":[{"id":411,"name":"Erborian","slug":"erborian"}],"_links":{"self":[{"href":"https:\/\/www.freeshopfrontiera.ch\/fr\/wp-json\/wp\/v2\/product\/29547","targetHints":{"allow":["GET"]}}],"collection":[{"href":"https:\/\/www.freeshopfrontiera.ch\/fr\/wp-json\/wp\/v2\/product"}],"about":[{"href":"https:\/\/www.freeshopfrontiera.ch\/fr\/wp-json\/wp\/v2\/types\/product"}],"replies":[{"embeddable":true,"href":"https:\/\/www.freeshopfrontiera.ch\/fr\/wp-json\/wp\/v2\/comments?post=29547"}],"version-history":[{"count":2,"href":"https:\/\/www.freeshopfrontiera.ch\/fr\/wp-json\/wp\/v2\/product\/29547\/revisions"}],"predecessor-version":[{"id":29557,"href":"https:\/\/www.freeshopfrontiera.ch\/fr\/wp-json\/wp\/v2\/product\/29547\/revisions\/29557"}],"wp:featuredmedia":[{"embeddable":true,"href":"https:\/\/www.freeshopfrontiera.ch\/fr\/wp-json\/wp\/v2\/media\/29539"}],"wp:attachment":[{"href":"https:\/\/www.freeshopfrontiera.ch\/fr\/wp-json\/wp\/v2\/media?parent=29547"}],"wp:term":[{"taxonomy":"pwb-brand","embeddable":true,"href":"https:\/\/www.freeshopfrontiera.ch\/fr\/wp-json\/wp\/v2\/pwb-brand?post=29547"},{"taxonomy":"product_brand","embeddable":true,"href":"https:\/\/www.freeshopfrontiera.ch\/fr\/wp-json\/wp\/v2\/product_brand?post=29547"},{"taxonomy":"product_cat","embeddable":true,"href":"https:\/\/www.freeshopfrontiera.ch\/fr\/wp-json\/wp\/v2\/product_cat?post=29547"},{"taxonomy":"product_tag","embeddable":true,"href":"https:\/\/www.freeshopfrontiera.ch\/fr\/wp-json\/wp\/v2\/product_tag?post=29547"}],"curies":[{"name":"wp","href":"https:\/\/api.w.org\/{rel}","templated":true}]}}