{"id":29565,"date":"2025-05-05T10:07:56","date_gmt":"2025-05-05T10:07:56","guid":{"rendered":"https:\/\/www.freeshopfrontiera.ch\/shop\/erborian-set-cc-clair\/"},"modified":"2025-05-28T20:19:23","modified_gmt":"2025-05-28T20:19:23","slug":"erborian-set-cc-clair","status":"publish","type":"product","link":"https:\/\/www.freeshopfrontiera.ch\/fr\/shop\/erborian-set-cc-clair\/","title":{"rendered":"ERBORIAN SET CC Clair"},"content":{"rendered":"<p class=\"\" data-start=\"3311\" data-end=\"3653\">D\u00e9couvrez le teint parfait avec le <strong data-start=\"3346\" data-end=\"3420\">Coffret Erborian : CC Cr\u00e8me Clair 45ml + Super BB Concealer Clair 10ml<\/strong>, le duo id\u00e9al pour une peau visiblement unifi\u00e9e, lumineuse et naturellement \u00e9clatante. Ce set sign\u00e9 Erborian associe la l\u00e9g\u00e8ret\u00e9 des soins cor\u00e9ens \u00e0 l\u2019efficacit\u00e9 d\u2019un maquillage intelligent, pour un r\u00e9sultat impeccable au quotidien.<\/p>\n<p class=\"\" data-start=\"3655\" data-end=\"4193\">La <strong data-start=\"3658\" data-end=\"3676\">CC Cr\u00e8me Clair<\/strong> est une cr\u00e8me multifonction aux pigments encapsul\u00e9s qui s\u2019activent au contact de la peau, s\u2019adaptant parfaitement \u00e0 votre carnation pour un effet \u201cseconde peau\u201d. Enrichie en <strong data-start=\"3851\" data-end=\"3872\">Centella Asiatica<\/strong>, reconnue pour ses propri\u00e9t\u00e9s apaisantes et r\u00e9g\u00e9n\u00e9rantes, elle hydrate en profondeur, am\u00e9liore la texture de la peau et offre une protection solaire <strong data-start=\"4022\" data-end=\"4031\">SPF25<\/strong>. Sa texture l\u00e9g\u00e8re et fondante offre un fini naturel et lumineux, tout en r\u00e9duisant visiblement les rougeurs, les signes de fatigue et les petites imperfections.<\/p>\n<p class=\"\" data-start=\"4195\" data-end=\"4616\">Le <strong data-start=\"4198\" data-end=\"4226\">Super BB Concealer Clair<\/strong> compl\u00e8te la routine avec une <strong data-start=\"4256\" data-end=\"4275\">haute couvrance<\/strong> et des bienfaits soin avanc\u00e9s. Gr\u00e2ce \u00e0 <strong data-start=\"4315\" data-end=\"4337\">5\u202f% de Niacinamide<\/strong> et \u00e0 <strong data-start=\"4343\" data-end=\"4385\">l\u2019extrait de fleur de ginseng ferment\u00e9<\/strong>, il camoufle efficacement les cernes, les taches et les irr\u00e9gularit\u00e9s, tout en aidant \u00e0 unifier le teint et \u00e0 att\u00e9nuer les signes de fatigue au fil du temps. Sa texture cr\u00e9meuse se fond parfaitement sur la peau, sans effet pl\u00e2tre.<\/p>\n<p class=\"\" data-start=\"4618\" data-end=\"4866\">Adapt\u00e9 \u00e0 tous les types de peau, m\u00eame les plus sensibles, ce coffret est parfait pour celles et ceux qui recherchent un teint frais, lumineux et unifi\u00e9 en un seul geste. Id\u00e9al pour une utilisation quotidienne, m\u00eame en remplacement du fond de teint.<\/p>\n<p data-start=\"1551\" data-end=\"1802\">Follow us! <a href=\"https:\/\/www.instagram.com\/freeshopswiss\/\" target=\"_blank\" rel=\"noopener\">@freeshopswiss<\/a><\/p>\n","protected":false},"excerpt":{"rendered":"<p>D\u00e9couvrez le teint parfait avec le Coffret Erborian : CC Cr\u00e8me Clair 45ml + Super BB Concealer Clair 10ml, le duo id\u00e9al pour une peau visiblement unifi\u00e9e, lumineuse et naturellement \u00e9clatante. Ce set sign\u00e9 Erborian associe la l\u00e9g\u00e8ret\u00e9 des soins cor\u00e9ens \u00e0 l\u2019efficacit\u00e9 d\u2019un maquillage intelligent, pour un r\u00e9sultat impeccable au quotidien. La CC Cr\u00e8me [&hellip;]<\/p>\n","protected":false},"featured_media":31221,"comment_status":"open","ping_status":"closed","template":"","meta":[],"pwb-brand":[411],"product_brand":[],"product_cat":[109,295,3768,545],"product_tag":[296,3611,417,301],"class_list":{"0":"post-29565","1":"product","2":"type-product","3":"status-publish","4":"has-post-thumbnail","6":"pwb-brand-erborian","7":"product_cat-pour-elle","8":"product_cat-traitements","9":"product_cat-k-beauty-fr","10":"product_cat-soin-du-visage","11":"product_tag-femme","12":"product_tag-k-beauty-fr","13":"product_tag-soins-fr","14":"product_tag-soins-du-visage","16":"first","17":"outofstock","18":"sale","19":"taxable","20":"shipping-taxable","21":"purchasable","22":"product-type-simple"},"brands":[{"id":411,"name":"Erborian","slug":"erborian"}],"_links":{"self":[{"href":"https:\/\/www.freeshopfrontiera.ch\/fr\/wp-json\/wp\/v2\/product\/29565","targetHints":{"allow":["GET"]}}],"collection":[{"href":"https:\/\/www.freeshopfrontiera.ch\/fr\/wp-json\/wp\/v2\/product"}],"about":[{"href":"https:\/\/www.freeshopfrontiera.ch\/fr\/wp-json\/wp\/v2\/types\/product"}],"replies":[{"embeddable":true,"href":"https:\/\/www.freeshopfrontiera.ch\/fr\/wp-json\/wp\/v2\/comments?post=29565"}],"version-history":[{"count":1,"href":"https:\/\/www.freeshopfrontiera.ch\/fr\/wp-json\/wp\/v2\/product\/29565\/revisions"}],"predecessor-version":[{"id":29570,"href":"https:\/\/www.freeshopfrontiera.ch\/fr\/wp-json\/wp\/v2\/product\/29565\/revisions\/29570"}],"wp:featuredmedia":[{"embeddable":true,"href":"https:\/\/www.freeshopfrontiera.ch\/fr\/wp-json\/wp\/v2\/media\/31221"}],"wp:attachment":[{"href":"https:\/\/www.freeshopfrontiera.ch\/fr\/wp-json\/wp\/v2\/media?parent=29565"}],"wp:term":[{"taxonomy":"pwb-brand","embeddable":true,"href":"https:\/\/www.freeshopfrontiera.ch\/fr\/wp-json\/wp\/v2\/pwb-brand?post=29565"},{"taxonomy":"product_brand","embeddable":true,"href":"https:\/\/www.freeshopfrontiera.ch\/fr\/wp-json\/wp\/v2\/product_brand?post=29565"},{"taxonomy":"product_cat","embeddable":true,"href":"https:\/\/www.freeshopfrontiera.ch\/fr\/wp-json\/wp\/v2\/product_cat?post=29565"},{"taxonomy":"product_tag","embeddable":true,"href":"https:\/\/www.freeshopfrontiera.ch\/fr\/wp-json\/wp\/v2\/product_tag?post=29565"}],"curies":[{"name":"wp","href":"https:\/\/api.w.org\/{rel}","templated":true}]}}