{"id":29579,"date":"2025-05-05T10:19:10","date_gmt":"2025-05-05T10:19:10","guid":{"rendered":"https:\/\/www.freeshopfrontiera.ch\/shop\/erborian-set-cc-dore\/"},"modified":"2025-05-05T11:37:20","modified_gmt":"2025-05-05T11:37:20","slug":"erborian-set-cc-dore","status":"publish","type":"product","link":"https:\/\/www.freeshopfrontiera.ch\/fr\/shop\/erborian-set-cc-dore\/","title":{"rendered":"ERBORIAN SET CC Dore"},"content":{"rendered":"<p class=\"\" data-start=\"3476\" data-end=\"3814\">R\u00e9v\u00e9lez la beaut\u00e9 naturelle de votre peau avec le <strong data-start=\"3526\" data-end=\"3596\">Coffret Erborian CC Cr\u00e8me Dor\u00e9 45ml + Super BB Concealer Dor\u00e9 10ml<\/strong>, le duo parfait pour un teint lumineux, unifi\u00e9 et visiblement sublim\u00e9. Con\u00e7u pour les carnations moyennes \u00e0 dor\u00e9es, ce set offre un effet \u201cseconde peau\u201d \u00e9clatant avec une couvrance modulable qui sublime sans alourdir.<\/p>\n<p class=\"\" data-start=\"3816\" data-end=\"4332\">La <strong data-start=\"3819\" data-end=\"3836\">CC Cr\u00e8me Dor\u00e9<\/strong> est une cr\u00e8me intelligente aux pigments encapsul\u00e9s qui s\u2019activent au contact de la peau et s\u2019adaptent parfaitement \u00e0 votre teinte naturelle. Enrichie en <strong data-start=\"3990\" data-end=\"4011\">Centella Asiatica<\/strong>, reconnue pour ses propri\u00e9t\u00e9s apaisantes et r\u00e9g\u00e9n\u00e9rantes, elle hydrate, calme et am\u00e9liore visiblement la texture de la peau. Avec une <strong data-start=\"4146\" data-end=\"4174\">protection solaire SPF25<\/strong>, elle prot\u00e8ge \u00e9galement des rayons UV, aidant \u00e0 pr\u00e9venir le vieillissement cutan\u00e9 pr\u00e9matur\u00e9. R\u00e9sultat : un teint naturellement unifi\u00e9, \u00e9clatant et plus sain.<\/p>\n<p class=\"\" data-start=\"4334\" data-end=\"4773\">Le <strong data-start=\"4337\" data-end=\"4364\">Super BB Concealer Dor\u00e9<\/strong> compl\u00e8te la routine avec une <strong data-start=\"4394\" data-end=\"4413\">haute couvrance<\/strong> des cernes, imperfections et irr\u00e9gularit\u00e9s du teint, sans effet pl\u00e2tre. Sa formule enrichie en <strong data-start=\"4509\" data-end=\"4531\">5\u202f% de Niacinamide<\/strong> et <strong data-start=\"4535\" data-end=\"4575\">extrait de fleur de ginseng ferment\u00e9<\/strong> traite la peau en profondeur, r\u00e9duisant les taches, signes de fatigue et irr\u00e9gularit\u00e9s au fil du temps. Sa texture cr\u00e9meuse fusionne parfaitement avec la peau pour un rendu naturel et longue tenue.<\/p>\n<p class=\"\" data-start=\"4775\" data-end=\"5084\">Adapt\u00e9 \u00e0 tous les types de peau, m\u00eame les plus sensibles, ce coffret est id\u00e9al pour celles et ceux qui souhaitent une routine visage simple, rapide et efficace. \u00c0 utiliser au quotidien pour un teint frais, net et naturellement lumineux. Une solution intelligente qui allie soin et maquillage en un seul geste.<\/p>\n<p data-start=\"1475\" data-end=\"1809\">Follow us! <a href=\"https:\/\/www.instagram.com\/freeshopswiss\/\" target=\"_blank\" rel=\"noopener\">@freeshopswiss<\/a><\/p>\n","protected":false},"excerpt":{"rendered":"<p>R\u00e9v\u00e9lez la beaut\u00e9 naturelle de votre peau avec le Coffret Erborian CC Cr\u00e8me Dor\u00e9 45ml + Super BB Concealer Dor\u00e9 10ml, le duo parfait pour un teint lumineux, unifi\u00e9 et visiblement sublim\u00e9. Con\u00e7u pour les carnations moyennes \u00e0 dor\u00e9es, ce set offre un effet \u201cseconde peau\u201d \u00e9clatant avec une couvrance modulable qui sublime sans alourdir. [&hellip;]<\/p>\n","protected":false},"featured_media":29574,"comment_status":"open","ping_status":"closed","template":"","meta":[],"pwb-brand":[411],"product_brand":[],"product_cat":[295,3768,566,539,545],"product_tag":[296,3611,477,474,417,301],"class_list":{"0":"post-29579","1":"product","2":"type-product","3":"status-publish","4":"has-post-thumbnail","6":"pwb-brand-erborian","7":"product_cat-traitements","8":"product_cat-k-beauty-fr","9":"product_cat-make-up-fr-2","10":"product_cat-maquillage-du-visage","11":"product_cat-soin-du-visage","12":"product_tag-femme","13":"product_tag-k-beauty-fr","14":"product_tag-maquillage","15":"product_tag-maquillage-du-visage","16":"product_tag-soins-fr","17":"product_tag-soins-du-visage","19":"first","20":"outofstock","21":"sale","22":"taxable","23":"shipping-taxable","24":"purchasable","25":"product-type-simple"},"brands":[{"id":411,"name":"Erborian","slug":"erborian"}],"_links":{"self":[{"href":"https:\/\/www.freeshopfrontiera.ch\/fr\/wp-json\/wp\/v2\/product\/29579","targetHints":{"allow":["GET"]}}],"collection":[{"href":"https:\/\/www.freeshopfrontiera.ch\/fr\/wp-json\/wp\/v2\/product"}],"about":[{"href":"https:\/\/www.freeshopfrontiera.ch\/fr\/wp-json\/wp\/v2\/types\/product"}],"replies":[{"embeddable":true,"href":"https:\/\/www.freeshopfrontiera.ch\/fr\/wp-json\/wp\/v2\/comments?post=29579"}],"version-history":[{"count":3,"href":"https:\/\/www.freeshopfrontiera.ch\/fr\/wp-json\/wp\/v2\/product\/29579\/revisions"}],"predecessor-version":[{"id":29588,"href":"https:\/\/www.freeshopfrontiera.ch\/fr\/wp-json\/wp\/v2\/product\/29579\/revisions\/29588"}],"wp:featuredmedia":[{"embeddable":true,"href":"https:\/\/www.freeshopfrontiera.ch\/fr\/wp-json\/wp\/v2\/media\/29574"}],"wp:attachment":[{"href":"https:\/\/www.freeshopfrontiera.ch\/fr\/wp-json\/wp\/v2\/media?parent=29579"}],"wp:term":[{"taxonomy":"pwb-brand","embeddable":true,"href":"https:\/\/www.freeshopfrontiera.ch\/fr\/wp-json\/wp\/v2\/pwb-brand?post=29579"},{"taxonomy":"product_brand","embeddable":true,"href":"https:\/\/www.freeshopfrontiera.ch\/fr\/wp-json\/wp\/v2\/product_brand?post=29579"},{"taxonomy":"product_cat","embeddable":true,"href":"https:\/\/www.freeshopfrontiera.ch\/fr\/wp-json\/wp\/v2\/product_cat?post=29579"},{"taxonomy":"product_tag","embeddable":true,"href":"https:\/\/www.freeshopfrontiera.ch\/fr\/wp-json\/wp\/v2\/product_tag?post=29579"}],"curies":[{"name":"wp","href":"https:\/\/api.w.org\/{rel}","templated":true}]}}