{"id":29647,"date":"2025-05-05T11:40:23","date_gmt":"2025-05-05T11:40:23","guid":{"rendered":"https:\/\/www.freeshopfrontiera.ch\/shop\/les-poulettes-masque-coup-declat-18ml\/"},"modified":"2025-05-05T11:48:52","modified_gmt":"2025-05-05T11:48:52","slug":"les-poulettes-masque-coup-declat-18ml","status":"publish","type":"product","link":"https:\/\/www.freeshopfrontiera.ch\/fr\/shop\/les-poulettes-masque-coup-declat-18ml\/","title":{"rendered":"LES POULETTES &#8211; Masque Coup d&rsquo;Eclat 18ml"},"content":{"rendered":"<p class=\"\" data-start=\"1614\" data-end=\"1914\">Offrez \u00e0 votre peau un coup d\u2019\u00e9clat imm\u00e9diat avec le <strong data-start=\"1667\" data-end=\"1709\">Masque Coup d\u2019\u00c9clat Les Poulettes 18ml<\/strong>, le masque en tissu bio id\u00e9al pour raviver les teints ternes et redonner fra\u00eecheur et \u00e9nergie aux peaux fatigu\u00e9es. Un v\u00e9ritable soin express, parfait avant un \u00e9v\u00e9nement ou d\u00e8s que vous souhaitez rayonner.<\/p>\n<p class=\"\" data-start=\"1916\" data-end=\"2253\">Formul\u00e9 avec <strong data-start=\"1929\" data-end=\"1971\">99 % d\u2019ingr\u00e9dients d\u2019origine naturelle<\/strong> et <strong data-start=\"1975\" data-end=\"2002\">certifi\u00e9 COSMOS ORGANIC<\/strong>, ce soin doux mais efficace associe des actifs naturels puissants. Son ingr\u00e9dient phare, l\u2019<strong data-start=\"2094\" data-end=\"2115\">huile d\u2019argan bio<\/strong>, riche en <strong data-start=\"2126\" data-end=\"2140\">vitamine E<\/strong> et <strong data-start=\"2144\" data-end=\"2169\">acides gras insatur\u00e9s<\/strong>, aide \u00e0 renforcer la barri\u00e8re cutan\u00e9e et \u00e0 am\u00e9liorer l\u2019\u00e9lasticit\u00e9 et la luminosit\u00e9.<\/p>\n<p class=\"\" data-start=\"2255\" data-end=\"2373\">Enrichi en <strong data-start=\"2266\" data-end=\"2283\">aloe vera bio<\/strong>, hydratant et apaisant, et en <strong data-start=\"2314\" data-end=\"2336\">glyc\u00e9rine v\u00e9g\u00e9tale<\/strong>, qui retient l\u2019eau et lisse la peau.<\/p>\n<p class=\"\" data-start=\"2375\" data-end=\"2592\">Le tissu du masque, en <strong data-start=\"2398\" data-end=\"2425\">cellulose biod\u00e9gradable<\/strong>, \u00e9pouse parfaitement les contours du visage pour une diffusion optimale des actifs. En <strong data-start=\"2513\" data-end=\"2532\">10 \u00e0 15 minutes<\/strong>, la peau est plus souple, fra\u00eeche et visiblement \u00e9clatante.<\/p>\n<p class=\"\" data-start=\"2594\" data-end=\"2844\">Le <strong data-start=\"2597\" data-end=\"2634\">Masque Coup d\u2019\u00c9clat Les Poulettes<\/strong> est <strong data-start=\"2639\" data-end=\"2667\">test\u00e9 dermatologiquement<\/strong>, sans parfum synth\u00e9tique, sans parab\u00e8nes ni silicones, et convient aux peaux sensibles. Parfait pour une routine beaut\u00e9 hebdomadaire ou pour un coup d\u2019\u00e9clat de derni\u00e8re minute.<\/p>\n<p class=\"\" data-start=\"2846\" data-end=\"2972\">Offrez-vous un geste beaut\u00e9 naturel, efficace et respectueux de votre peau et de l\u2019environnement avec <strong data-start=\"2948\" data-end=\"2971\">Les Poulettes Paris<\/strong>.<\/p>\n<p data-start=\"1836\" data-end=\"1977\">Follow us! <a href=\"https:\/\/www.instagram.com\/freeshopswiss\/\" target=\"_blank\" rel=\"noopener\">@freeshopswiss<\/a><\/p>\n","protected":false},"excerpt":{"rendered":"<p>Offrez \u00e0 votre peau un coup d\u2019\u00e9clat imm\u00e9diat avec le Masque Coup d\u2019\u00c9clat Les Poulettes 18ml, le masque en tissu bio id\u00e9al pour raviver les teints ternes et redonner fra\u00eecheur et \u00e9nergie aux peaux fatigu\u00e9es. Un v\u00e9ritable soin express, parfait avant un \u00e9v\u00e9nement ou d\u00e8s que vous souhaitez rayonner. Formul\u00e9 avec 99 % d\u2019ingr\u00e9dients d\u2019origine [&hellip;]<\/p>\n","protected":false},"featured_media":29643,"comment_status":"open","ping_status":"closed","template":"","meta":[],"pwb-brand":[986],"product_brand":[],"product_cat":[109,295,545],"product_tag":[481,296,417,301],"class_list":{"0":"post-29647","1":"product","2":"type-product","3":"status-publish","4":"has-post-thumbnail","6":"pwb-brand-les-poulettes","7":"product_cat-pour-elle","8":"product_cat-traitements","9":"product_cat-soin-du-visage","10":"product_tag-anti-rides-fr","11":"product_tag-femme","12":"product_tag-soins-fr","13":"product_tag-soins-du-visage","15":"first","16":"instock","17":"sale","18":"taxable","19":"shipping-taxable","20":"purchasable","21":"product-type-simple"},"brands":[{"id":986,"name":"Les Poulettes","slug":"les-poulettes"}],"_links":{"self":[{"href":"https:\/\/www.freeshopfrontiera.ch\/fr\/wp-json\/wp\/v2\/product\/29647","targetHints":{"allow":["GET"]}}],"collection":[{"href":"https:\/\/www.freeshopfrontiera.ch\/fr\/wp-json\/wp\/v2\/product"}],"about":[{"href":"https:\/\/www.freeshopfrontiera.ch\/fr\/wp-json\/wp\/v2\/types\/product"}],"replies":[{"embeddable":true,"href":"https:\/\/www.freeshopfrontiera.ch\/fr\/wp-json\/wp\/v2\/comments?post=29647"}],"version-history":[{"count":1,"href":"https:\/\/www.freeshopfrontiera.ch\/fr\/wp-json\/wp\/v2\/product\/29647\/revisions"}],"predecessor-version":[{"id":29652,"href":"https:\/\/www.freeshopfrontiera.ch\/fr\/wp-json\/wp\/v2\/product\/29647\/revisions\/29652"}],"wp:featuredmedia":[{"embeddable":true,"href":"https:\/\/www.freeshopfrontiera.ch\/fr\/wp-json\/wp\/v2\/media\/29643"}],"wp:attachment":[{"href":"https:\/\/www.freeshopfrontiera.ch\/fr\/wp-json\/wp\/v2\/media?parent=29647"}],"wp:term":[{"taxonomy":"pwb-brand","embeddable":true,"href":"https:\/\/www.freeshopfrontiera.ch\/fr\/wp-json\/wp\/v2\/pwb-brand?post=29647"},{"taxonomy":"product_brand","embeddable":true,"href":"https:\/\/www.freeshopfrontiera.ch\/fr\/wp-json\/wp\/v2\/product_brand?post=29647"},{"taxonomy":"product_cat","embeddable":true,"href":"https:\/\/www.freeshopfrontiera.ch\/fr\/wp-json\/wp\/v2\/product_cat?post=29647"},{"taxonomy":"product_tag","embeddable":true,"href":"https:\/\/www.freeshopfrontiera.ch\/fr\/wp-json\/wp\/v2\/product_tag?post=29647"}],"curies":[{"name":"wp","href":"https:\/\/api.w.org\/{rel}","templated":true}]}}