{"id":29738,"date":"2025-05-05T14:02:35","date_gmt":"2025-05-05T14:02:35","guid":{"rendered":"https:\/\/www.freeshopfrontiera.ch\/shop\/cosrx-advanced-snail-92-all-in-one-cream-jar-100g\/"},"modified":"2025-05-05T14:08:21","modified_gmt":"2025-05-05T14:08:21","slug":"cosrx-advanced-snail-92-all-in-one-cream-jar-100g","status":"publish","type":"product","link":"https:\/\/www.freeshopfrontiera.ch\/fr\/shop\/cosrx-advanced-snail-92-all-in-one-cream-jar-100g\/","title":{"rendered":"COSRX Advanced Snail 92 All In One Cream Jar 100g"},"content":{"rendered":"<p class=\"\" data-start=\"1708\" data-end=\"2088\">D\u00e9couvrez le pouvoir multifonction de la cosm\u00e9tique cor\u00e9enne avec la <strong data-start=\"1777\" data-end=\"1821\">COSRX Advanced Snail 92 All In One Cream<\/strong>, une cr\u00e8me visage hydratante, r\u00e9paratrice et apaisante compos\u00e9e \u00e0 92 % de mucine d\u2019escargot. Cet ingr\u00e9dient naturel est r\u00e9put\u00e9 pour ses vertus r\u00e9g\u00e9n\u00e9rantes exceptionnelles, aidant \u00e0 am\u00e9liorer l\u2019\u00e9lasticit\u00e9 de la peau, att\u00e9nuer les signes de l\u2019\u00e2ge et unifier le teint.<\/p>\n<p class=\"\" data-start=\"2090\" data-end=\"2342\">Sa texture onctueuse mais l\u00e9g\u00e8re p\u00e9n\u00e8tre rapidement sans effet gras, apportant une nutrition intense. Adapt\u00e9e \u00e0 tous les types de peau, m\u00eame sensibles, cette cr\u00e8me est parfaite pour hydrater, renforcer et restaurer la barri\u00e8re cutan\u00e9e en un seul geste.<\/p>\n<p class=\"\" data-start=\"2344\" data-end=\"2601\">La mucine d\u2019escargot, filtr\u00e9e et purifi\u00e9e, agit efficacement sur les cicatrices d\u2019acn\u00e9, les taches et les rides fines. Elle est enrichie en <strong data-start=\"2484\" data-end=\"2506\">acide hyaluronique<\/strong> pour une hydratation durable et en <strong data-start=\"2542\" data-end=\"2553\">b\u00e9ta\u00efne<\/strong> pour maintenir l\u2019\u00e9quilibre hydrique de la peau.<\/p>\n<p class=\"\" data-start=\"2603\" data-end=\"2807\">La <strong data-start=\"2606\" data-end=\"2633\">Advanced Snail 92 Cream<\/strong> est formul\u00e9e sans parab\u00e8nes, parfums synth\u00e9tiques, alcool ni huiles min\u00e9rales. Test\u00e9e dermatologiquement, elle convient m\u00eame aux peaux sensibles ou sujettes aux irritations.<\/p>\n<p class=\"\" data-start=\"2809\" data-end=\"2973\"><strong data-start=\"2809\" data-end=\"2835\">Conseils d&rsquo;utilisation<\/strong> : appliquer une quantit\u00e9 suffisante sur le visage et le cou, matin et soir, apr\u00e8s le s\u00e9rum. Masser doucement jusqu\u2019\u00e0 absorption compl\u00e8te.<\/p>\n<p class=\"\" data-start=\"2975\" data-end=\"3127\">Faites confiance \u00e0 <strong data-start=\"2994\" data-end=\"3003\">COSRX<\/strong>, marque culte de la K-beauty, et offrez \u00e0 votre peau une cr\u00e8me qui allie innovation, tradition et expertise dermatologique.<\/p>\n<p data-start=\"1557\" data-end=\"1750\">Follow us! <a href=\"https:\/\/www.instagram.com\/freeshopswiss\/\" target=\"_blank\" rel=\"noopener\">@freeshopswiss<\/a><\/p>\n","protected":false},"excerpt":{"rendered":"<p>D\u00e9couvrez le pouvoir multifonction de la cosm\u00e9tique cor\u00e9enne avec la COSRX Advanced Snail 92 All In One Cream, une cr\u00e8me visage hydratante, r\u00e9paratrice et apaisante compos\u00e9e \u00e0 92 % de mucine d\u2019escargot. Cet ingr\u00e9dient naturel est r\u00e9put\u00e9 pour ses vertus r\u00e9g\u00e9n\u00e9rantes exceptionnelles, aidant \u00e0 am\u00e9liorer l\u2019\u00e9lasticit\u00e9 de la peau, att\u00e9nuer les signes de l\u2019\u00e2ge et [&hellip;]<\/p>\n","protected":false},"featured_media":29730,"comment_status":"open","ping_status":"closed","template":"","meta":[],"pwb-brand":[576],"product_brand":[],"product_cat":[109,295,3768],"product_tag":[296,3611,417],"class_list":{"0":"post-29738","1":"product","2":"type-product","3":"status-publish","4":"has-post-thumbnail","6":"pwb-brand-cosrx","7":"product_cat-pour-elle","8":"product_cat-traitements","9":"product_cat-k-beauty-fr","10":"product_tag-femme","11":"product_tag-k-beauty-fr","12":"product_tag-soins-fr","14":"first","15":"instock","16":"sale","17":"taxable","18":"shipping-taxable","19":"purchasable","20":"product-type-simple"},"brands":[{"id":576,"name":"Cosrx","slug":"cosrx"}],"_links":{"self":[{"href":"https:\/\/www.freeshopfrontiera.ch\/fr\/wp-json\/wp\/v2\/product\/29738","targetHints":{"allow":["GET"]}}],"collection":[{"href":"https:\/\/www.freeshopfrontiera.ch\/fr\/wp-json\/wp\/v2\/product"}],"about":[{"href":"https:\/\/www.freeshopfrontiera.ch\/fr\/wp-json\/wp\/v2\/types\/product"}],"replies":[{"embeddable":true,"href":"https:\/\/www.freeshopfrontiera.ch\/fr\/wp-json\/wp\/v2\/comments?post=29738"}],"version-history":[{"count":2,"href":"https:\/\/www.freeshopfrontiera.ch\/fr\/wp-json\/wp\/v2\/product\/29738\/revisions"}],"predecessor-version":[{"id":29746,"href":"https:\/\/www.freeshopfrontiera.ch\/fr\/wp-json\/wp\/v2\/product\/29738\/revisions\/29746"}],"wp:featuredmedia":[{"embeddable":true,"href":"https:\/\/www.freeshopfrontiera.ch\/fr\/wp-json\/wp\/v2\/media\/29730"}],"wp:attachment":[{"href":"https:\/\/www.freeshopfrontiera.ch\/fr\/wp-json\/wp\/v2\/media?parent=29738"}],"wp:term":[{"taxonomy":"pwb-brand","embeddable":true,"href":"https:\/\/www.freeshopfrontiera.ch\/fr\/wp-json\/wp\/v2\/pwb-brand?post=29738"},{"taxonomy":"product_brand","embeddable":true,"href":"https:\/\/www.freeshopfrontiera.ch\/fr\/wp-json\/wp\/v2\/product_brand?post=29738"},{"taxonomy":"product_cat","embeddable":true,"href":"https:\/\/www.freeshopfrontiera.ch\/fr\/wp-json\/wp\/v2\/product_cat?post=29738"},{"taxonomy":"product_tag","embeddable":true,"href":"https:\/\/www.freeshopfrontiera.ch\/fr\/wp-json\/wp\/v2\/product_tag?post=29738"}],"curies":[{"name":"wp","href":"https:\/\/api.w.org\/{rel}","templated":true}]}}