{"id":29778,"date":"2025-05-06T10:17:53","date_gmt":"2025-05-06T10:17:53","guid":{"rendered":"https:\/\/www.freeshopfrontiera.ch\/shop\/clarins-set-solaire-spf-50\/"},"modified":"2025-05-06T10:22:43","modified_gmt":"2025-05-06T10:22:43","slug":"clarins-set-solaire-spf-50","status":"publish","type":"product","link":"https:\/\/www.freeshopfrontiera.ch\/fr\/shop\/clarins-set-solaire-spf-50\/","title":{"rendered":"CLARINS SET Solaire SPF 50+"},"content":{"rendered":"<p class=\"\" data-start=\"1655\" data-end=\"2040\">D\u00e9couvrez le coffret solaire Clarins, le duo parfait pour prot\u00e9ger et apaiser votre peau pendant et apr\u00e8s l\u2019exposition au soleil. Ce kit exclusif contient deux essentiels pour votre routine beaut\u00e9 estivale : <strong data-start=\"1863\" data-end=\"1903\">Spray Solaire Lact\u00e9 SPF 50+ (150 ml)<\/strong> et <strong data-start=\"1907\" data-end=\"1951\">Baume Apr\u00e8s-Soleil Apaisant 48H (150 ml)<\/strong>. Id\u00e9al pour les vacances \u00e0 la plage, la piscine ou profiter du soleil en toute s\u00e9curit\u00e9.<\/p>\n<p class=\"\" data-start=\"2042\" data-end=\"2385\"><strong data-start=\"2042\" data-end=\"2076\">Le Spray Solaire Lact\u00e9 SPF 50+<\/strong> assure une haute protection pour le visage et le corps. Sa texture l\u00e9g\u00e8re et non grasse s\u2019applique facilement et p\u00e9n\u00e8tre rapidement, laissant la peau douce et prot\u00e9g\u00e9e. Gr\u00e2ce \u00e0 ses filtres solaires avanc\u00e9s et extraits v\u00e9g\u00e9taux, il prot\u00e8ge efficacement des rayons UVA\/UVB et pr\u00e9vient le vieillissement cutan\u00e9.<\/p>\n<p class=\"\" data-start=\"2387\" data-end=\"2592\"><strong data-start=\"2387\" data-end=\"2425\">Le Baume Apr\u00e8s-Soleil Apaisant 48H<\/strong> hydrate intens\u00e9ment et apaise la peau apr\u00e8s le soleil. Riche en antioxydants et ingr\u00e9dients naturels, il aide \u00e0 prolonger le bronzage tout en \u00e9vitant la desquamation.<\/p>\n<p class=\"\" data-start=\"2594\" data-end=\"2738\">Test\u00e9 dermatologiquement et adapt\u00e9 \u00e0 tous les types de peau, m\u00eame les plus sensibles. Une excellente id\u00e9e cadeau ou un indispensable pour l&rsquo;\u00e9t\u00e9.<\/p>\n<p class=\"\" data-start=\"2740\" data-end=\"2767\"><strong data-start=\"2740\" data-end=\"2767\">Les atouts du coffret :<\/strong><\/p>\n<ul data-start=\"2768\" data-end=\"2909\">\n<li class=\"\" data-start=\"2768\" data-end=\"2799\">\n<p class=\"\" data-start=\"2770\" data-end=\"2799\">Tr\u00e8s haute protection SPF 50+<\/p>\n<\/li>\n<li class=\"\" data-start=\"2800\" data-end=\"2841\">\n<p class=\"\" data-start=\"2802\" data-end=\"2841\">Hydratation prolong\u00e9e pendant 48 heures<\/p>\n<\/li>\n<li class=\"\" data-start=\"2842\" data-end=\"2878\">\n<p class=\"\" data-start=\"2844\" data-end=\"2878\">Texture l\u00e9g\u00e8re, sans effet collant<\/p>\n<\/li>\n<li class=\"\" data-start=\"2879\" data-end=\"2909\">\n<p class=\"\" data-start=\"2881\" data-end=\"2909\">Convient aux peaux sensibles<\/p>\n<\/li>\n<\/ul>\n<p class=\"\" data-start=\"2911\" data-end=\"2981\">Vivez l&rsquo;\u00e9t\u00e9 en toute s\u00e9r\u00e9nit\u00e9 avec Clarins. Commandez d\u00e8s maintenant !<\/p>\n<p data-start=\"1697\" data-end=\"1793\">Follow us! <a href=\"https:\/\/www.instagram.com\/freeshopswiss\/\" target=\"_blank\" rel=\"noopener\">@freeshopswiss<\/a><\/p>\n","protected":false},"excerpt":{"rendered":"<p>D\u00e9couvrez le coffret solaire Clarins, le duo parfait pour prot\u00e9ger et apaiser votre peau pendant et apr\u00e8s l\u2019exposition au soleil. Ce kit exclusif contient deux essentiels pour votre routine beaut\u00e9 estivale : Spray Solaire Lact\u00e9 SPF 50+ (150 ml) et Baume Apr\u00e8s-Soleil Apaisant 48H (150 ml). Id\u00e9al pour les vacances \u00e0 la plage, la piscine [&hellip;]<\/p>\n","protected":false},"featured_media":29774,"comment_status":"open","ping_status":"closed","template":"","meta":[],"pwb-brand":[311],"product_brand":[],"product_cat":[109,89,295,424],"product_tag":[553,493,296,143,417],"class_list":{"0":"post-29778","1":"product","2":"type-product","3":"status-publish","4":"has-post-thumbnail","6":"pwb-brand-clarins","7":"product_cat-pour-elle","8":"product_cat-pour-lui","9":"product_cat-traitements","10":"product_cat-solari-fr","11":"product_tag-creme-solaire","12":"product_tag-ecrans-solaires","13":"product_tag-femme","14":"product_tag-homme","15":"product_tag-soins-fr","17":"first","18":"outofstock","19":"sale","20":"taxable","21":"shipping-taxable","22":"purchasable","23":"product-type-simple"},"brands":[{"id":311,"name":"Clarins","slug":"clarins"}],"_links":{"self":[{"href":"https:\/\/www.freeshopfrontiera.ch\/fr\/wp-json\/wp\/v2\/product\/29778","targetHints":{"allow":["GET"]}}],"collection":[{"href":"https:\/\/www.freeshopfrontiera.ch\/fr\/wp-json\/wp\/v2\/product"}],"about":[{"href":"https:\/\/www.freeshopfrontiera.ch\/fr\/wp-json\/wp\/v2\/types\/product"}],"replies":[{"embeddable":true,"href":"https:\/\/www.freeshopfrontiera.ch\/fr\/wp-json\/wp\/v2\/comments?post=29778"}],"version-history":[{"count":2,"href":"https:\/\/www.freeshopfrontiera.ch\/fr\/wp-json\/wp\/v2\/product\/29778\/revisions"}],"predecessor-version":[{"id":29783,"href":"https:\/\/www.freeshopfrontiera.ch\/fr\/wp-json\/wp\/v2\/product\/29778\/revisions\/29783"}],"wp:featuredmedia":[{"embeddable":true,"href":"https:\/\/www.freeshopfrontiera.ch\/fr\/wp-json\/wp\/v2\/media\/29774"}],"wp:attachment":[{"href":"https:\/\/www.freeshopfrontiera.ch\/fr\/wp-json\/wp\/v2\/media?parent=29778"}],"wp:term":[{"taxonomy":"pwb-brand","embeddable":true,"href":"https:\/\/www.freeshopfrontiera.ch\/fr\/wp-json\/wp\/v2\/pwb-brand?post=29778"},{"taxonomy":"product_brand","embeddable":true,"href":"https:\/\/www.freeshopfrontiera.ch\/fr\/wp-json\/wp\/v2\/product_brand?post=29778"},{"taxonomy":"product_cat","embeddable":true,"href":"https:\/\/www.freeshopfrontiera.ch\/fr\/wp-json\/wp\/v2\/product_cat?post=29778"},{"taxonomy":"product_tag","embeddable":true,"href":"https:\/\/www.freeshopfrontiera.ch\/fr\/wp-json\/wp\/v2\/product_tag?post=29778"}],"curies":[{"name":"wp","href":"https:\/\/api.w.org\/{rel}","templated":true}]}}