{"id":29810,"date":"2025-05-06T11:09:40","date_gmt":"2025-05-06T11:09:40","guid":{"rendered":"https:\/\/www.freeshopfrontiera.ch\/shop\/clarins-creme-solaire-corps-spf30-150ml\/"},"modified":"2025-05-06T11:24:27","modified_gmt":"2025-05-06T11:24:27","slug":"clarins-creme-solaire-corps-spf30-150ml","status":"publish","type":"product","link":"https:\/\/www.freeshopfrontiera.ch\/fr\/shop\/clarins-creme-solaire-corps-spf30-150ml\/","title":{"rendered":"CLARINS Creme Solaire Corps SPF30 150ml"},"content":{"rendered":"<p class=\"\" data-start=\"1743\" data-end=\"2125\">La <strong data-start=\"1746\" data-end=\"1787\">Cr\u00e8me Solaire Corps SPF 30 de Clarins<\/strong> est id\u00e9ale pour ceux qui recherchent une <strong data-start=\"1829\" data-end=\"1912\">protection solaire efficace tout en favorisant un bronzage lumineux et uniforme<\/strong>. Sa <strong data-start=\"1917\" data-end=\"1958\">formule enrichie en extraits v\u00e9g\u00e9taux<\/strong> offre une <strong data-start=\"1969\" data-end=\"2020\">protection moyenne contre les rayons UVA et UVB<\/strong>, tout en aidant \u00e0 pr\u00e9venir les coups de soleil, la d\u00e9shydratation et le vieillissement cutan\u00e9 pr\u00e9matur\u00e9.<\/p>\n<p class=\"\" data-start=\"2127\" data-end=\"2360\">Sa <strong data-start=\"2130\" data-end=\"2161\">texture cr\u00e9meuse et soyeuse<\/strong> p\u00e9n\u00e8tre rapidement sans laisser de film gras ni de traces blanches. La peau est instantan\u00e9ment plus douce, souple et bien hydrat\u00e9e. Parfaite pour les expositions mod\u00e9r\u00e9es ou les peaux d\u00e9j\u00e0 bronz\u00e9es.<\/p>\n<p class=\"\" data-start=\"2362\" data-end=\"2711\">Gr\u00e2ce au <strong data-start=\"2371\" data-end=\"2401\">Complexe SunPlant exclusif<\/strong> de Clarins, cette cr\u00e8me associe <strong data-start=\"2434\" data-end=\"2475\">aloe vera, baobab et plantain sauvage<\/strong> pour renforcer la barri\u00e8re cutan\u00e9e, apaiser la peau et maintenir une sensation de fra\u00eecheur sous le soleil. Sa formule est <strong data-start=\"2599\" data-end=\"2643\">r\u00e9sistante \u00e0 l\u2019eau et \u00e0 la transpiration<\/strong>, id\u00e9ale pour les activit\u00e9s en plein air ou les journ\u00e9es \u00e0 la plage.<\/p>\n<p class=\"\" data-start=\"2713\" data-end=\"2921\"><strong data-start=\"2713\" data-end=\"2742\">Test\u00e9e dermatologiquement<\/strong> et adapt\u00e9e \u00e0 tous les types de peau, m\u00eame sensibles, cette cr\u00e8me solaire respecte \u00e9galement les oc\u00e9ans gr\u00e2ce \u00e0 une <strong data-start=\"2858\" data-end=\"2920\">formule \u00e9coresponsable sans filtres nocifs pour les coraux<\/strong>.<\/p>\n<p class=\"\" data-start=\"2923\" data-end=\"2942\"><strong data-start=\"2923\" data-end=\"2942\">Les avantages :<\/strong><\/p>\n<ul data-start=\"2943\" data-end=\"3151\">\n<li class=\"\" data-start=\"2943\" data-end=\"2978\">\n<p class=\"\" data-start=\"2945\" data-end=\"2978\">Protection solaire moyenne SPF 30<\/p>\n<\/li>\n<li class=\"\" data-start=\"2979\" data-end=\"3018\">\n<p class=\"\" data-start=\"2981\" data-end=\"3018\">Favorise un bronzage dor\u00e9 et homog\u00e8ne<\/p>\n<\/li>\n<li class=\"\" data-start=\"3019\" data-end=\"3063\">\n<p class=\"\" data-start=\"3021\" data-end=\"3063\">Hydratation intense et apaisement imm\u00e9diat<\/p>\n<\/li>\n<li class=\"\" data-start=\"3064\" data-end=\"3117\">\n<p class=\"\" data-start=\"3066\" data-end=\"3117\">R\u00e9sistante \u00e0 l\u2019eau, id\u00e9ale pour les peaux sensibles<\/p>\n<\/li>\n<li class=\"\" data-start=\"3118\" data-end=\"3151\">\n<p class=\"\" data-start=\"3120\" data-end=\"3151\">Formule respectueuse des oc\u00e9ans<\/p>\n<\/li>\n<\/ul>\n<p class=\"\" data-start=\"3153\" data-end=\"3214\">Avec Clarins, profitez du soleil en toute beaut\u00e9 et s\u00e9curit\u00e9.<\/p>\n<p data-start=\"1854\" data-end=\"1929\">Follow us! <a href=\"https:\/\/www.instagram.com\/freeshopswiss\/\" target=\"_blank\" rel=\"noopener\">@freeshopswiss<\/a><\/p>\n","protected":false},"excerpt":{"rendered":"<p>La Cr\u00e8me Solaire Corps SPF 30 de Clarins est id\u00e9ale pour ceux qui recherchent une protection solaire efficace tout en favorisant un bronzage lumineux et uniforme. Sa formule enrichie en extraits v\u00e9g\u00e9taux offre une protection moyenne contre les rayons UVA et UVB, tout en aidant \u00e0 pr\u00e9venir les coups de soleil, la d\u00e9shydratation et le [&hellip;]<\/p>\n","protected":false},"featured_media":29806,"comment_status":"open","ping_status":"closed","template":"","meta":[],"pwb-brand":[311],"product_brand":[],"product_cat":[109,89,295,424],"product_tag":[553,493,296,143],"class_list":{"0":"post-29810","1":"product","2":"type-product","3":"status-publish","4":"has-post-thumbnail","6":"pwb-brand-clarins","7":"product_cat-pour-elle","8":"product_cat-pour-lui","9":"product_cat-traitements","10":"product_cat-solari-fr","11":"product_tag-creme-solaire","12":"product_tag-ecrans-solaires","13":"product_tag-femme","14":"product_tag-homme","16":"first","17":"outofstock","18":"sale","19":"taxable","20":"shipping-taxable","21":"purchasable","22":"product-type-simple"},"brands":[{"id":311,"name":"Clarins","slug":"clarins"}],"_links":{"self":[{"href":"https:\/\/www.freeshopfrontiera.ch\/fr\/wp-json\/wp\/v2\/product\/29810","targetHints":{"allow":["GET"]}}],"collection":[{"href":"https:\/\/www.freeshopfrontiera.ch\/fr\/wp-json\/wp\/v2\/product"}],"about":[{"href":"https:\/\/www.freeshopfrontiera.ch\/fr\/wp-json\/wp\/v2\/types\/product"}],"replies":[{"embeddable":true,"href":"https:\/\/www.freeshopfrontiera.ch\/fr\/wp-json\/wp\/v2\/comments?post=29810"}],"version-history":[{"count":2,"href":"https:\/\/www.freeshopfrontiera.ch\/fr\/wp-json\/wp\/v2\/product\/29810\/revisions"}],"predecessor-version":[{"id":29815,"href":"https:\/\/www.freeshopfrontiera.ch\/fr\/wp-json\/wp\/v2\/product\/29810\/revisions\/29815"}],"wp:featuredmedia":[{"embeddable":true,"href":"https:\/\/www.freeshopfrontiera.ch\/fr\/wp-json\/wp\/v2\/media\/29806"}],"wp:attachment":[{"href":"https:\/\/www.freeshopfrontiera.ch\/fr\/wp-json\/wp\/v2\/media?parent=29810"}],"wp:term":[{"taxonomy":"pwb-brand","embeddable":true,"href":"https:\/\/www.freeshopfrontiera.ch\/fr\/wp-json\/wp\/v2\/pwb-brand?post=29810"},{"taxonomy":"product_brand","embeddable":true,"href":"https:\/\/www.freeshopfrontiera.ch\/fr\/wp-json\/wp\/v2\/product_brand?post=29810"},{"taxonomy":"product_cat","embeddable":true,"href":"https:\/\/www.freeshopfrontiera.ch\/fr\/wp-json\/wp\/v2\/product_cat?post=29810"},{"taxonomy":"product_tag","embeddable":true,"href":"https:\/\/www.freeshopfrontiera.ch\/fr\/wp-json\/wp\/v2\/product_tag?post=29810"}],"curies":[{"name":"wp","href":"https:\/\/api.w.org\/{rel}","templated":true}]}}