{"id":29844,"date":"2025-05-06T12:35:46","date_gmt":"2025-05-06T12:35:46","guid":{"rendered":"https:\/\/www.freeshopfrontiera.ch\/shop\/collistar-sun-face-cream-anti-age-spf50-50ml\/"},"modified":"2025-05-06T12:41:01","modified_gmt":"2025-05-06T12:41:01","slug":"collistar-sun-face-cream-anti-age-spf50-50ml","status":"publish","type":"product","link":"https:\/\/www.freeshopfrontiera.ch\/fr\/shop\/collistar-sun-face-cream-anti-age-spf50-50ml\/","title":{"rendered":"COLLISTAR Sun Face Cream Anti-Age SPF50+ 50ml"},"content":{"rendered":"<p class=\"\" data-start=\"1943\" data-end=\"2304\">La <strong data-start=\"1946\" data-end=\"2000\">Cr\u00e8me Solaire Visage Anti-\u00c2ge SPF 50+ de Collistar<\/strong> est le soin solaire parfait pour celles et ceux qui recherchent une <strong data-start=\"2069\" data-end=\"2094\">protection tr\u00e8s haute<\/strong> associ\u00e9e \u00e0 une <strong data-start=\"2110\" data-end=\"2136\">action anti-\u00e2ge cibl\u00e9e<\/strong>. Con\u00e7ue pour le visage, elle prot\u00e8ge efficacement contre les <strong data-start=\"2198\" data-end=\"2254\">rayons UVA, UVB, les infrarouges et la lumi\u00e8re bleue<\/strong>, responsables du vieillissement cutan\u00e9 pr\u00e9matur\u00e9.<\/p>\n<p class=\"\" data-start=\"2306\" data-end=\"2639\">Sa <strong data-start=\"2309\" data-end=\"2336\">formule haute tol\u00e9rance<\/strong>, enrichie d\u2019un complexe actif anti-\u00e2ge, aide \u00e0 pr\u00e9venir les rides, les taches pigmentaires et la perte de fermet\u00e9. R\u00e9sultat : une peau plus jeune, lumineuse et tonique. Sa <strong data-start=\"2509\" data-end=\"2539\">texture l\u00e9g\u00e8re et cr\u00e9meuse<\/strong> p\u00e9n\u00e8tre rapidement sans laisser de film blanc ni de sensation grasse, id\u00e9ale en base de maquillage.<\/p>\n<p class=\"\" data-start=\"2641\" data-end=\"2930\">Parfaite pour les <strong data-start=\"2659\" data-end=\"2689\">peaux sensibles ou claires<\/strong> et les expositions prolong\u00e9es au soleil, elle est <strong data-start=\"2740\" data-end=\"2762\">r\u00e9sistante \u00e0 l\u2019eau<\/strong> et assure une hydratation durable, m\u00eame en cas de chaleur intense ou de transpiration. Convient \u00e0 une <strong data-start=\"2865\" data-end=\"2892\">utilisation quotidienne<\/strong>, en ville, \u00e0 la plage ou en altitude.<\/p>\n<p class=\"\" data-start=\"2932\" data-end=\"3071\"><strong data-start=\"2932\" data-end=\"2961\">Test\u00e9e dermatologiquement<\/strong>, <strong data-start=\"2963\" data-end=\"2981\">non com\u00e9dog\u00e8ne<\/strong> et <strong data-start=\"2985\" data-end=\"3003\">sans parab\u00e8nes<\/strong>, cette cr\u00e8me est l\u2019alli\u00e9e essentielle d\u2019une peau jeune et prot\u00e9g\u00e9e.<\/p>\n<p class=\"\" data-start=\"3073\" data-end=\"3095\"><strong data-start=\"3073\" data-end=\"3095\">Les points forts :<\/strong><\/p>\n<ul data-start=\"3096\" data-end=\"3381\">\n<li class=\"\" data-start=\"3096\" data-end=\"3157\">\n<p class=\"\" data-start=\"3098\" data-end=\"3157\">Tr\u00e8s haute protection SPF 50+ (UVA, UVB, IR, lumi\u00e8re bleue)<\/p>\n<\/li>\n<li class=\"\" data-start=\"3158\" data-end=\"3206\">\n<p class=\"\" data-start=\"3160\" data-end=\"3206\">Action anti-\u00e2ge : pr\u00e9vient les rides et taches<\/p>\n<\/li>\n<li class=\"\" data-start=\"3207\" data-end=\"3257\">\n<p class=\"\" data-start=\"3209\" data-end=\"3257\">Texture l\u00e9g\u00e8re, hydratante, sans traces blanches<\/p>\n<\/li>\n<li class=\"\" data-start=\"3258\" data-end=\"3287\">\n<p class=\"\" data-start=\"3260\" data-end=\"3287\">Adapt\u00e9e aux peaux sensibles<\/p>\n<\/li>\n<li class=\"\" data-start=\"3288\" data-end=\"3329\">\n<p class=\"\" data-start=\"3290\" data-end=\"3329\">R\u00e9sistante \u00e0 l\u2019eau, id\u00e9ale au quotidien<\/p>\n<\/li>\n<li class=\"\" data-start=\"3330\" data-end=\"3381\">\n<p class=\"\" data-start=\"3332\" data-end=\"3381\">Formule sans parab\u00e8nes, test\u00e9e dermatologiquement<\/p>\n<\/li>\n<\/ul>\n<p class=\"\" data-start=\"3383\" data-end=\"3457\">Avec <strong data-start=\"3388\" data-end=\"3401\">Collistar<\/strong>, la science italienne prot\u00e8ge votre beaut\u00e9 chaque jour.<\/p>\n<p data-start=\"1842\" data-end=\"1946\">Follow us! <a href=\"https:\/\/www.instagram.com\/freeshopswiss\/\" target=\"_blank\" rel=\"noopener\">@freeshopswiss<\/a><\/p>\n","protected":false},"excerpt":{"rendered":"<p>La Cr\u00e8me Solaire Visage Anti-\u00c2ge SPF 50+ de Collistar est le soin solaire parfait pour celles et ceux qui recherchent une protection tr\u00e8s haute associ\u00e9e \u00e0 une action anti-\u00e2ge cibl\u00e9e. Con\u00e7ue pour le visage, elle prot\u00e8ge efficacement contre les rayons UVA, UVB, les infrarouges et la lumi\u00e8re bleue, responsables du vieillissement cutan\u00e9 pr\u00e9matur\u00e9. Sa formule [&hellip;]<\/p>\n","protected":false},"featured_media":29836,"comment_status":"open","ping_status":"closed","template":"","meta":[],"pwb-brand":[437],"product_brand":[],"product_cat":[109,89,295,424],"product_tag":[553,493,417],"class_list":{"0":"post-29844","1":"product","2":"type-product","3":"status-publish","4":"has-post-thumbnail","6":"pwb-brand-collistar","7":"product_cat-pour-elle","8":"product_cat-pour-lui","9":"product_cat-traitements","10":"product_cat-solari-fr","11":"product_tag-creme-solaire","12":"product_tag-ecrans-solaires","13":"product_tag-soins-fr","15":"first","16":"instock","17":"sale","18":"taxable","19":"shipping-taxable","20":"purchasable","21":"product-type-simple"},"brands":[{"id":437,"name":"Collistar","slug":"collistar"}],"_links":{"self":[{"href":"https:\/\/www.freeshopfrontiera.ch\/fr\/wp-json\/wp\/v2\/product\/29844","targetHints":{"allow":["GET"]}}],"collection":[{"href":"https:\/\/www.freeshopfrontiera.ch\/fr\/wp-json\/wp\/v2\/product"}],"about":[{"href":"https:\/\/www.freeshopfrontiera.ch\/fr\/wp-json\/wp\/v2\/types\/product"}],"replies":[{"embeddable":true,"href":"https:\/\/www.freeshopfrontiera.ch\/fr\/wp-json\/wp\/v2\/comments?post=29844"}],"version-history":[{"count":1,"href":"https:\/\/www.freeshopfrontiera.ch\/fr\/wp-json\/wp\/v2\/product\/29844\/revisions"}],"predecessor-version":[{"id":29849,"href":"https:\/\/www.freeshopfrontiera.ch\/fr\/wp-json\/wp\/v2\/product\/29844\/revisions\/29849"}],"wp:featuredmedia":[{"embeddable":true,"href":"https:\/\/www.freeshopfrontiera.ch\/fr\/wp-json\/wp\/v2\/media\/29836"}],"wp:attachment":[{"href":"https:\/\/www.freeshopfrontiera.ch\/fr\/wp-json\/wp\/v2\/media?parent=29844"}],"wp:term":[{"taxonomy":"pwb-brand","embeddable":true,"href":"https:\/\/www.freeshopfrontiera.ch\/fr\/wp-json\/wp\/v2\/pwb-brand?post=29844"},{"taxonomy":"product_brand","embeddable":true,"href":"https:\/\/www.freeshopfrontiera.ch\/fr\/wp-json\/wp\/v2\/product_brand?post=29844"},{"taxonomy":"product_cat","embeddable":true,"href":"https:\/\/www.freeshopfrontiera.ch\/fr\/wp-json\/wp\/v2\/product_cat?post=29844"},{"taxonomy":"product_tag","embeddable":true,"href":"https:\/\/www.freeshopfrontiera.ch\/fr\/wp-json\/wp\/v2\/product_tag?post=29844"}],"curies":[{"name":"wp","href":"https:\/\/api.w.org\/{rel}","templated":true}]}}