{"id":30065,"date":"2025-05-09T10:56:17","date_gmt":"2025-05-09T10:56:17","guid":{"rendered":"https:\/\/www.freeshopfrontiera.ch\/shop\/growth-bomb-strengthening-hair-mask-175ml\/"},"modified":"2025-05-09T11:00:33","modified_gmt":"2025-05-09T11:00:33","slug":"growth-bomb-strengthening-hair-mask-175ml","status":"publish","type":"product","link":"https:\/\/www.freeshopfrontiera.ch\/fr\/shop\/growth-bomb-strengthening-hair-mask-175ml\/","title":{"rendered":"GROWTH BOMB Strengthening Hair Mask 175ml"},"content":{"rendered":"<p data-start=\"231\" data-end=\"379\"><strong>GROWTH BOMB Strengthening Hair Mask 175ml<\/strong><\/p>\n<p class=\"\" data-start=\"1811\" data-end=\"1963\"><strong data-start=\"1811\" data-end=\"1963\">R\u00e9pare, ravive et prot\u00e8ge vos cheveux avec le masque fortifiant Growth Bomb Strengthening Hair, con\u00e7u pour nourrir et restaurer les cheveux ab\u00eem\u00e9s, secs ou fragilis\u00e9s.<\/strong><\/p>\n<p class=\"\" data-start=\"1965\" data-end=\"2254\">Enrichi d\u2019un m\u00e9lange d\u2019<strong data-start=\"1988\" data-end=\"2012\">ingr\u00e9dients naturels<\/strong> et d\u2019<strong data-start=\"2018\" data-end=\"2038\">actifs puissants<\/strong>, ce masque aide \u00e0 r\u00e9g\u00e9n\u00e9rer et renforcer les cheveux. <strong data-start=\"2093\" data-end=\"2117\">La k\u00e9ratine v\u00e9g\u00e9tale<\/strong> p\u00e9n\u00e8tre profond\u00e9ment dans la fibre capillaire, renfor\u00e7ant sa structure et rendant les cheveux visiblement plus forts et plus r\u00e9sistants.<\/p>\n<p class=\"\" data-start=\"2256\" data-end=\"2546\"><strong data-start=\"2256\" data-end=\"2275\">L\u2019huile d\u2019argan<\/strong> et <strong data-start=\"2279\" data-end=\"2303\">l\u2019huile de macadamia<\/strong>, riches en antioxydants et acides gras essentiels, apportent une hydratation intense et nourrissent en profondeur. <strong data-start=\"2419\" data-end=\"2453\">L\u2019extrait de racine de ginseng<\/strong> stimule la microcirculation du cuir chevelu, favorisant des cheveux plus sains et brillants.<\/p>\n<p class=\"\" data-start=\"2548\" data-end=\"2767\">La formule contient \u00e9galement des <strong data-start=\"2582\" data-end=\"2603\">prot\u00e9ines de soie<\/strong>, qui apportent de la brillance, et de la <strong data-start=\"2645\" data-end=\"2659\">vitamine E<\/strong>, qui aide \u00e0 prot\u00e9ger les cheveux des agressions ext\u00e9rieures, les rendant doux, soyeux et faciles \u00e0 coiffer.<\/p>\n<p class=\"\" data-start=\"2769\" data-end=\"3048\"><strong data-start=\"2769\" data-end=\"2797\">Conseils d\u2019utilisation :<\/strong> apr\u00e8s le shampooing, appliquez une quantit\u00e9 suffisante de masque sur les longueurs et les pointes, massez d\u00e9licatement et laissez poser pendant 5 \u00e0 10 minutes. Rincez abondamment. \u00c0 utiliser une fois par semaine ou plus fr\u00e9quemment selon les besoins.<\/p>\n<p class=\"\" data-start=\"3050\" data-end=\"3076\"><strong data-start=\"3050\" data-end=\"3076\">Bienfaits principaux :<\/strong><\/p>\n<ul data-start=\"3078\" data-end=\"3407\">\n<li class=\"\" data-start=\"3078\" data-end=\"3165\">\n<p class=\"\" data-start=\"3080\" data-end=\"3165\"><strong data-start=\"3080\" data-end=\"3104\">R\u00e9pare et renforce :<\/strong> nourrit en profondeur et restaure la structure capillaire.<\/p>\n<\/li>\n<li class=\"\" data-start=\"3166\" data-end=\"3242\">\n<p class=\"\" data-start=\"3168\" data-end=\"3242\"><strong data-start=\"3168\" data-end=\"3181\">Prot\u00e8ge :<\/strong> prot\u00e8ge des agressions ext\u00e9rieures et du stress quotidien.<\/p>\n<\/li>\n<li class=\"\" data-start=\"3243\" data-end=\"3313\">\n<p class=\"\" data-start=\"3245\" data-end=\"3313\"><strong data-start=\"3245\" data-end=\"3270\">Hydratation intense :<\/strong> gr\u00e2ce \u00e0 l\u2019huile d\u2019argan et de macadamia.<\/p>\n<\/li>\n<li class=\"\" data-start=\"3314\" data-end=\"3407\">\n<p class=\"\" data-start=\"3316\" data-end=\"3407\"><strong data-start=\"3316\" data-end=\"3353\">Cheveux plus sains et brillants :<\/strong> pour des cheveux visiblement plus forts et \u00e9clatants.<\/p>\n<\/li>\n<\/ul>\n<p class=\"\" data-start=\"3409\" data-end=\"3509\"><strong data-start=\"3409\" data-end=\"3509\">Ravivez vos cheveux avec le masque fortifiant Growth Bomb \u2013 protection et force en un seul soin.<\/strong><\/p>\n<p data-start=\"3409\" data-end=\"3509\">\n<p data-start=\"1798\" data-end=\"1912\">Follow us! <a href=\"https:\/\/www.instagram.com\/freeshopswiss\/\" target=\"_blank\" rel=\"noopener\">@freeshopswiss\u00a0<\/a><\/p>\n","protected":false},"excerpt":{"rendered":"<p>GROWTH BOMB Strengthening Hair Mask 175ml R\u00e9pare, ravive et prot\u00e8ge vos cheveux avec le masque fortifiant Growth Bomb Strengthening Hair, con\u00e7u pour nourrir et restaurer les cheveux ab\u00eem\u00e9s, secs ou fragilis\u00e9s. Enrichi d\u2019un m\u00e9lange d\u2019ingr\u00e9dients naturels et d\u2019actifs puissants, ce masque aide \u00e0 r\u00e9g\u00e9n\u00e9rer et renforcer les cheveux. La k\u00e9ratine v\u00e9g\u00e9tale p\u00e9n\u00e8tre profond\u00e9ment dans la [&hellip;]<\/p>\n","protected":false},"featured_media":30057,"comment_status":"open","ping_status":"closed","template":"","meta":[],"pwb-brand":[999],"product_brand":[],"product_cat":[109,295,542],"product_tag":[296,417,418],"class_list":{"0":"post-30065","1":"product","2":"type-product","3":"status-publish","4":"has-post-thumbnail","6":"pwb-brand-growth-bomb","7":"product_cat-pour-elle","8":"product_cat-traitements","9":"product_cat-soin-capillaire","10":"product_tag-femme","11":"product_tag-soins-fr","12":"product_tag-soins-capillaires-fr","14":"first","15":"outofstock","16":"taxable","17":"shipping-taxable","18":"purchasable","19":"product-type-simple"},"brands":[{"id":999,"name":"Growth Bomb","slug":"growth-bomb"}],"_links":{"self":[{"href":"https:\/\/www.freeshopfrontiera.ch\/fr\/wp-json\/wp\/v2\/product\/30065","targetHints":{"allow":["GET"]}}],"collection":[{"href":"https:\/\/www.freeshopfrontiera.ch\/fr\/wp-json\/wp\/v2\/product"}],"about":[{"href":"https:\/\/www.freeshopfrontiera.ch\/fr\/wp-json\/wp\/v2\/types\/product"}],"replies":[{"embeddable":true,"href":"https:\/\/www.freeshopfrontiera.ch\/fr\/wp-json\/wp\/v2\/comments?post=30065"}],"version-history":[{"count":2,"href":"https:\/\/www.freeshopfrontiera.ch\/fr\/wp-json\/wp\/v2\/product\/30065\/revisions"}],"predecessor-version":[{"id":30069,"href":"https:\/\/www.freeshopfrontiera.ch\/fr\/wp-json\/wp\/v2\/product\/30065\/revisions\/30069"}],"wp:featuredmedia":[{"embeddable":true,"href":"https:\/\/www.freeshopfrontiera.ch\/fr\/wp-json\/wp\/v2\/media\/30057"}],"wp:attachment":[{"href":"https:\/\/www.freeshopfrontiera.ch\/fr\/wp-json\/wp\/v2\/media?parent=30065"}],"wp:term":[{"taxonomy":"pwb-brand","embeddable":true,"href":"https:\/\/www.freeshopfrontiera.ch\/fr\/wp-json\/wp\/v2\/pwb-brand?post=30065"},{"taxonomy":"product_brand","embeddable":true,"href":"https:\/\/www.freeshopfrontiera.ch\/fr\/wp-json\/wp\/v2\/product_brand?post=30065"},{"taxonomy":"product_cat","embeddable":true,"href":"https:\/\/www.freeshopfrontiera.ch\/fr\/wp-json\/wp\/v2\/product_cat?post=30065"},{"taxonomy":"product_tag","embeddable":true,"href":"https:\/\/www.freeshopfrontiera.ch\/fr\/wp-json\/wp\/v2\/product_tag?post=30065"}],"curies":[{"name":"wp","href":"https:\/\/api.w.org\/{rel}","templated":true}]}}