{"id":30112,"date":"2025-05-12T14:06:13","date_gmt":"2025-05-12T14:06:13","guid":{"rendered":"https:\/\/www.freeshopfrontiera.ch\/shop\/collistar-talasso-scrub-cryoactive-toning-exfoliating-salts-700g\/"},"modified":"2025-05-12T14:18:15","modified_gmt":"2025-05-12T14:18:15","slug":"collistar-talasso-scrub-cryoactive-toning-exfoliating-salts-700g","status":"publish","type":"product","link":"https:\/\/www.freeshopfrontiera.ch\/fr\/shop\/collistar-talasso-scrub-cryoactive-toning-exfoliating-salts-700g\/","title":{"rendered":"COLLISTAR Talasso Scrub Cryoactive Toning Exfoliating Salts 700g"},"content":{"rendered":"<p class=\"\" data-start=\"1708\" data-end=\"1989\">Retrouvez toute l\u2019\u00e9nergie du froid et les bienfaits de la mer avec le <strong data-start=\"1778\" data-end=\"1819\">Talasso-Scrub Cryoactive de Collistar<\/strong>, le gommage corporel exfoliant et tonifiant qui renouvelle la peau et r\u00e9veille les sens. Un soin complet qui associe <strong data-start=\"1937\" data-end=\"1988\">thalassoth\u00e9rapie, aromath\u00e9rapie et cryoth\u00e9rapie<\/strong>.<\/p>\n<p class=\"\" data-start=\"1991\" data-end=\"2338\">Sa formule exclusive \u00e0 base de <strong data-start=\"2022\" data-end=\"2037\">sels marins<\/strong>, <strong data-start=\"2039\" data-end=\"2062\">huiles essentielles<\/strong> et <strong data-start=\"2066\" data-end=\"2077\">menthol<\/strong> \u00e9limine les cellules mortes, stimule la microcirculation et laisse la peau visiblement plus lisse, tonique et lumineuse. L\u2019action exfoliante intensive favorise le renouvellement cellulaire, tandis que l\u2019effet \u201cfroid\u201d procure une sensation tonifiante imm\u00e9diate.<\/p>\n<p class=\"\" data-start=\"2340\" data-end=\"2519\">Id\u00e9al pour lutter contre le teint terne, le rel\u00e2chement cutan\u00e9 et les signes de fatigue. Parfait avant un soin minceur ou raffermissant, ou comme rituel \u00e9nergisant sous la douche.<\/p>\n<p class=\"\" data-start=\"2521\" data-end=\"2547\"><strong data-start=\"2521\" data-end=\"2545\">Bienfaits principaux<\/strong> :<\/p>\n<ul data-start=\"2548\" data-end=\"2819\">\n<li class=\"\" data-start=\"2548\" data-end=\"2598\">\n<p class=\"\" data-start=\"2550\" data-end=\"2598\">Exfoliation en profondeur avec des sels marins<\/p>\n<\/li>\n<li class=\"\" data-start=\"2599\" data-end=\"2668\">\n<p class=\"\" data-start=\"2601\" data-end=\"2668\">Tonifie et revitalise gr\u00e2ce au menthol et aux huiles essentielles<\/p>\n<\/li>\n<li class=\"\" data-start=\"2669\" data-end=\"2723\">\n<p class=\"\" data-start=\"2671\" data-end=\"2723\">Am\u00e9liore la circulation et affine le grain de peau<\/p>\n<\/li>\n<li class=\"\" data-start=\"2724\" data-end=\"2784\">\n<p class=\"\" data-start=\"2726\" data-end=\"2784\">Laisse la peau douce, \u00e9clatante et d\u00e9licatement parfum\u00e9e<\/p>\n<\/li>\n<li class=\"\" data-start=\"2785\" data-end=\"2819\">\n<p class=\"\" data-start=\"2787\" data-end=\"2819\">Effet rafra\u00eechissant et relaxant<\/p>\n<\/li>\n<\/ul>\n<p class=\"\" data-start=\"2821\" data-end=\"2986\"><strong data-start=\"2821\" data-end=\"2847\">Conseils d\u2019utilisation<\/strong> :<br data-start=\"2849\" data-end=\"2852\" \/>M\u00e9langez bien avant l\u2019usage. Appliquez sur peau humide, massez en mouvements circulaires puis rincez. Utilisez 1 \u00e0 2 fois par semaine.<\/p>\n<p class=\"\" data-start=\"2988\" data-end=\"3132\">Avec le <strong data-start=\"2996\" data-end=\"3037\">Talasso-Scrub Cryoactive de Collistar<\/strong>, votre peau retrouve fra\u00eecheur, \u00e9nergie et vitalit\u00e9. Une v\u00e9ritable exp\u00e9rience spa \u00e0 la maison.<\/p>\n<p data-start=\"1646\" data-end=\"1788\">Follow us! <a href=\"https:\/\/www.instagram.com\/freeshopswiss\/\" target=\"_blank\" rel=\"noopener\">@freeshopswiss\u00a0<\/a><\/p>\n","protected":false},"excerpt":{"rendered":"<p>Retrouvez toute l\u2019\u00e9nergie du froid et les bienfaits de la mer avec le Talasso-Scrub Cryoactive de Collistar, le gommage corporel exfoliant et tonifiant qui renouvelle la peau et r\u00e9veille les sens. Un soin complet qui associe thalassoth\u00e9rapie, aromath\u00e9rapie et cryoth\u00e9rapie. Sa formule exclusive \u00e0 base de sels marins, huiles essentielles et menthol \u00e9limine les cellules [&hellip;]<\/p>\n","protected":false},"featured_media":30100,"comment_status":"open","ping_status":"closed","template":"","meta":[],"pwb-brand":[437],"product_brand":[],"product_cat":[295],"product_tag":[296,417],"class_list":{"0":"post-30112","1":"product","2":"type-product","3":"status-publish","4":"has-post-thumbnail","6":"pwb-brand-collistar","7":"product_cat-traitements","8":"product_tag-femme","9":"product_tag-soins-fr","11":"first","12":"outofstock","13":"sale","14":"taxable","15":"shipping-taxable","16":"purchasable","17":"product-type-simple"},"brands":[{"id":437,"name":"Collistar","slug":"collistar"}],"_links":{"self":[{"href":"https:\/\/www.freeshopfrontiera.ch\/fr\/wp-json\/wp\/v2\/product\/30112","targetHints":{"allow":["GET"]}}],"collection":[{"href":"https:\/\/www.freeshopfrontiera.ch\/fr\/wp-json\/wp\/v2\/product"}],"about":[{"href":"https:\/\/www.freeshopfrontiera.ch\/fr\/wp-json\/wp\/v2\/types\/product"}],"replies":[{"embeddable":true,"href":"https:\/\/www.freeshopfrontiera.ch\/fr\/wp-json\/wp\/v2\/comments?post=30112"}],"version-history":[{"count":2,"href":"https:\/\/www.freeshopfrontiera.ch\/fr\/wp-json\/wp\/v2\/product\/30112\/revisions"}],"predecessor-version":[{"id":30120,"href":"https:\/\/www.freeshopfrontiera.ch\/fr\/wp-json\/wp\/v2\/product\/30112\/revisions\/30120"}],"wp:featuredmedia":[{"embeddable":true,"href":"https:\/\/www.freeshopfrontiera.ch\/fr\/wp-json\/wp\/v2\/media\/30100"}],"wp:attachment":[{"href":"https:\/\/www.freeshopfrontiera.ch\/fr\/wp-json\/wp\/v2\/media?parent=30112"}],"wp:term":[{"taxonomy":"pwb-brand","embeddable":true,"href":"https:\/\/www.freeshopfrontiera.ch\/fr\/wp-json\/wp\/v2\/pwb-brand?post=30112"},{"taxonomy":"product_brand","embeddable":true,"href":"https:\/\/www.freeshopfrontiera.ch\/fr\/wp-json\/wp\/v2\/product_brand?post=30112"},{"taxonomy":"product_cat","embeddable":true,"href":"https:\/\/www.freeshopfrontiera.ch\/fr\/wp-json\/wp\/v2\/product_cat?post=30112"},{"taxonomy":"product_tag","embeddable":true,"href":"https:\/\/www.freeshopfrontiera.ch\/fr\/wp-json\/wp\/v2\/product_tag?post=30112"}],"curies":[{"name":"wp","href":"https:\/\/api.w.org\/{rel}","templated":true}]}}