{"id":30147,"date":"2025-05-12T14:55:29","date_gmt":"2025-05-12T14:55:29","guid":{"rendered":"https:\/\/www.freeshopfrontiera.ch\/shop\/collistar-corrective-protection-cream-spf50-100ml\/"},"modified":"2025-05-12T15:01:13","modified_gmt":"2025-05-12T15:01:13","slug":"collistar-corrective-protection-cream-spf50-100ml","status":"publish","type":"product","link":"https:\/\/www.freeshopfrontiera.ch\/fr\/shop\/collistar-corrective-protection-cream-spf50-100ml\/","title":{"rendered":"COLLISTAR Corrective Protection Cream SPF50+ 100ml"},"content":{"rendered":"<h3 class=\"\" data-start=\"1824\" data-end=\"1928\"><strong data-start=\"1833\" data-end=\"1928\">Collistar Cr\u00e8me Solaire Corrective Corps SPF50+ \u2013 Anti-Taches Brunes &amp; Teint Uniforme 100ml<\/strong><\/h3>\n<p class=\"\" data-start=\"1930\" data-end=\"2174\">Prot\u00e9gez votre peau du soleil tout en luttant contre les taches brunes avec la <strong data-start=\"2009\" data-end=\"2057\">Cr\u00e8me Solaire Corrective SPF50+ de Collistar<\/strong>, un soin solaire \u00e0 haute protection con\u00e7u pour pr\u00e9venir et corriger les d\u00e9sordres pigmentaires caus\u00e9s par le soleil.<\/p>\n<p class=\"\" data-start=\"2176\" data-end=\"2487\">Sa <strong data-start=\"2179\" data-end=\"2216\">formule cibl\u00e9e anti-taches brunes<\/strong> associe des <strong data-start=\"2229\" data-end=\"2280\">filtres solaires UVA\/UVB de derni\u00e8re g\u00e9n\u00e9ration<\/strong> \u00e0 de la <strong data-start=\"2289\" data-end=\"2304\">niacinamide<\/strong>, un actif reconnu pour r\u00e9duire visiblement les <strong data-start=\"2352\" data-end=\"2375\">taches pigmentaires<\/strong> et unifier le teint. La <strong data-start=\"2400\" data-end=\"2414\">vitamine E<\/strong> apporte une protection antioxydante et am\u00e9liore l\u2019\u00e9lasticit\u00e9 de la peau.<\/p>\n<p class=\"\" data-start=\"2489\" data-end=\"2773\">Id\u00e9ale pour les peaux sujettes \u00e0 <strong data-start=\"2522\" data-end=\"2609\">l\u2019hyperpigmentation, aux taches solaires, cicatrices pigment\u00e9es ou teint irr\u00e9gulier<\/strong>. Une utilisation r\u00e9guli\u00e8re aide \u00e0 <strong data-start=\"2644\" data-end=\"2689\">pr\u00e9venir l\u2019apparition de nouvelles taches<\/strong> et \u00e0 <strong data-start=\"2695\" data-end=\"2730\">\u00e9claircir celles d\u00e9j\u00e0 pr\u00e9sentes<\/strong>, pour une peau plus lumineuse et homog\u00e8ne.<\/p>\n<p class=\"\" data-start=\"2775\" data-end=\"2967\">Sa texture l\u00e9g\u00e8re et \u00e0 absorption rapide ne laisse aucun r\u00e9sidu blanc. Convient \u00e0 tous les types de peau, m\u00eame les plus sensibles. \u00c0 utiliser au quotidien, en ville, \u00e0 la plage ou en montagne.<\/p>\n<p class=\"\" data-start=\"2969\" data-end=\"2995\"><strong data-start=\"2969\" data-end=\"2993\">Principaux bienfaits<\/strong> :<\/p>\n<ul data-start=\"2996\" data-end=\"3250\">\n<li class=\"\" data-start=\"2996\" data-end=\"3036\">\n<p class=\"\" data-start=\"2998\" data-end=\"3036\">Tr\u00e8s haute protection solaire SPF50+<\/p>\n<\/li>\n<li class=\"\" data-start=\"3037\" data-end=\"3078\">\n<p class=\"\" data-start=\"3039\" data-end=\"3078\">Pr\u00e9vient et corrige les taches brunes<\/p>\n<\/li>\n<li class=\"\" data-start=\"3079\" data-end=\"3121\">\n<p class=\"\" data-start=\"3081\" data-end=\"3121\">Unifie le teint gr\u00e2ce \u00e0 la niacinamide<\/p>\n<\/li>\n<li class=\"\" data-start=\"3122\" data-end=\"3162\">\n<p class=\"\" data-start=\"3124\" data-end=\"3162\">Effet antioxydant avec la vitamine E<\/p>\n<\/li>\n<li class=\"\" data-start=\"3163\" data-end=\"3195\">\n<p class=\"\" data-start=\"3165\" data-end=\"3195\">Texture l\u00e9g\u00e8re, non collante<\/p>\n<\/li>\n<li class=\"\" data-start=\"3196\" data-end=\"3250\">\n<p class=\"\" data-start=\"3198\" data-end=\"3250\">Convient aux peaux sensibles et \u00e0 teint irr\u00e9gulier<\/p>\n<\/li>\n<\/ul>\n<p class=\"\" data-start=\"3252\" data-end=\"3428\"><strong data-start=\"3252\" data-end=\"3278\">Conseils d\u2019utilisation<\/strong> :<br data-start=\"3280\" data-end=\"3283\" \/>Appliquer g\u00e9n\u00e9reusement avant l\u2019exposition au soleil. Renouveler fr\u00e9quemment l\u2019application, surtout apr\u00e8s la baignade ou en cas de transpiration.<\/p>\n<p class=\"\" data-start=\"3430\" data-end=\"3534\">Avec la <strong data-start=\"3438\" data-end=\"3475\">Cr\u00e8me Corrective Collistar SPF50+<\/strong>, votre peau est prot\u00e9g\u00e9e, unifi\u00e9e et visiblement sublim\u00e9e.<\/p>\n<p data-start=\"1850\" data-end=\"1997\">Follow us! <a href=\"https:\/\/www.instagram.com\/freeshopswiss\/\" target=\"_blank\" rel=\"noopener\">@freeshopswiss\u00a0<\/a><\/p>\n","protected":false},"excerpt":{"rendered":"<p>Collistar Cr\u00e8me Solaire Corrective Corps SPF50+ \u2013 Anti-Taches Brunes &amp; Teint Uniforme 100ml Prot\u00e9gez votre peau du soleil tout en luttant contre les taches brunes avec la Cr\u00e8me Solaire Corrective SPF50+ de Collistar, un soin solaire \u00e0 haute protection con\u00e7u pour pr\u00e9venir et corriger les d\u00e9sordres pigmentaires caus\u00e9s par le soleil. Sa formule cibl\u00e9e anti-taches [&hellip;]<\/p>\n","protected":false},"featured_media":30143,"comment_status":"open","ping_status":"closed","template":"","meta":[],"pwb-brand":[437],"product_brand":[],"product_cat":[109,89,295,424],"product_tag":[553,493,296,143,417],"class_list":{"0":"post-30147","1":"product","2":"type-product","3":"status-publish","4":"has-post-thumbnail","6":"pwb-brand-collistar","7":"product_cat-pour-elle","8":"product_cat-pour-lui","9":"product_cat-traitements","10":"product_cat-solari-fr","11":"product_tag-creme-solaire","12":"product_tag-ecrans-solaires","13":"product_tag-femme","14":"product_tag-homme","15":"product_tag-soins-fr","17":"first","18":"outofstock","19":"sale","20":"taxable","21":"shipping-taxable","22":"purchasable","23":"product-type-simple"},"brands":[{"id":437,"name":"Collistar","slug":"collistar"}],"_links":{"self":[{"href":"https:\/\/www.freeshopfrontiera.ch\/fr\/wp-json\/wp\/v2\/product\/30147","targetHints":{"allow":["GET"]}}],"collection":[{"href":"https:\/\/www.freeshopfrontiera.ch\/fr\/wp-json\/wp\/v2\/product"}],"about":[{"href":"https:\/\/www.freeshopfrontiera.ch\/fr\/wp-json\/wp\/v2\/types\/product"}],"replies":[{"embeddable":true,"href":"https:\/\/www.freeshopfrontiera.ch\/fr\/wp-json\/wp\/v2\/comments?post=30147"}],"version-history":[{"count":2,"href":"https:\/\/www.freeshopfrontiera.ch\/fr\/wp-json\/wp\/v2\/product\/30147\/revisions"}],"predecessor-version":[{"id":30151,"href":"https:\/\/www.freeshopfrontiera.ch\/fr\/wp-json\/wp\/v2\/product\/30147\/revisions\/30151"}],"wp:featuredmedia":[{"embeddable":true,"href":"https:\/\/www.freeshopfrontiera.ch\/fr\/wp-json\/wp\/v2\/media\/30143"}],"wp:attachment":[{"href":"https:\/\/www.freeshopfrontiera.ch\/fr\/wp-json\/wp\/v2\/media?parent=30147"}],"wp:term":[{"taxonomy":"pwb-brand","embeddable":true,"href":"https:\/\/www.freeshopfrontiera.ch\/fr\/wp-json\/wp\/v2\/pwb-brand?post=30147"},{"taxonomy":"product_brand","embeddable":true,"href":"https:\/\/www.freeshopfrontiera.ch\/fr\/wp-json\/wp\/v2\/product_brand?post=30147"},{"taxonomy":"product_cat","embeddable":true,"href":"https:\/\/www.freeshopfrontiera.ch\/fr\/wp-json\/wp\/v2\/product_cat?post=30147"},{"taxonomy":"product_tag","embeddable":true,"href":"https:\/\/www.freeshopfrontiera.ch\/fr\/wp-json\/wp\/v2\/product_tag?post=30147"}],"curies":[{"name":"wp","href":"https:\/\/api.w.org\/{rel}","templated":true}]}}