{"id":30177,"date":"2025-05-12T15:31:05","date_gmt":"2025-05-12T15:31:05","guid":{"rendered":"https:\/\/www.freeshopfrontiera.ch\/shop\/collistar-attivi-puri-hair-hyaluronic-acid-shampoo-500ml\/"},"modified":"2025-05-12T15:37:02","modified_gmt":"2025-05-12T15:37:02","slug":"collistar-attivi-puri-hair-hyaluronic-acid-shampoo-500ml","status":"publish","type":"product","link":"https:\/\/www.freeshopfrontiera.ch\/fr\/shop\/collistar-attivi-puri-hair-hyaluronic-acid-shampoo-500ml\/","title":{"rendered":"COLLISTAR Attivi Puri Hair Hyaluronic Acid Shampoo 500ml"},"content":{"rendered":"<p class=\"\" data-start=\"1865\" data-end=\"2234\">Hydratez et revitalisez vos cheveux avec le <strong data-start=\"1909\" data-end=\"1978\">Shampooing Hydratant \u00e0 l&rsquo;Acide Hyaluronique Collistar Attivi Puri<\/strong>, id\u00e9al pour les cheveux secs, d\u00e9shydrat\u00e9s ou trait\u00e9s quotidiennement. Sa <strong data-start=\"2052\" data-end=\"2073\">formule innovante<\/strong> \u00e0 base <strong data-start=\"2081\" data-end=\"2105\">d&rsquo;acide hyaluronique<\/strong> procure une <strong data-start=\"2118\" data-end=\"2142\">hydratation profonde<\/strong> tout en prot\u00e9geant la fibre capillaire, laissant les cheveux plus doux, brillants et sains.<\/p>\n<p class=\"\" data-start=\"2236\" data-end=\"2596\">L&rsquo;<strong data-start=\"2238\" data-end=\"2260\">acide hyaluronique<\/strong>, reconnu pour ses propri\u00e9t\u00e9s hautement hydratantes et r\u00e9g\u00e9n\u00e9rantes, agit efficacement sur les longueurs et les pointes, luttant contre la s\u00e9cheresse et am\u00e9liorant l&rsquo;\u00e9lasticit\u00e9 des cheveux. Sa formule douce, con\u00e7ue pour un usage fr\u00e9quent, <strong data-start=\"2499\" data-end=\"2530\">ne alourdit pas les cheveux<\/strong>, mais les laisse l\u00e9gers, pleins de vitalit\u00e9 et faciles \u00e0 d\u00e9m\u00ealer.<\/p>\n<p class=\"\" data-start=\"2598\" data-end=\"2825\">Parfait pour tous les types de cheveux, notamment ceux qui ont besoin d&rsquo;un traitement hydratant quotidien, ce shampooing est id\u00e9al pour les cheveux fins ou trait\u00e9s, leur redonnant douceur, brillance et volume sans les alourdir.<\/p>\n<p class=\"\" data-start=\"2827\" data-end=\"2988\">Sa <strong data-start=\"2830\" data-end=\"2860\">texture l\u00e9g\u00e8re et d\u00e9licate<\/strong> est \u00e9galement adapt\u00e9e aux cuirs chevelus sensibles, et le format de 500 ml offre une solution pratique pour un usage quotidien.<\/p>\n<p class=\"\" data-start=\"2990\" data-end=\"3018\"><strong data-start=\"2990\" data-end=\"3014\">Avantages principaux<\/strong> :<\/p>\n<ul data-start=\"3019\" data-end=\"3308\">\n<li class=\"\" data-start=\"3019\" data-end=\"3068\">\n<p class=\"\" data-start=\"3021\" data-end=\"3068\">Hydrate et r\u00e9g\u00e9n\u00e8re avec l&rsquo;acide hyaluronique<\/p>\n<\/li>\n<li class=\"\" data-start=\"3069\" data-end=\"3109\">\n<p class=\"\" data-start=\"3071\" data-end=\"3109\">Formule douce pour un usage fr\u00e9quent<\/p>\n<\/li>\n<li class=\"\" data-start=\"3110\" data-end=\"3158\">\n<p class=\"\" data-start=\"3112\" data-end=\"3158\">Cheveux doux, brillants et faciles \u00e0 d\u00e9m\u00ealer<\/p>\n<\/li>\n<li class=\"\" data-start=\"3159\" data-end=\"3228\">\n<p class=\"\" data-start=\"3161\" data-end=\"3228\">Ne p\u00e8se pas sur les cheveux, convient \u00e0 tous les types de cheveux<\/p>\n<\/li>\n<li class=\"\" data-start=\"3229\" data-end=\"3273\">\n<p class=\"\" data-start=\"3231\" data-end=\"3273\">Id\u00e9al pour cheveux secs, fins ou trait\u00e9s<\/p>\n<\/li>\n<li class=\"\" data-start=\"3274\" data-end=\"3308\">\n<p class=\"\" data-start=\"3276\" data-end=\"3308\">Format professionnel de 500 ml<\/p>\n<\/li>\n<\/ul>\n<p class=\"\" data-start=\"3310\" data-end=\"3504\"><strong data-start=\"3310\" data-end=\"3327\">Mode d&#8217;emploi<\/strong> :<br data-start=\"3329\" data-end=\"3332\" \/>Appliquez sur cheveux mouill\u00e9s, massez doucement et rincez. R\u00e9p\u00e9tez si n\u00e9cessaire. Parfait pour un usage quotidien, pour des cheveux visiblement plus hydrat\u00e9s et brillants.<\/p>\n<p class=\"\" data-start=\"3506\" data-end=\"3632\">Avec le <strong data-start=\"3514\" data-end=\"3573\">Shampooing Collistar Attivi Puri \u00e0 l&rsquo;Acide Hyaluronique<\/strong>, vos cheveux sont nourris, hydrat\u00e9s et pleins de vitalit\u00e9.<\/p>\n<p data-start=\"1922\" data-end=\"2035\">Follow us! <a href=\"https:\/\/www.instagram.com\/freeshopswiss\/\" target=\"_blank\" rel=\"noopener\">@freeshopswiss\u00a0<\/a><\/p>\n","protected":false},"excerpt":{"rendered":"<p>Hydratez et revitalisez vos cheveux avec le Shampooing Hydratant \u00e0 l&rsquo;Acide Hyaluronique Collistar Attivi Puri, id\u00e9al pour les cheveux secs, d\u00e9shydrat\u00e9s ou trait\u00e9s quotidiennement. Sa formule innovante \u00e0 base d&rsquo;acide hyaluronique procure une hydratation profonde tout en prot\u00e9geant la fibre capillaire, laissant les cheveux plus doux, brillants et sains. L&rsquo;acide hyaluronique, reconnu pour ses propri\u00e9t\u00e9s [&hellip;]<\/p>\n","protected":false},"featured_media":30173,"comment_status":"open","ping_status":"closed","template":"","meta":[],"pwb-brand":[437],"product_brand":[],"product_cat":[109,295,542],"product_tag":[296,417,418],"class_list":{"0":"post-30177","1":"product","2":"type-product","3":"status-publish","4":"has-post-thumbnail","6":"pwb-brand-collistar","7":"product_cat-pour-elle","8":"product_cat-traitements","9":"product_cat-soin-capillaire","10":"product_tag-femme","11":"product_tag-soins-fr","12":"product_tag-soins-capillaires-fr","14":"first","15":"outofstock","16":"sale","17":"taxable","18":"shipping-taxable","19":"purchasable","20":"product-type-simple"},"brands":[{"id":437,"name":"Collistar","slug":"collistar"}],"_links":{"self":[{"href":"https:\/\/www.freeshopfrontiera.ch\/fr\/wp-json\/wp\/v2\/product\/30177","targetHints":{"allow":["GET"]}}],"collection":[{"href":"https:\/\/www.freeshopfrontiera.ch\/fr\/wp-json\/wp\/v2\/product"}],"about":[{"href":"https:\/\/www.freeshopfrontiera.ch\/fr\/wp-json\/wp\/v2\/types\/product"}],"replies":[{"embeddable":true,"href":"https:\/\/www.freeshopfrontiera.ch\/fr\/wp-json\/wp\/v2\/comments?post=30177"}],"version-history":[{"count":3,"href":"https:\/\/www.freeshopfrontiera.ch\/fr\/wp-json\/wp\/v2\/product\/30177\/revisions"}],"predecessor-version":[{"id":30184,"href":"https:\/\/www.freeshopfrontiera.ch\/fr\/wp-json\/wp\/v2\/product\/30177\/revisions\/30184"}],"wp:featuredmedia":[{"embeddable":true,"href":"https:\/\/www.freeshopfrontiera.ch\/fr\/wp-json\/wp\/v2\/media\/30173"}],"wp:attachment":[{"href":"https:\/\/www.freeshopfrontiera.ch\/fr\/wp-json\/wp\/v2\/media?parent=30177"}],"wp:term":[{"taxonomy":"pwb-brand","embeddable":true,"href":"https:\/\/www.freeshopfrontiera.ch\/fr\/wp-json\/wp\/v2\/pwb-brand?post=30177"},{"taxonomy":"product_brand","embeddable":true,"href":"https:\/\/www.freeshopfrontiera.ch\/fr\/wp-json\/wp\/v2\/product_brand?post=30177"},{"taxonomy":"product_cat","embeddable":true,"href":"https:\/\/www.freeshopfrontiera.ch\/fr\/wp-json\/wp\/v2\/product_cat?post=30177"},{"taxonomy":"product_tag","embeddable":true,"href":"https:\/\/www.freeshopfrontiera.ch\/fr\/wp-json\/wp\/v2\/product_tag?post=30177"}],"curies":[{"name":"wp","href":"https:\/\/api.w.org\/{rel}","templated":true}]}}