{"id":30296,"date":"2025-05-14T12:30:08","date_gmt":"2025-05-14T12:30:08","guid":{"rendered":"https:\/\/www.freeshopfrontiera.ch\/shop\/growth-bomb-supercharge-spray-restorage-refresh-125ml\/"},"modified":"2025-05-14T12:39:52","modified_gmt":"2025-05-14T12:39:52","slug":"growth-bomb-supercharge-spray-restorage-refresh-125ml","status":"publish","type":"product","link":"https:\/\/www.freeshopfrontiera.ch\/fr\/shop\/growth-bomb-supercharge-spray-restorage-refresh-125ml\/","title":{"rendered":"GROWTH BOMB Supercharge Spray Restorage &#038; Refresh 125ml"},"content":{"rendered":"<p class=\"\" data-start=\"3830\" data-end=\"4215\">Le <strong data-start=\"3833\" data-end=\"3886\">GROWTH BOMB Supercharge Spray Restorage &amp; Refresh<\/strong> est un soin sans rin\u00e7age id\u00e9al pour celles et ceux qui souhaitent <strong data-start=\"3953\" data-end=\"4047\">revitaliser le cuir chevelu, rafra\u00eechir leurs cheveux et stimuler la croissance capillaire<\/strong>, le tout en un seul geste rapide. Sa formule riche en ingr\u00e9dients naturels et \u00e9nergisants offre un v\u00e9ritable coup de boost quotidien aux cheveux fatigu\u00e9s ou affaiblis.<\/p>\n<p class=\"\" data-start=\"4217\" data-end=\"4557\">Au c\u0153ur de la formule, on retrouve le <strong data-start=\"4255\" data-end=\"4266\">guarana<\/strong>, plante amazonienne reconnue pour ses vertus stimulantes, qui favorise la microcirculation du cuir chevelu et cr\u00e9e un environnement propice \u00e0 la pousse. Ce spray contient \u00e9galement de la <strong data-start=\"4454\" data-end=\"4500\">niacinamide, biotine, caf\u00e9ine et aloe vera<\/strong>, pour nourrir, apaiser et renforcer la fibre capillaire.<\/p>\n<p class=\"\" data-start=\"4559\" data-end=\"4933\">Sa texture l\u00e9g\u00e8re et non collante p\u00e9n\u00e8tre rapidement sans laisser de r\u00e9sidus et offre une <strong data-start=\"4649\" data-end=\"4685\">sensation de fra\u00eecheur imm\u00e9diate<\/strong>, id\u00e9ale pour une utilisation quotidienne, m\u00eame en d\u00e9placement. Il s\u2019applique sur cheveux secs ou humides, <strong data-start=\"4792\" data-end=\"4808\">sans rin\u00e7age<\/strong>. Utilis\u00e9 r\u00e9guli\u00e8rement, il aide \u00e0 <strong data-start=\"4843\" data-end=\"4874\">r\u00e9duire la chute temporaire<\/strong>, tonifie les racines et am\u00e9liore la sant\u00e9 du cuir chevelu.<\/p>\n<p class=\"\" data-start=\"4935\" data-end=\"5002\">Convient \u00e0 tous les types de cheveux, m\u00eame color\u00e9s ou sensibilis\u00e9s.<\/p>\n<p class=\"\" data-start=\"5004\" data-end=\"5030\"><strong data-start=\"5004\" data-end=\"5028\">Avantages principaux<\/strong><\/p>\n<ul data-start=\"5031\" data-end=\"5267\">\n<li class=\"\" data-start=\"5031\" data-end=\"5084\">\n<p class=\"\" data-start=\"5033\" data-end=\"5084\">Stimule le cuir chevelu et soutient la croissance<\/p>\n<\/li>\n<li class=\"\" data-start=\"5085\" data-end=\"5124\">\n<p class=\"\" data-start=\"5087\" data-end=\"5124\">Rafra\u00eechit et tonifie sans alourdir<\/p>\n<\/li>\n<li class=\"\" data-start=\"5125\" data-end=\"5182\">\n<p class=\"\" data-start=\"5127\" data-end=\"5182\">Enrichi en guarana, biotine, niacinamide et aloe vera<\/p>\n<\/li>\n<li class=\"\" data-start=\"5183\" data-end=\"5228\">\n<p class=\"\" data-start=\"5185\" data-end=\"5228\">Formule sans rin\u00e7age pour usage quotidien<\/p>\n<\/li>\n<li class=\"\" data-start=\"5229\" data-end=\"5267\">\n<p class=\"\" data-start=\"5231\" data-end=\"5267\">Adapt\u00e9 \u00e0 tous les types de cheveux<\/p>\n<\/li>\n<\/ul>\n<p class=\"\" data-start=\"5269\" data-end=\"5389\">Avec le <strong data-start=\"5277\" data-end=\"5310\">GROWTH BOMB Supercharge Spray<\/strong>, apportez un souffle d\u2019\u00e9nergie et de fra\u00eecheur \u00e0 vos cheveux, jour apr\u00e8s jour.<\/p>\n<p data-start=\"2034\" data-end=\"2190\">Follow us! <a href=\"https:\/\/www.instagram.com\/freeshopswiss\/\" target=\"_blank\" rel=\"noopener\">@freeshopswiss\u00a0<\/a><\/p>\n","protected":false},"excerpt":{"rendered":"<p>Le GROWTH BOMB Supercharge Spray Restorage &amp; Refresh est un soin sans rin\u00e7age id\u00e9al pour celles et ceux qui souhaitent revitaliser le cuir chevelu, rafra\u00eechir leurs cheveux et stimuler la croissance capillaire, le tout en un seul geste rapide. Sa formule riche en ingr\u00e9dients naturels et \u00e9nergisants offre un v\u00e9ritable coup de boost quotidien aux [&hellip;]<\/p>\n","protected":false},"featured_media":30287,"comment_status":"open","ping_status":"closed","template":"","meta":[],"pwb-brand":[999],"product_brand":[],"product_cat":[109,295,542],"product_tag":[296,417,418],"class_list":{"0":"post-30296","1":"product","2":"type-product","3":"status-publish","4":"has-post-thumbnail","6":"pwb-brand-growth-bomb","7":"product_cat-pour-elle","8":"product_cat-traitements","9":"product_cat-soin-capillaire","10":"product_tag-femme","11":"product_tag-soins-fr","12":"product_tag-soins-capillaires-fr","14":"first","15":"outofstock","16":"taxable","17":"shipping-taxable","18":"purchasable","19":"product-type-simple"},"brands":[{"id":999,"name":"Growth Bomb","slug":"growth-bomb"}],"_links":{"self":[{"href":"https:\/\/www.freeshopfrontiera.ch\/fr\/wp-json\/wp\/v2\/product\/30296","targetHints":{"allow":["GET"]}}],"collection":[{"href":"https:\/\/www.freeshopfrontiera.ch\/fr\/wp-json\/wp\/v2\/product"}],"about":[{"href":"https:\/\/www.freeshopfrontiera.ch\/fr\/wp-json\/wp\/v2\/types\/product"}],"replies":[{"embeddable":true,"href":"https:\/\/www.freeshopfrontiera.ch\/fr\/wp-json\/wp\/v2\/comments?post=30296"}],"version-history":[{"count":3,"href":"https:\/\/www.freeshopfrontiera.ch\/fr\/wp-json\/wp\/v2\/product\/30296\/revisions"}],"predecessor-version":[{"id":30306,"href":"https:\/\/www.freeshopfrontiera.ch\/fr\/wp-json\/wp\/v2\/product\/30296\/revisions\/30306"}],"wp:featuredmedia":[{"embeddable":true,"href":"https:\/\/www.freeshopfrontiera.ch\/fr\/wp-json\/wp\/v2\/media\/30287"}],"wp:attachment":[{"href":"https:\/\/www.freeshopfrontiera.ch\/fr\/wp-json\/wp\/v2\/media?parent=30296"}],"wp:term":[{"taxonomy":"pwb-brand","embeddable":true,"href":"https:\/\/www.freeshopfrontiera.ch\/fr\/wp-json\/wp\/v2\/pwb-brand?post=30296"},{"taxonomy":"product_brand","embeddable":true,"href":"https:\/\/www.freeshopfrontiera.ch\/fr\/wp-json\/wp\/v2\/product_brand?post=30296"},{"taxonomy":"product_cat","embeddable":true,"href":"https:\/\/www.freeshopfrontiera.ch\/fr\/wp-json\/wp\/v2\/product_cat?post=30296"},{"taxonomy":"product_tag","embeddable":true,"href":"https:\/\/www.freeshopfrontiera.ch\/fr\/wp-json\/wp\/v2\/product_tag?post=30296"}],"curies":[{"name":"wp","href":"https:\/\/api.w.org\/{rel}","templated":true}]}}