{"id":30349,"date":"2025-05-14T14:06:27","date_gmt":"2025-05-14T14:06:27","guid":{"rendered":"https:\/\/www.freeshopfrontiera.ch\/shop\/roundlab-dokdo-toner-200ml\/"},"modified":"2025-05-14T15:15:13","modified_gmt":"2025-05-14T15:15:13","slug":"roundlab-dokdo-toner-200ml","status":"publish","type":"product","link":"https:\/\/www.freeshopfrontiera.ch\/fr\/shop\/roundlab-dokdo-toner-200ml\/","title":{"rendered":"ROUNDLAB Dokdo Toner 200ml"},"content":{"rendered":"<p class=\"\" data-start=\"3354\" data-end=\"3657\">Le <strong data-start=\"3357\" data-end=\"3381\">ROUNDLAB Dokdo Toner<\/strong> est un tonique rafra\u00eechissant et doux, adapt\u00e9 \u00e0 tous les types de peau, y compris les plus sensibles. Formul\u00e9 avec de <strong data-start=\"3500\" data-end=\"3540\">l\u2019eau marine profonde des \u00eeles Dokdo<\/strong>, riche en min\u00e9raux naturels, il aide \u00e0 <strong data-start=\"3580\" data-end=\"3656\">r\u00e9\u00e9quilibrer, hydrater intens\u00e9ment et apaiser la peau apr\u00e8s le nettoyage<\/strong>.<\/p>\n<p class=\"\" data-start=\"3659\" data-end=\"3967\">Gr\u00e2ce \u00e0 son <strong data-start=\"3671\" data-end=\"3694\">pH l\u00e9g\u00e8rement acide<\/strong>, il renforce la barri\u00e8re naturelle de la peau et aide \u00e0 pr\u00e9venir les irritations, laissant la peau calme, souple et \u00e9quilibr\u00e9e. Sa formule l\u00e9g\u00e8re contient du <strong data-start=\"3853\" data-end=\"3866\">Panth\u00e9nol<\/strong>, de la <strong data-start=\"3874\" data-end=\"3885\">B\u00e9ta\u00efne<\/strong> et de l\u2019<strong data-start=\"3894\" data-end=\"3908\">Allanto\u00efne<\/strong>, reconnus pour leurs propri\u00e9t\u00e9s apaisantes et hydratantes.<\/p>\n<p class=\"\" data-start=\"3969\" data-end=\"4223\">Parfait comme premi\u00e8re \u00e9tape de la routine skincare, ce tonique am\u00e9liore l\u2019absorption des soins suivants et en optimise les effets. Sa texture aqueuse p\u00e9n\u00e8tre rapidement, procurant une sensation imm\u00e9diate de fra\u00eecheur et de confort, sans laisser de film.<\/p>\n<p class=\"\" data-start=\"4225\" data-end=\"4308\"><strong data-start=\"4225\" data-end=\"4239\">Id\u00e9al pour<\/strong> : peaux sensibles, d\u00e9shydrat\u00e9es, mixtes ou sujettes aux irritations.<\/p>\n<p class=\"\" data-start=\"4310\" data-end=\"4330\"><strong data-start=\"4310\" data-end=\"4328\">B\u00e9n\u00e9fices cl\u00e9s<\/strong><\/p>\n<ul data-start=\"4331\" data-end=\"4629\">\n<li class=\"\" data-start=\"4331\" data-end=\"4390\">\n<p class=\"\" data-start=\"4333\" data-end=\"4390\">Tonique \u00e0 pH \u00e9quilibr\u00e9 qui respecte la barri\u00e8re cutan\u00e9e<\/p>\n<\/li>\n<li class=\"\" data-start=\"4391\" data-end=\"4446\">\n<p class=\"\" data-start=\"4393\" data-end=\"4446\">R\u00e9hydrate et r\u00e9\u00e9quilibre la peau apr\u00e8s le nettoyage<\/p>\n<\/li>\n<li class=\"\" data-start=\"4447\" data-end=\"4489\">\n<p class=\"\" data-start=\"4449\" data-end=\"4489\">Enrichi en eau min\u00e9rale des \u00eeles Dokdo<\/p>\n<\/li>\n<li class=\"\" data-start=\"4490\" data-end=\"4547\">\n<p class=\"\" data-start=\"4492\" data-end=\"4547\">Apaise, adoucit et pr\u00e9pare la peau aux soins suivants<\/p>\n<\/li>\n<li class=\"\" data-start=\"4548\" data-end=\"4600\">\n<p class=\"\" data-start=\"4550\" data-end=\"4600\">Formule l\u00e9g\u00e8re, sans alcool ni parfum artificiel<\/p>\n<\/li>\n<li class=\"\" data-start=\"4601\" data-end=\"4629\">\n<p class=\"\" data-start=\"4603\" data-end=\"4629\">Test\u00e9 dermatologiquement<\/p>\n<\/li>\n<\/ul>\n<p class=\"\" data-start=\"4631\" data-end=\"4778\">Avec le <strong data-start=\"4639\" data-end=\"4663\">ROUNDLAB Dokdo Toner<\/strong>, votre routine devient un soin apaisant et revitalisant pour une peau \u00e9clatante de sant\u00e9 et parfaitement hydrat\u00e9e.<\/p>\n<p data-start=\"1724\" data-end=\"1885\">Follow us! <a href=\"https:\/\/www.instagram.com\/freeshopswiss\/\" target=\"_blank\" rel=\"noopener\">@freeshopswiss\u00a0<\/a><\/p>\n","protected":false},"excerpt":{"rendered":"<p>Le ROUNDLAB Dokdo Toner est un tonique rafra\u00eechissant et doux, adapt\u00e9 \u00e0 tous les types de peau, y compris les plus sensibles. Formul\u00e9 avec de l\u2019eau marine profonde des \u00eeles Dokdo, riche en min\u00e9raux naturels, il aide \u00e0 r\u00e9\u00e9quilibrer, hydrater intens\u00e9ment et apaiser la peau apr\u00e8s le nettoyage. Gr\u00e2ce \u00e0 son pH l\u00e9g\u00e8rement acide, il [&hellip;]<\/p>\n","protected":false},"featured_media":30344,"comment_status":"open","ping_status":"closed","template":"","meta":[],"pwb-brand":[1001],"product_brand":[],"product_cat":[109,295,3768,545],"product_tag":[296,3611,417,301],"class_list":{"0":"post-30349","1":"product","2":"type-product","3":"status-publish","4":"has-post-thumbnail","6":"pwb-brand-roundlab","7":"product_cat-pour-elle","8":"product_cat-traitements","9":"product_cat-k-beauty-fr","10":"product_cat-soin-du-visage","11":"product_tag-femme","12":"product_tag-k-beauty-fr","13":"product_tag-soins-fr","14":"product_tag-soins-du-visage","16":"first","17":"outofstock","18":"sale","19":"taxable","20":"shipping-taxable","21":"purchasable","22":"product-type-simple"},"brands":[{"id":1001,"name":"Roundlab","slug":"roundlab"}],"_links":{"self":[{"href":"https:\/\/www.freeshopfrontiera.ch\/fr\/wp-json\/wp\/v2\/product\/30349","targetHints":{"allow":["GET"]}}],"collection":[{"href":"https:\/\/www.freeshopfrontiera.ch\/fr\/wp-json\/wp\/v2\/product"}],"about":[{"href":"https:\/\/www.freeshopfrontiera.ch\/fr\/wp-json\/wp\/v2\/types\/product"}],"replies":[{"embeddable":true,"href":"https:\/\/www.freeshopfrontiera.ch\/fr\/wp-json\/wp\/v2\/comments?post=30349"}],"version-history":[{"count":1,"href":"https:\/\/www.freeshopfrontiera.ch\/fr\/wp-json\/wp\/v2\/product\/30349\/revisions"}],"predecessor-version":[{"id":30356,"href":"https:\/\/www.freeshopfrontiera.ch\/fr\/wp-json\/wp\/v2\/product\/30349\/revisions\/30356"}],"wp:featuredmedia":[{"embeddable":true,"href":"https:\/\/www.freeshopfrontiera.ch\/fr\/wp-json\/wp\/v2\/media\/30344"}],"wp:attachment":[{"href":"https:\/\/www.freeshopfrontiera.ch\/fr\/wp-json\/wp\/v2\/media?parent=30349"}],"wp:term":[{"taxonomy":"pwb-brand","embeddable":true,"href":"https:\/\/www.freeshopfrontiera.ch\/fr\/wp-json\/wp\/v2\/pwb-brand?post=30349"},{"taxonomy":"product_brand","embeddable":true,"href":"https:\/\/www.freeshopfrontiera.ch\/fr\/wp-json\/wp\/v2\/product_brand?post=30349"},{"taxonomy":"product_cat","embeddable":true,"href":"https:\/\/www.freeshopfrontiera.ch\/fr\/wp-json\/wp\/v2\/product_cat?post=30349"},{"taxonomy":"product_tag","embeddable":true,"href":"https:\/\/www.freeshopfrontiera.ch\/fr\/wp-json\/wp\/v2\/product_tag?post=30349"}],"curies":[{"name":"wp","href":"https:\/\/api.w.org\/{rel}","templated":true}]}}