{"id":30364,"date":"2025-05-14T14:30:09","date_gmt":"2025-05-14T14:30:09","guid":{"rendered":"https:\/\/www.freeshopfrontiera.ch\/shop\/roundlab-birch-juice-sun-cream-50ml\/"},"modified":"2025-05-14T14:39:34","modified_gmt":"2025-05-14T14:39:34","slug":"roundlab-birch-juice-sun-cream-50ml","status":"publish","type":"product","link":"https:\/\/www.freeshopfrontiera.ch\/fr\/shop\/roundlab-birch-juice-sun-cream-50ml\/","title":{"rendered":"ROUNDLAB Birch Juice Sun Cream 50ml"},"content":{"rendered":"<p class=\"\" data-start=\"3514\" data-end=\"3834\">La <strong data-start=\"3517\" data-end=\"3551\">ROUNDLAB Birch Juice Sun Cream<\/strong> est une cr\u00e8me solaire pour le visage \u00e0 large spectre avec <strong data-start=\"3610\" data-end=\"3627\">SPF50+ PA++++<\/strong>, enrichie en <strong data-start=\"3641\" data-end=\"3659\">jus de bouleau<\/strong> pour <strong data-start=\"3665\" data-end=\"3744\">hydrater intens\u00e9ment et apaiser la peau tout en la prot\u00e9geant des rayons UV<\/strong>. Elle offre une formule l\u00e9g\u00e8re et confortable, parfaite pour une utilisation quotidienne.<\/p>\n<p class=\"\" data-start=\"3836\" data-end=\"4165\">Le <strong data-start=\"3839\" data-end=\"3857\">jus de bouleau<\/strong>, reconnu pour ses propri\u00e9t\u00e9s r\u00e9paratrices et \u00e9quilibrantes, renforce la barri\u00e8re cutan\u00e9e et am\u00e9liore l\u2019\u00e9lasticit\u00e9 ainsi que l\u2019\u00e9clat de la peau. La formule contient aussi de la <strong data-start=\"4034\" data-end=\"4049\">Niacinamide<\/strong> et de l\u2019<strong data-start=\"4058\" data-end=\"4080\">Acide Hyaluronique<\/strong>, pour booster l\u2019hydratation et unifier le teint \u2013 <strong data-start=\"4131\" data-end=\"4164\">sans effet blanc ni fini gras<\/strong>.<\/p>\n<p class=\"\" data-start=\"4167\" data-end=\"4425\">Sa texture soyeuse s\u2019absorbe rapidement, ce qui la rend id\u00e9ale comme base de maquillage ou comme derni\u00e8re \u00e9tape de votre routine. Convient \u00e0 <strong data-start=\"4308\" data-end=\"4334\">tous les types de peau<\/strong>, m\u00eame les plus sensibles, gr\u00e2ce \u00e0 une composition douce, sans alcool ni parfum artificiel.<\/p>\n<p class=\"\" data-start=\"4427\" data-end=\"4528\"><strong data-start=\"4427\" data-end=\"4442\">Id\u00e9ale pour<\/strong> : usage quotidien, peaux sensibles ou d\u00e9shydrat\u00e9es, protection urbaine ou ext\u00e9rieure.<\/p>\n<p class=\"\" data-start=\"4530\" data-end=\"4556\"><strong data-start=\"4530\" data-end=\"4554\">Principaux b\u00e9n\u00e9fices<\/strong><\/p>\n<ul data-start=\"4557\" data-end=\"4861\">\n<li class=\"\" data-start=\"4557\" data-end=\"4602\">\n<p class=\"\" data-start=\"4559\" data-end=\"4602\">Protection solaire \u00e9lev\u00e9e : SPF50+ PA++++<\/p>\n<\/li>\n<li class=\"\" data-start=\"4603\" data-end=\"4656\">\n<p class=\"\" data-start=\"4605\" data-end=\"4656\">Hydratation en profondeur gr\u00e2ce au jus de bouleau<\/p>\n<\/li>\n<li class=\"\" data-start=\"4657\" data-end=\"4709\">\n<p class=\"\" data-start=\"4659\" data-end=\"4709\">Texture l\u00e9g\u00e8re, non grasse, sans traces blanches<\/p>\n<\/li>\n<li class=\"\" data-start=\"4710\" data-end=\"4759\">\n<p class=\"\" data-start=\"4712\" data-end=\"4759\">Enrichie en Niacinamide et Acide Hyaluronique<\/p>\n<\/li>\n<li class=\"\" data-start=\"4760\" data-end=\"4816\">\n<p class=\"\" data-start=\"4762\" data-end=\"4816\">Apaise et prot\u00e8ge la peau des agressions ext\u00e9rieures<\/p>\n<\/li>\n<li class=\"\" data-start=\"4817\" data-end=\"4861\">\n<p class=\"\" data-start=\"4819\" data-end=\"4861\">Test\u00e9e dermatologiquement, formule douce<\/p>\n<\/li>\n<\/ul>\n<p class=\"\" data-start=\"4863\" data-end=\"4992\">Avec la <strong data-start=\"4871\" data-end=\"4905\">ROUNDLAB Birch Juice Sun Cream<\/strong>, prot\u00e9gez votre peau tout en lui apportant confort, hydratation et \u00e9clat au quotidien.<\/p>\n<p data-start=\"1771\" data-end=\"1902\">Follow us! <a href=\"https:\/\/www.instagram.com\/freeshopswiss\/\" target=\"_blank\" rel=\"noopener\">@freeshopswiss\u00a0<\/a><\/p>\n","protected":false},"excerpt":{"rendered":"<p>La ROUNDLAB Birch Juice Sun Cream est une cr\u00e8me solaire pour le visage \u00e0 large spectre avec SPF50+ PA++++, enrichie en jus de bouleau pour hydrater intens\u00e9ment et apaiser la peau tout en la prot\u00e9geant des rayons UV. Elle offre une formule l\u00e9g\u00e8re et confortable, parfaite pour une utilisation quotidienne. Le jus de bouleau, reconnu [&hellip;]<\/p>\n","protected":false},"featured_media":30360,"comment_status":"open","ping_status":"closed","template":"","meta":[],"pwb-brand":[1001],"product_brand":[],"product_cat":[109,89,295,3768,424],"product_tag":[553,493,296,5050,143,3611,5046,417],"class_list":{"0":"post-30364","1":"product","2":"type-product","3":"status-publish","4":"has-post-thumbnail","6":"pwb-brand-roundlab","7":"product_cat-pour-elle","8":"product_cat-pour-lui","9":"product_cat-traitements","10":"product_cat-k-beauty-fr","11":"product_cat-solari-fr","12":"product_tag-creme-solaire","13":"product_tag-ecrans-solaires","14":"product_tag-femme","15":"product_tag-fete-des-meres","16":"product_tag-homme","17":"product_tag-k-beauty-fr","18":"product_tag-moins-de-30-chf","19":"product_tag-soins-fr","21":"first","22":"instock","23":"sale","24":"taxable","25":"shipping-taxable","26":"purchasable","27":"product-type-simple"},"brands":[{"id":1001,"name":"Roundlab","slug":"roundlab"}],"_links":{"self":[{"href":"https:\/\/www.freeshopfrontiera.ch\/fr\/wp-json\/wp\/v2\/product\/30364","targetHints":{"allow":["GET"]}}],"collection":[{"href":"https:\/\/www.freeshopfrontiera.ch\/fr\/wp-json\/wp\/v2\/product"}],"about":[{"href":"https:\/\/www.freeshopfrontiera.ch\/fr\/wp-json\/wp\/v2\/types\/product"}],"replies":[{"embeddable":true,"href":"https:\/\/www.freeshopfrontiera.ch\/fr\/wp-json\/wp\/v2\/comments?post=30364"}],"version-history":[{"count":4,"href":"https:\/\/www.freeshopfrontiera.ch\/fr\/wp-json\/wp\/v2\/product\/30364\/revisions"}],"predecessor-version":[{"id":30376,"href":"https:\/\/www.freeshopfrontiera.ch\/fr\/wp-json\/wp\/v2\/product\/30364\/revisions\/30376"}],"wp:featuredmedia":[{"embeddable":true,"href":"https:\/\/www.freeshopfrontiera.ch\/fr\/wp-json\/wp\/v2\/media\/30360"}],"wp:attachment":[{"href":"https:\/\/www.freeshopfrontiera.ch\/fr\/wp-json\/wp\/v2\/media?parent=30364"}],"wp:term":[{"taxonomy":"pwb-brand","embeddable":true,"href":"https:\/\/www.freeshopfrontiera.ch\/fr\/wp-json\/wp\/v2\/pwb-brand?post=30364"},{"taxonomy":"product_brand","embeddable":true,"href":"https:\/\/www.freeshopfrontiera.ch\/fr\/wp-json\/wp\/v2\/product_brand?post=30364"},{"taxonomy":"product_cat","embeddable":true,"href":"https:\/\/www.freeshopfrontiera.ch\/fr\/wp-json\/wp\/v2\/product_cat?post=30364"},{"taxonomy":"product_tag","embeddable":true,"href":"https:\/\/www.freeshopfrontiera.ch\/fr\/wp-json\/wp\/v2\/product_tag?post=30364"}],"curies":[{"name":"wp","href":"https:\/\/api.w.org\/{rel}","templated":true}]}}