{"id":30385,"date":"2025-05-14T15:02:29","date_gmt":"2025-05-14T15:02:29","guid":{"rendered":"https:\/\/www.freeshopfrontiera.ch\/shop\/doctor-babor-microbiomic-awakening-eye-cream-15ml\/"},"modified":"2025-05-14T15:07:45","modified_gmt":"2025-05-14T15:07:45","slug":"doctor-babor-microbiomic-awakening-eye-cream-15ml","status":"publish","type":"product","link":"https:\/\/www.freeshopfrontiera.ch\/fr\/shop\/doctor-babor-microbiomic-awakening-eye-cream-15ml\/","title":{"rendered":"DOCTOR BABOR MicroBiomic Awakening Eye Cream 15ml"},"content":{"rendered":"<p class=\"\" data-start=\"3192\" data-end=\"3552\">La <strong data-start=\"3195\" data-end=\"3230\">MicroBiomic Awakening Eye Cream<\/strong> de <strong data-start=\"3234\" data-end=\"3250\">DOCTOR BABOR<\/strong> est un soin contour des yeux avanc\u00e9 qui offre <strong data-start=\"3297\" data-end=\"3357\">un regard plus lisse, lumineux et visiblement revitalis\u00e9<\/strong>. Gr\u00e2ce \u00e0 une concentration efficace de <strong data-start=\"3397\" data-end=\"3421\">5,8 % de Niacinamide<\/strong>, elle agit sur les cernes, les poches et les signes de fatigue, tout en am\u00e9liorant la fermet\u00e9 et l\u2019uniformit\u00e9 du contour de l\u2019\u0153il.<\/p>\n<p class=\"\" data-start=\"3554\" data-end=\"3805\">Formul\u00e9e avec des <strong data-start=\"3572\" data-end=\"3596\">pr\u00e9- et probiotiques<\/strong>, elle renforce le <strong data-start=\"3615\" data-end=\"3636\">microbiome cutan\u00e9<\/strong>, essentiel \u00e0 la sant\u00e9 de la peau d\u00e9licate du contour des yeux. Elle apaise, r\u00e9\u00e9quilibre et r\u00e9duit les rougeurs et les gonflements, tout en apportant souplesse et \u00e9clat.<\/p>\n<p class=\"\" data-start=\"3807\" data-end=\"3995\">Sa texture l\u00e9g\u00e8re et soyeuse p\u00e9n\u00e8tre rapidement sans laisser de r\u00e9sidu, id\u00e9ale comme base maquillage. Test\u00e9e dermatologiquement, elle convient \u00e0 <strong data-start=\"3952\" data-end=\"3978\">tous les types de peau<\/strong>, m\u00eame sensibles.<\/p>\n<p class=\"\" data-start=\"3997\" data-end=\"4065\"><strong data-start=\"3997\" data-end=\"4012\">Id\u00e9ale pour<\/strong> : cernes, poches, contour des yeux fatigu\u00e9 ou terne.<\/p>\n<p class=\"\" data-start=\"4067\" data-end=\"4093\"><strong data-start=\"4067\" data-end=\"4091\">Principaux b\u00e9n\u00e9fices<\/strong><\/p>\n<ul data-start=\"4094\" data-end=\"4394\">\n<li class=\"\" data-start=\"4094\" data-end=\"4154\">\n<p class=\"\" data-start=\"4096\" data-end=\"4154\">5,8 % de Niacinamide pour lisser et uniformiser le teint<\/p>\n<\/li>\n<li class=\"\" data-start=\"4155\" data-end=\"4216\">\n<p class=\"\" data-start=\"4157\" data-end=\"4216\">Pr\u00e9serve l\u2019\u00e9quilibre de la peau avec pr\u00e9- et probiotiques<\/p>\n<\/li>\n<li class=\"\" data-start=\"4217\" data-end=\"4264\">\n<p class=\"\" data-start=\"4219\" data-end=\"4264\">R\u00e9duit les ridules et les signes de fatigue<\/p>\n<\/li>\n<li class=\"\" data-start=\"4265\" data-end=\"4302\">\n<p class=\"\" data-start=\"4267\" data-end=\"4302\">Texture l\u00e9g\u00e8re, absorption rapide<\/p>\n<\/li>\n<li class=\"\" data-start=\"4303\" data-end=\"4361\">\n<p class=\"\" data-start=\"4305\" data-end=\"4361\">Test\u00e9e dermatologiquement, adapt\u00e9e aux peaux sensibles<\/p>\n<\/li>\n<li class=\"\" data-start=\"4362\" data-end=\"4394\">\n<p class=\"\" data-start=\"4364\" data-end=\"4394\">Id\u00e9ale en base de maquillage<\/p>\n<\/li>\n<\/ul>\n<p class=\"\" data-start=\"4396\" data-end=\"4521\">Avec la <strong data-start=\"4404\" data-end=\"4452\">DOCTOR BABOR MicroBiomic Awakening Eye Cream<\/strong>, votre regard retrouve fra\u00eecheur, \u00e9clat et jeunesse jour apr\u00e8s jour.<\/p>\n<p data-start=\"1635\" data-end=\"1794\">Follow us! <a href=\"https:\/\/www.instagram.com\/freeshopswiss\/\" target=\"_blank\" rel=\"noopener\">@freeshopswiss\u00a0<\/a><\/p>\n","protected":false},"excerpt":{"rendered":"<p>La MicroBiomic Awakening Eye Cream de DOCTOR BABOR est un soin contour des yeux avanc\u00e9 qui offre un regard plus lisse, lumineux et visiblement revitalis\u00e9. Gr\u00e2ce \u00e0 une concentration efficace de 5,8 % de Niacinamide, elle agit sur les cernes, les poches et les signes de fatigue, tout en am\u00e9liorant la fermet\u00e9 et l\u2019uniformit\u00e9 du [&hellip;]<\/p>\n","protected":false},"featured_media":30381,"comment_status":"open","ping_status":"closed","template":"","meta":[],"pwb-brand":[808],"product_brand":[],"product_cat":[109,295,548],"product_tag":[296,417,479],"class_list":{"0":"post-30385","1":"product","2":"type-product","3":"status-publish","4":"has-post-thumbnail","6":"pwb-brand-babor","7":"product_cat-pour-elle","8":"product_cat-traitements","9":"product_cat-soin-contour","10":"product_tag-femme","11":"product_tag-soins-fr","12":"product_tag-soins-des-yeux","14":"first","15":"instock","16":"sale","17":"taxable","18":"shipping-taxable","19":"purchasable","20":"product-type-simple"},"brands":[{"id":808,"name":"Babor","slug":"babor"}],"_links":{"self":[{"href":"https:\/\/www.freeshopfrontiera.ch\/fr\/wp-json\/wp\/v2\/product\/30385","targetHints":{"allow":["GET"]}}],"collection":[{"href":"https:\/\/www.freeshopfrontiera.ch\/fr\/wp-json\/wp\/v2\/product"}],"about":[{"href":"https:\/\/www.freeshopfrontiera.ch\/fr\/wp-json\/wp\/v2\/types\/product"}],"replies":[{"embeddable":true,"href":"https:\/\/www.freeshopfrontiera.ch\/fr\/wp-json\/wp\/v2\/comments?post=30385"}],"version-history":[{"count":1,"href":"https:\/\/www.freeshopfrontiera.ch\/fr\/wp-json\/wp\/v2\/product\/30385\/revisions"}],"predecessor-version":[{"id":30389,"href":"https:\/\/www.freeshopfrontiera.ch\/fr\/wp-json\/wp\/v2\/product\/30385\/revisions\/30389"}],"wp:featuredmedia":[{"embeddable":true,"href":"https:\/\/www.freeshopfrontiera.ch\/fr\/wp-json\/wp\/v2\/media\/30381"}],"wp:attachment":[{"href":"https:\/\/www.freeshopfrontiera.ch\/fr\/wp-json\/wp\/v2\/media?parent=30385"}],"wp:term":[{"taxonomy":"pwb-brand","embeddable":true,"href":"https:\/\/www.freeshopfrontiera.ch\/fr\/wp-json\/wp\/v2\/pwb-brand?post=30385"},{"taxonomy":"product_brand","embeddable":true,"href":"https:\/\/www.freeshopfrontiera.ch\/fr\/wp-json\/wp\/v2\/product_brand?post=30385"},{"taxonomy":"product_cat","embeddable":true,"href":"https:\/\/www.freeshopfrontiera.ch\/fr\/wp-json\/wp\/v2\/product_cat?post=30385"},{"taxonomy":"product_tag","embeddable":true,"href":"https:\/\/www.freeshopfrontiera.ch\/fr\/wp-json\/wp\/v2\/product_tag?post=30385"}],"curies":[{"name":"wp","href":"https:\/\/api.w.org\/{rel}","templated":true}]}}