{"id":30399,"date":"2025-05-14T15:25:30","date_gmt":"2025-05-14T15:25:30","guid":{"rendered":"https:\/\/www.freeshopfrontiera.ch\/shop\/doctor-babor-microbiomic-clay-multi-cleanser-75ml\/"},"modified":"2025-05-14T15:32:55","modified_gmt":"2025-05-14T15:32:55","slug":"doctor-babor-microbiomic-clay-multi-cleanser-75ml","status":"publish","type":"product","link":"https:\/\/www.freeshopfrontiera.ch\/fr\/shop\/doctor-babor-microbiomic-clay-multi-cleanser-75ml\/","title":{"rendered":"DOCTOR BABOR MicroBiomic Clay Multi-Cleanser 75ml"},"content":{"rendered":"<p class=\"\" data-start=\"4363\" data-end=\"4659\">Le <strong data-start=\"4366\" data-end=\"4401\">MicroBiomic Clay Multi-Cleanser<\/strong> de <strong data-start=\"4405\" data-end=\"4421\">DOCTOR BABOR<\/strong> est un nettoyant visage hautement performant qui associe <strong data-start=\"4479\" data-end=\"4574\">les bienfaits purifiants de l\u2019argile kaolin (10 %) \u00e0 un complexe pr\u00e9biotique et probiotique<\/strong> pour offrir un nettoyage complet, tout en pr\u00e9servant l\u2019\u00e9quilibre naturel de la peau.<\/p>\n<p class=\"\" data-start=\"4661\" data-end=\"5054\">Sa formule cr\u00e8me onctueuse permet d\u2019\u00e9liminer en douceur l\u2019exc\u00e8s de s\u00e9bum, les impuret\u00e9s et les r\u00e9sidus de pollution, tout en respectant la barri\u00e8re cutan\u00e9e. Contrairement \u00e0 de nombreux nettoyants \u00e0 base d\u2019argile, il ne dess\u00e8che pas la peau gr\u00e2ce \u00e0 son <strong data-start=\"4913\" data-end=\"4983\">pH \u00e9quilibr\u00e9 et son action r\u00e9\u00e9quilibrante sur le microbiome cutan\u00e9<\/strong>. Le r\u00e9sultat ? Une peau plus saine, nette et apais\u00e9e, jour apr\u00e8s jour.<\/p>\n<p class=\"\" data-start=\"5056\" data-end=\"5463\">Polyvalent, il peut s\u2019utiliser <strong data-start=\"5087\" data-end=\"5127\">quotidiennement comme nettoyant doux<\/strong>, ou <strong data-start=\"5132\" data-end=\"5186\">une \u00e0 deux fois par semaine comme masque purifiant<\/strong>. Lorsqu\u2019il est laiss\u00e9 poser, le kaolin agit en profondeur pour absorber l\u2019exc\u00e8s de s\u00e9bum, d\u00e9sobstruer les pores et affiner le grain de peau. C\u2019est un soin id\u00e9al pour les <strong data-start=\"5357\" data-end=\"5404\">peaux mixtes \u00e0 grasses, \u00e0 tendance acn\u00e9ique<\/strong>, mais suffisamment doux pour convenir aux peaux sensibles.<\/p>\n<p class=\"\" data-start=\"5465\" data-end=\"5487\"><strong data-start=\"5465\" data-end=\"5483\">B\u00e9n\u00e9fices cl\u00e9s<\/strong> :<\/p>\n<ul data-start=\"5488\" data-end=\"5832\">\n<li class=\"\" data-start=\"5488\" data-end=\"5542\">\n<p class=\"\" data-start=\"5490\" data-end=\"5542\">10 % de kaolin pour une purification en profondeur<\/p>\n<\/li>\n<li class=\"\" data-start=\"5543\" data-end=\"5602\">\n<p class=\"\" data-start=\"5545\" data-end=\"5602\">R\u00e9\u00e9quilibre le microbiome avec des pr\u00e9- et probiotiques<\/p>\n<\/li>\n<li class=\"\" data-start=\"5603\" data-end=\"5664\">\n<p class=\"\" data-start=\"5605\" data-end=\"5664\">Double usage : nettoyant quotidien ou masque hebdomadaire<\/p>\n<\/li>\n<li class=\"\" data-start=\"5665\" data-end=\"5718\">\n<p class=\"\" data-start=\"5667\" data-end=\"5718\">Texture cr\u00e9meuse non dess\u00e9chante, facile \u00e0 rincer<\/p>\n<\/li>\n<li class=\"\" data-start=\"5719\" data-end=\"5775\">\n<p class=\"\" data-start=\"5721\" data-end=\"5775\">Am\u00e9liore la clart\u00e9 du teint et r\u00e9duit les brillances<\/p>\n<\/li>\n<li class=\"\" data-start=\"5776\" data-end=\"5832\">\n<p class=\"\" data-start=\"5778\" data-end=\"5832\">Test\u00e9 dermatologiquement, adapt\u00e9 aux peaux sensibles<\/p>\n<\/li>\n<\/ul>\n<p class=\"\" data-start=\"5834\" data-end=\"6005\">Avec le <strong data-start=\"5842\" data-end=\"5890\">DOCTOR BABOR MicroBiomic Clay Multi-Cleanser<\/strong>, chaque nettoyage devient un rituel de purification et de soin, pour une peau plus nette, \u00e9quilibr\u00e9e et lumineuse.<\/p>\n<p data-start=\"1645\" data-end=\"1805\">Follow us! <a href=\"https:\/\/www.instagram.com\/freeshopswiss\/\" target=\"_blank\" rel=\"noopener\">@freeshopswiss\u00a0<\/a><\/p>\n","protected":false},"excerpt":{"rendered":"<p>Le MicroBiomic Clay Multi-Cleanser de DOCTOR BABOR est un nettoyant visage hautement performant qui associe les bienfaits purifiants de l\u2019argile kaolin (10 %) \u00e0 un complexe pr\u00e9biotique et probiotique pour offrir un nettoyage complet, tout en pr\u00e9servant l\u2019\u00e9quilibre naturel de la peau. Sa formule cr\u00e8me onctueuse permet d\u2019\u00e9liminer en douceur l\u2019exc\u00e8s de s\u00e9bum, les impuret\u00e9s [&hellip;]<\/p>\n","protected":false},"featured_media":30395,"comment_status":"open","ping_status":"closed","template":"","meta":[],"pwb-brand":[808],"product_brand":[],"product_cat":[109,295,545],"product_tag":[296,417,301],"class_list":{"0":"post-30399","1":"product","2":"type-product","3":"status-publish","4":"has-post-thumbnail","6":"pwb-brand-babor","7":"product_cat-pour-elle","8":"product_cat-traitements","9":"product_cat-soin-du-visage","10":"product_tag-femme","11":"product_tag-soins-fr","12":"product_tag-soins-du-visage","14":"first","15":"instock","16":"sale","17":"taxable","18":"shipping-taxable","19":"purchasable","20":"product-type-simple"},"brands":[{"id":808,"name":"Babor","slug":"babor"}],"_links":{"self":[{"href":"https:\/\/www.freeshopfrontiera.ch\/fr\/wp-json\/wp\/v2\/product\/30399","targetHints":{"allow":["GET"]}}],"collection":[{"href":"https:\/\/www.freeshopfrontiera.ch\/fr\/wp-json\/wp\/v2\/product"}],"about":[{"href":"https:\/\/www.freeshopfrontiera.ch\/fr\/wp-json\/wp\/v2\/types\/product"}],"replies":[{"embeddable":true,"href":"https:\/\/www.freeshopfrontiera.ch\/fr\/wp-json\/wp\/v2\/comments?post=30399"}],"version-history":[{"count":2,"href":"https:\/\/www.freeshopfrontiera.ch\/fr\/wp-json\/wp\/v2\/product\/30399\/revisions"}],"predecessor-version":[{"id":30404,"href":"https:\/\/www.freeshopfrontiera.ch\/fr\/wp-json\/wp\/v2\/product\/30399\/revisions\/30404"}],"wp:featuredmedia":[{"embeddable":true,"href":"https:\/\/www.freeshopfrontiera.ch\/fr\/wp-json\/wp\/v2\/media\/30395"}],"wp:attachment":[{"href":"https:\/\/www.freeshopfrontiera.ch\/fr\/wp-json\/wp\/v2\/media?parent=30399"}],"wp:term":[{"taxonomy":"pwb-brand","embeddable":true,"href":"https:\/\/www.freeshopfrontiera.ch\/fr\/wp-json\/wp\/v2\/pwb-brand?post=30399"},{"taxonomy":"product_brand","embeddable":true,"href":"https:\/\/www.freeshopfrontiera.ch\/fr\/wp-json\/wp\/v2\/product_brand?post=30399"},{"taxonomy":"product_cat","embeddable":true,"href":"https:\/\/www.freeshopfrontiera.ch\/fr\/wp-json\/wp\/v2\/product_cat?post=30399"},{"taxonomy":"product_tag","embeddable":true,"href":"https:\/\/www.freeshopfrontiera.ch\/fr\/wp-json\/wp\/v2\/product_tag?post=30399"}],"curies":[{"name":"wp","href":"https:\/\/api.w.org\/{rel}","templated":true}]}}