{"id":30721,"date":"2025-05-19T11:57:23","date_gmt":"2025-05-19T11:57:23","guid":{"rendered":"https:\/\/www.freeshopfrontiera.ch\/shop\/mixsoon-bean-essence\/"},"modified":"2025-05-19T12:40:35","modified_gmt":"2025-05-19T12:40:35","slug":"mixsoon-bean-essence","status":"publish","type":"product","link":"https:\/\/www.freeshopfrontiera.ch\/fr\/shop\/mixsoon-bean-essence\/","title":{"rendered":"MIXSOON Bean Essence"},"content":{"rendered":"<p class=\"\" data-start=\"1830\" data-end=\"1870\"><strong data-start=\"1830\" data-end=\"1870\">Qu\u2019est-ce que MIXSOON Bean Essence ?<\/strong><\/p>\n<p class=\"\" data-start=\"1872\" data-end=\"2096\">Bean Essence est un soin innovant, reconnu pour ses propri\u00e9t\u00e9s hydratantes et r\u00e9g\u00e9n\u00e9rantes. Gr\u00e2ce \u00e0 sa formule concentr\u00e9e, il est parfait pour celles et ceux qui souhaitent une peau plus lumineuse, souple et en pleine sant\u00e9.<\/p>\n<p class=\"\" data-start=\"2098\" data-end=\"2137\"><strong data-start=\"2098\" data-end=\"2137\">Une Essence aux Multiples Bienfaits<\/strong><\/p>\n<p class=\"\" data-start=\"2139\" data-end=\"2374\">Ce soin concentr\u00e9 utilise l\u2019extrait de haricot pour hydrater et nourrir la peau en profondeur. Sa texture l\u00e9g\u00e8re p\u00e9n\u00e8tre rapidement sans laisser de film gras. Le flacon pratique est facile \u00e0 utiliser et adapt\u00e9 \u00e0 tous les types de peau.<\/p>\n<p class=\"\" data-start=\"2376\" data-end=\"2402\"><strong data-start=\"2376\" data-end=\"2402\">Bienfaits pour la Peau<\/strong><\/p>\n<p class=\"\" data-start=\"2404\" data-end=\"2722\">L\u2019extrait de haricot est riche en antioxydants, qui prot\u00e8gent la peau contre les radicaux libres. Il stimule \u00e9galement la production de collag\u00e8ne, am\u00e9liorant l\u2019\u00e9lasticit\u00e9 de la peau. L\u2019utilisation quotidienne de MIXSOON Bean Essence aide \u00e0 att\u00e9nuer les signes du vieillissement, pour une peau plus ferme et plus jeune.<\/p>\n<p class=\"\" data-start=\"2724\" data-end=\"2759\"><strong data-start=\"2724\" data-end=\"2759\">Hydratation Profonde et Durable<\/strong><\/p>\n<p class=\"\" data-start=\"2761\" data-end=\"3023\">Gr\u00e2ce \u00e0 sa formule unique, Bean Essence maintient l\u2019hydratation de la peau tout au long de la journ\u00e9e. La peau devient plus douce, lisse et visiblement plus saine. Id\u00e9al pour les peaux s\u00e8ches ou d\u00e9shydrat\u00e9es, ce produit est un indispensable de la routine beaut\u00e9.<\/p>\n<p class=\"\" data-start=\"3025\" data-end=\"3047\"><strong data-start=\"3025\" data-end=\"3047\">Mode d\u2019Utilisation<\/strong><\/p>\n<p class=\"\" data-start=\"3049\" data-end=\"3283\">Appliquez quelques gouttes sur le visage propre et sec, puis massez d\u00e9licatement par mouvements circulaires. \u00c0 utiliser matin et soir avant votre cr\u00e8me hydratante. Sa texture l\u00e9g\u00e8re en fait \u00e9galement une excellente base de maquillage.<\/p>\n<p class=\"\" data-start=\"3285\" data-end=\"3328\"><strong data-start=\"3285\" data-end=\"3328\">Pourquoi Choisir MIXSOON Bean Essence ?<\/strong><\/p>\n<p class=\"\" data-start=\"3330\" data-end=\"3511\">Pour une peau \u00e9clatante et saine, Bean Essence est le choix parfait. Sa formule naturelle enrichie en haricots et antioxydants rend la peau visiblement plus jeune, lisse et fra\u00eeche.<\/p>\n<p class=\"\" data-start=\"3513\" data-end=\"3558\">Suivez toutes nos nouveaut\u00e9s !\u00a0 <a href=\"https:\/\/www.instagram.com\/freeshopswiss\/\" target=\"_blank\" rel=\"noopener\">@freeshopswiss<\/a><\/p>\n","protected":false},"excerpt":{"rendered":"<p>Qu\u2019est-ce que MIXSOON Bean Essence ? Bean Essence est un soin innovant, reconnu pour ses propri\u00e9t\u00e9s hydratantes et r\u00e9g\u00e9n\u00e9rantes. Gr\u00e2ce \u00e0 sa formule concentr\u00e9e, il est parfait pour celles et ceux qui souhaitent une peau plus lumineuse, souple et en pleine sant\u00e9. Une Essence aux Multiples Bienfaits Ce soin concentr\u00e9 utilise l\u2019extrait de haricot pour [&hellip;]<\/p>\n","protected":false},"featured_media":9585,"comment_status":"open","ping_status":"closed","template":"","meta":[],"pwb-brand":[299],"product_brand":[],"product_cat":[109,295,3768,545],"product_tag":[3611,417,301],"class_list":{"0":"post-30721","1":"product","2":"type-product","3":"status-publish","4":"has-post-thumbnail","6":"pwb-brand-mixsoon","7":"product_cat-pour-elle","8":"product_cat-traitements","9":"product_cat-k-beauty-fr","10":"product_cat-soin-du-visage","11":"product_tag-k-beauty-fr","12":"product_tag-soins-fr","13":"product_tag-soins-du-visage","15":"first","16":"instock","17":"sale","18":"taxable","19":"shipping-taxable","20":"purchasable","21":"product-type-variable"},"brands":[{"id":299,"name":"Mixsoon","slug":"mixsoon"}],"_links":{"self":[{"href":"https:\/\/www.freeshopfrontiera.ch\/fr\/wp-json\/wp\/v2\/product\/30721","targetHints":{"allow":["GET"]}}],"collection":[{"href":"https:\/\/www.freeshopfrontiera.ch\/fr\/wp-json\/wp\/v2\/product"}],"about":[{"href":"https:\/\/www.freeshopfrontiera.ch\/fr\/wp-json\/wp\/v2\/types\/product"}],"replies":[{"embeddable":true,"href":"https:\/\/www.freeshopfrontiera.ch\/fr\/wp-json\/wp\/v2\/comments?post=30721"}],"version-history":[{"count":1,"href":"https:\/\/www.freeshopfrontiera.ch\/fr\/wp-json\/wp\/v2\/product\/30721\/revisions"}],"predecessor-version":[{"id":30728,"href":"https:\/\/www.freeshopfrontiera.ch\/fr\/wp-json\/wp\/v2\/product\/30721\/revisions\/30728"}],"wp:featuredmedia":[{"embeddable":true,"href":"https:\/\/www.freeshopfrontiera.ch\/fr\/wp-json\/wp\/v2\/media\/9585"}],"wp:attachment":[{"href":"https:\/\/www.freeshopfrontiera.ch\/fr\/wp-json\/wp\/v2\/media?parent=30721"}],"wp:term":[{"taxonomy":"pwb-brand","embeddable":true,"href":"https:\/\/www.freeshopfrontiera.ch\/fr\/wp-json\/wp\/v2\/pwb-brand?post=30721"},{"taxonomy":"product_brand","embeddable":true,"href":"https:\/\/www.freeshopfrontiera.ch\/fr\/wp-json\/wp\/v2\/product_brand?post=30721"},{"taxonomy":"product_cat","embeddable":true,"href":"https:\/\/www.freeshopfrontiera.ch\/fr\/wp-json\/wp\/v2\/product_cat?post=30721"},{"taxonomy":"product_tag","embeddable":true,"href":"https:\/\/www.freeshopfrontiera.ch\/fr\/wp-json\/wp\/v2\/product_tag?post=30721"}],"curies":[{"name":"wp","href":"https:\/\/api.w.org\/{rel}","templated":true}]}}