{"id":30809,"date":"2025-01-08T09:34:52","date_gmt":"2025-01-08T09:34:52","guid":{"rendered":"https:\/\/www.freeshopfrontiera.ch\/shop\/valentino-born-in-roma-2\/"},"modified":"2025-01-08T09:34:52","modified_gmt":"2025-01-08T09:34:52","slug":"valentino-born-in-roma-2","status":"publish","type":"product","link":"https:\/\/www.freeshopfrontiera.ch\/fr\/shop\/valentino-born-in-roma-2\/","title":{"rendered":"VALENTINO Born in Roma"},"content":{"rendered":"<p><strong>VALENTINO Born in Roma Donna Eau de Parfum : Une Essence \u00c9l\u00e9gante et Moderne<\/strong><\/p>\n<p>Born in Roma Donna Eau de Parfum est un parfum qui capture l&rsquo;essence de la femme contemporaine : \u00e9l\u00e9gante, audacieuse et sophistiqu\u00e9e. Ce parfum embl\u00e9matique est un hommage \u00e0 la capitale italienne, Rome, et \u00e0 ses traditions, mais se distingue en m\u00eame temps par sa modernit\u00e9 et son caract\u00e8re unique. Sa composition olfactive est une fusion parfaite d&rsquo;\u00e9l\u00e9ments classiques et contemporains, cr\u00e9ant un parfum qui c\u00e9l\u00e8bre la f\u00e9minit\u00e9 sous toutes ses facettes.  <\/p>\n<p><strong>Una Composizione Olfattiva Unica<\/strong><\/p>\n<p>Le parfum Born in Roma Donna s&rsquo;ouvre sur des notes fra\u00eeches et fruit\u00e9es de cassis et de bergamote, qui donnent un d\u00e9part p\u00e9tillant et vif. Le c\u0153ur de la composition est riche et floral, gr\u00e2ce \u00e0 la pr\u00e9sence de jasmin grandiflorum, symbole d&rsquo;\u00e9l\u00e9gance et de raffinement. Pour compl\u00e9ter cette exp\u00e9rience sensorielle extraordinaire, les notes de fond sont enveloppantes et sophistiqu\u00e9es, avec du bois de cypr\u00e8s, du patchouli et de la vanille donnant profondeur et sensualit\u00e9 au parfum.  <\/p>\n<p><strong>&#8211;<\/strong><\/p>\n<p>Le flacon VALENTINO Born in Roma Donna est une \u0153uvre d&rsquo;art, refl\u00e9tant l&rsquo;id\u00e9e de luxe et de style. La bouteille, au design \u00e9l\u00e9gant et d\u00e9taill\u00e9, est d\u00e9cor\u00e9e d&rsquo;un motif qui rappelle l&rsquo;architecture de Rome. La couleur rose intense, symbole de f\u00e9minit\u00e9 et de passion, se marie parfaitement avec le caract\u00e8re fort du parfum.  <\/p>\n<p><strong>&#8211;<\/strong><\/p>\n<p>VALENTINO Born in Roma Donna est un parfum polyvalent, adapt\u00e9 \u00e0 tout moment de la journ\u00e9e. Parfait pour une soir\u00e9e \u00e9l\u00e9gante ou une r\u00e9union sp\u00e9ciale, ce parfum laisse une marque ind\u00e9l\u00e9bile. Sa durabilit\u00e9 \u00e0 long terme garantit que chaque femme peut se sentir confiante et sophistiqu\u00e9e, avec une touche d&rsquo;\u00e9l\u00e9gance \u00e0 tout moment.  <\/p>\n<p><strong>Une ic\u00f4ne de f\u00e9minit\u00e9 et de style<\/strong><\/p>\n<p>Born in Roma Donna est plus qu&rsquo;un simple parfum : c&rsquo;est une d\u00e9claration de style et de f\u00e9minit\u00e9. Le parfum v\u00e9hicule l\u2019image d\u2019une femme moderne, qui vit sa vie avec passion, \u00e9l\u00e9gance et une forte personnalit\u00e9. Avec VALENTINO Born in Roma, chaque femme peut exprimer son esprit unique.  <\/p>\n<p>Suivez toutes nos actualit\u00e9s ! <a href=\"https:\/\/www.instagram.com\/freeshopswiss\/\" target=\"_blank\" rel=\"noopener\">@freeshopswiss<\/a><\/p>\n","protected":false},"excerpt":{"rendered":"<p><em><strong>VALENTINO Born in Roma Donna<\/strong> est un parfum qui allie \u00e9l\u00e9gance et audace. Avec des notes fra\u00eeches de cassis et un c\u0153ur floral de jasmin, ce parfum laisse un sillage raffin\u00e9 et durable. <\/em><\/p>\n","protected":false},"featured_media":9451,"comment_status":"open","ping_status":"closed","template":"","meta":[],"pwb-brand":[298],"product_brand":[],"product_cat":[138,87,109],"product_tag":[252,296,789,278,97],"class_list":{"0":"post-30809","1":"product","2":"type-product","3":"status-publish","4":"has-post-thumbnail","6":"pwb-brand-valentino","7":"product_cat-offre","8":"product_cat-parfums","9":"product_cat-pour-elle","10":"product_tag-eau-de-parfum-fr","11":"product_tag-femme","12":"product_tag-womens-fragrances-fr","13":"product_tag-offre","14":"product_tag-parfums","16":"first","17":"instock","18":"sale","19":"taxable","20":"shipping-taxable","21":"purchasable","22":"product-type-variable","23":"has-default-attributes"},"brands":[{"id":298,"name":"Valentino","slug":"valentino"}],"_links":{"self":[{"href":"https:\/\/www.freeshopfrontiera.ch\/fr\/wp-json\/wp\/v2\/product\/30809","targetHints":{"allow":["GET"]}}],"collection":[{"href":"https:\/\/www.freeshopfrontiera.ch\/fr\/wp-json\/wp\/v2\/product"}],"about":[{"href":"https:\/\/www.freeshopfrontiera.ch\/fr\/wp-json\/wp\/v2\/types\/product"}],"replies":[{"embeddable":true,"href":"https:\/\/www.freeshopfrontiera.ch\/fr\/wp-json\/wp\/v2\/comments?post=30809"}],"version-history":[{"count":1,"href":"https:\/\/www.freeshopfrontiera.ch\/fr\/wp-json\/wp\/v2\/product\/30809\/revisions"}],"predecessor-version":[{"id":33972,"href":"https:\/\/www.freeshopfrontiera.ch\/fr\/wp-json\/wp\/v2\/product\/30809\/revisions\/33972"}],"wp:featuredmedia":[{"embeddable":true,"href":"https:\/\/www.freeshopfrontiera.ch\/fr\/wp-json\/wp\/v2\/media\/9451"}],"wp:attachment":[{"href":"https:\/\/www.freeshopfrontiera.ch\/fr\/wp-json\/wp\/v2\/media?parent=30809"}],"wp:term":[{"taxonomy":"pwb-brand","embeddable":true,"href":"https:\/\/www.freeshopfrontiera.ch\/fr\/wp-json\/wp\/v2\/pwb-brand?post=30809"},{"taxonomy":"product_brand","embeddable":true,"href":"https:\/\/www.freeshopfrontiera.ch\/fr\/wp-json\/wp\/v2\/product_brand?post=30809"},{"taxonomy":"product_cat","embeddable":true,"href":"https:\/\/www.freeshopfrontiera.ch\/fr\/wp-json\/wp\/v2\/product_cat?post=30809"},{"taxonomy":"product_tag","embeddable":true,"href":"https:\/\/www.freeshopfrontiera.ch\/fr\/wp-json\/wp\/v2\/product_tag?post=30809"}],"curies":[{"name":"wp","href":"https:\/\/api.w.org\/{rel}","templated":true}]}}