{"id":30813,"date":"2025-05-19T15:28:55","date_gmt":"2025-05-19T15:28:55","guid":{"rendered":"https:\/\/www.freeshopfrontiera.ch\/shop\/ysl-la-nuit-de-lhomme\/"},"modified":"2025-05-19T15:33:04","modified_gmt":"2025-05-19T15:33:04","slug":"ysl-la-nuit-de-lhomme","status":"publish","type":"product","link":"https:\/\/www.freeshopfrontiera.ch\/fr\/shop\/ysl-la-nuit-de-lhomme\/","title":{"rendered":"YSL La Nuit de l&rsquo;Homme"},"content":{"rendered":"<p>YVES SAINT LAURENT La Nuit de l&rsquo;Homme : Un Parfum \u00c9l\u00e9gant et Sensuel<\/p>\n<p>YVES SAINT LAURENT La Nuit de l&rsquo;Homme Eau de Toilette est un parfum embl\u00e9matique qui incarne le glamour et la sophistication. Ce parfum masculin est parfait pour ceux qui recherchent un ar\u00f4me s\u00e9duisant mais raffin\u00e9. Lanc\u00e9e en 2009, La Nuit de l&rsquo;Homme a rapidement conquis le c\u0153ur des passionn\u00e9s de parfumerie, devenant un incontournable pour celles et ceux en qu\u00eate d&rsquo;un parfum unique.<\/p>\n<p>Une composition olfactive incomparable<\/p>\n<p>Le parfum YVES SAINT LAURENT est un m\u00e9lange parfait de notes fra\u00eeches et intenses. Les notes de t\u00eate de cardamome et de bergamote cr\u00e9ent une ouverture \u00e9nergique et vive. Le c\u0153ur du parfum est caract\u00e9ris\u00e9 par une combinaison de lavande, de v\u00e9tiver et de c\u00e8dre, qui donne une touche d&rsquo;\u00e9l\u00e9gance et de myst\u00e8re. Enfin, les notes de fond de f\u00e8ve tonka et de patchouli offrent un sillage sensuel et enveloppant qui persiste longuement sur la peau.<\/p>\n<p>Un parfum id\u00e9al pour la nuit<\/p>\n<p>Comme son nom l&rsquo;indique, La Nuit de l&rsquo;Homme est con\u00e7ue pour les occasions du soir et de la nuit. Son intensit\u00e9 le rend parfait pour des \u00e9v\u00e9nements sp\u00e9ciaux, des d\u00eeners romantiques ou des soir\u00e9es \u00e9l\u00e9gantes. Le parfum est suffisamment polyvalent pour \u00eatre port\u00e9 dans diverses situations, mais son caract\u00e8re audacieux et myst\u00e9rieux le rend id\u00e9al lorsque vous souhaitez faire une v\u00e9ritable impression.<\/p>\n<p><a href=\"https:\/\/www.instagram.com\/freeshopswiss\/\" target=\"_blank\" rel=\"noopener\">@freeshopswiss<\/a><\/p>\n","protected":false},"excerpt":{"rendered":"<p>YVES SAINT LAURENT La Nuit de l&rsquo;Homme : Un Parfum \u00c9l\u00e9gant et Sensuel YVES SAINT LAURENT La Nuit de l&rsquo;Homme Eau de Toilette est un parfum embl\u00e9matique qui incarne le glamour et la sophistication. Ce parfum masculin est parfait pour ceux qui recherchent un ar\u00f4me s\u00e9duisant mais raffin\u00e9. Lanc\u00e9e en 2009, La Nuit de l&rsquo;Homme [&hellip;]<\/p>\n","protected":false},"featured_media":9089,"comment_status":"open","ping_status":"closed","template":"","meta":[],"pwb-brand":[268],"product_brand":[],"product_cat":[87,89],"product_tag":[252,1629,143,97],"class_list":{"0":"post-30813","1":"product","2":"type-product","3":"status-publish","4":"has-post-thumbnail","6":"pwb-brand-yves-saint-laurent","7":"product_cat-parfums","8":"product_cat-pour-lui","9":"product_tag-eau-de-parfum-fr","10":"product_tag-mens-fragrances-fr","11":"product_tag-homme","12":"product_tag-parfums","14":"first","15":"instock","16":"sale","17":"taxable","18":"shipping-taxable","19":"purchasable","20":"product-type-variable","21":"has-default-attributes"},"brands":[{"id":268,"name":"Yves Saint Laurent","slug":"yves-saint-laurent"}],"_links":{"self":[{"href":"https:\/\/www.freeshopfrontiera.ch\/fr\/wp-json\/wp\/v2\/product\/30813","targetHints":{"allow":["GET"]}}],"collection":[{"href":"https:\/\/www.freeshopfrontiera.ch\/fr\/wp-json\/wp\/v2\/product"}],"about":[{"href":"https:\/\/www.freeshopfrontiera.ch\/fr\/wp-json\/wp\/v2\/types\/product"}],"replies":[{"embeddable":true,"href":"https:\/\/www.freeshopfrontiera.ch\/fr\/wp-json\/wp\/v2\/comments?post=30813"}],"version-history":[{"count":1,"href":"https:\/\/www.freeshopfrontiera.ch\/fr\/wp-json\/wp\/v2\/product\/30813\/revisions"}],"predecessor-version":[{"id":30817,"href":"https:\/\/www.freeshopfrontiera.ch\/fr\/wp-json\/wp\/v2\/product\/30813\/revisions\/30817"}],"wp:featuredmedia":[{"embeddable":true,"href":"https:\/\/www.freeshopfrontiera.ch\/fr\/wp-json\/wp\/v2\/media\/9089"}],"wp:attachment":[{"href":"https:\/\/www.freeshopfrontiera.ch\/fr\/wp-json\/wp\/v2\/media?parent=30813"}],"wp:term":[{"taxonomy":"pwb-brand","embeddable":true,"href":"https:\/\/www.freeshopfrontiera.ch\/fr\/wp-json\/wp\/v2\/pwb-brand?post=30813"},{"taxonomy":"product_brand","embeddable":true,"href":"https:\/\/www.freeshopfrontiera.ch\/fr\/wp-json\/wp\/v2\/product_brand?post=30813"},{"taxonomy":"product_cat","embeddable":true,"href":"https:\/\/www.freeshopfrontiera.ch\/fr\/wp-json\/wp\/v2\/product_cat?post=30813"},{"taxonomy":"product_tag","embeddable":true,"href":"https:\/\/www.freeshopfrontiera.ch\/fr\/wp-json\/wp\/v2\/product_tag?post=30813"}],"curies":[{"name":"wp","href":"https:\/\/api.w.org\/{rel}","templated":true}]}}