{"id":30826,"date":"2025-01-10T13:43:00","date_gmt":"2025-01-10T13:43:00","guid":{"rendered":"https:\/\/www.freeshopfrontiera.ch\/shop\/valentino-green-stravaganza-uomo\/"},"modified":"2025-01-10T13:43:00","modified_gmt":"2025-01-10T13:43:00","slug":"valentino-green-stravaganza-uomo","status":"publish","type":"product","link":"https:\/\/www.freeshopfrontiera.ch\/fr\/shop\/valentino-green-stravaganza-uomo\/","title":{"rendered":"VALENTINO Green Stravaganza Uomo"},"content":{"rendered":"<p><strong>VALENTINO Born in Roma Green Stravaganza Uomo Eau de Toilette : \u00c9l\u00e9gance et fra\u00eecheur dans un parfum<\/strong><\/p>\n<p><strong>Un Parfum Frais et Audacieux<\/strong><br \/>\nVALENTINO Born in Roma Green Stravaganza Uomo Eau de Toilette est une fragrance qui allie fra\u00eecheur et audace. Parfait pour l\u2019homme moderne, ce parfum incarne l\u2019\u00e9l\u00e9gance urbaine avec une touche de naturel. Ses notes fra\u00eeches et vertes cr\u00e9ent un contraste unique, id\u00e9al pour ceux qui recherchent une essence qui se d\u00e9marque.<br \/>\nLe parfum s\u2019ouvre sur une explosion d\u2019agrumes frais, avec des notes de citron et de mandarine qui apportent vitalit\u00e9 et \u00e9nergie. En c\u0153ur, le basilic et la sauge offrent une fra\u00eecheur herbac\u00e9e et aromatique. <strong>La base, enrichie en bois de c\u00e8dre et musc, conf\u00e8re au parfum profondeur et tenue.<br \/>\nUn Flacon Moderne et Sophistiqu\u00e9<\/strong><br \/>Le flacon de VALENTINO Born in Roma Green Stravaganza Uomo est un v\u00e9ritable objet de design. Avec son allure \u00e9l\u00e9gante et \u00e9pur\u00e9e, il associe des tons verts \u00e0 des d\u00e9tails dor\u00e9s qui \u00e9voquent fra\u00eecheur et raffinement. La forme minimaliste souligne l\u2019\u00e9l\u00e9gance discr\u00e8te du parfum.<br \/>Ce parfum est id\u00e9al pour l\u2019homme qui vit avec \u00e9nergie et d\u00e9termination. Sa fra\u00eecheur le rend parfait pour un usage quotidien, de jour comme de nuit. Sa fragrance unique est pens\u00e9e pour l\u2019homme qui souhaite se distinguer avec style et assurance.<br \/>VALENTINO Born in Roma Green Stravaganza Uomo Eau de Toilette est une fragrance fra\u00eeche, \u00e9l\u00e9gante et dynamique. Gr\u00e2ce \u00e0 sa combinaison parfaite de fra\u00eecheur et de profondeur, c\u2019est le parfum id\u00e9al pour l\u2019homme moderne qui veut exprimer sa personnalit\u00e9 unique.           <\/p>\n<p>Suivez toutes nos actualit\u00e9s ! <a href=\"https:\/\/www.instagram.com\/freeshopswiss\/\" target=\"_blank\" rel=\"noopener\">@ freeshopswiss<\/a><\/p>\n","protected":false},"excerpt":{"rendered":"<p><em><strong>VALENTINO Born in Roma Green Stravaganza Uomo Eau de Toilette<\/strong> est un parfum \u00e9nergique et sophistiqu\u00e9, avec des notes fra\u00eeches d&rsquo;agrumes et d&rsquo;ar\u00f4mes verts, parfait pour l&rsquo;homme dynamique et s\u00fbr de lui.<\/em><\/p>\n","protected":false},"featured_media":9516,"comment_status":"open","ping_status":"closed","template":"","meta":[],"pwb-brand":[298],"product_brand":[],"product_cat":[87,89],"product_tag":[141,1629,143,97],"class_list":{"0":"post-30826","1":"product","2":"type-product","3":"status-publish","4":"has-post-thumbnail","6":"pwb-brand-valentino","7":"product_cat-parfums","8":"product_cat-pour-lui","9":"product_tag-eau-de-toilette-fr","10":"product_tag-mens-fragrances-fr","11":"product_tag-homme","12":"product_tag-parfums","14":"first","15":"outofstock","16":"sale","17":"taxable","18":"shipping-taxable","19":"product-type-variable","20":"has-default-attributes"},"brands":[{"id":298,"name":"Valentino","slug":"valentino"}],"_links":{"self":[{"href":"https:\/\/www.freeshopfrontiera.ch\/fr\/wp-json\/wp\/v2\/product\/30826","targetHints":{"allow":["GET"]}}],"collection":[{"href":"https:\/\/www.freeshopfrontiera.ch\/fr\/wp-json\/wp\/v2\/product"}],"about":[{"href":"https:\/\/www.freeshopfrontiera.ch\/fr\/wp-json\/wp\/v2\/types\/product"}],"replies":[{"embeddable":true,"href":"https:\/\/www.freeshopfrontiera.ch\/fr\/wp-json\/wp\/v2\/comments?post=30826"}],"version-history":[{"count":0,"href":"https:\/\/www.freeshopfrontiera.ch\/fr\/wp-json\/wp\/v2\/product\/30826\/revisions"}],"wp:featuredmedia":[{"embeddable":true,"href":"https:\/\/www.freeshopfrontiera.ch\/fr\/wp-json\/wp\/v2\/media\/9516"}],"wp:attachment":[{"href":"https:\/\/www.freeshopfrontiera.ch\/fr\/wp-json\/wp\/v2\/media?parent=30826"}],"wp:term":[{"taxonomy":"pwb-brand","embeddable":true,"href":"https:\/\/www.freeshopfrontiera.ch\/fr\/wp-json\/wp\/v2\/pwb-brand?post=30826"},{"taxonomy":"product_brand","embeddable":true,"href":"https:\/\/www.freeshopfrontiera.ch\/fr\/wp-json\/wp\/v2\/product_brand?post=30826"},{"taxonomy":"product_cat","embeddable":true,"href":"https:\/\/www.freeshopfrontiera.ch\/fr\/wp-json\/wp\/v2\/product_cat?post=30826"},{"taxonomy":"product_tag","embeddable":true,"href":"https:\/\/www.freeshopfrontiera.ch\/fr\/wp-json\/wp\/v2\/product_tag?post=30826"}],"curies":[{"name":"wp","href":"https:\/\/api.w.org\/{rel}","templated":true}]}}