{"id":30841,"date":"2025-01-10T13:14:01","date_gmt":"2025-01-10T13:14:01","guid":{"rendered":"https:\/\/www.freeshopfrontiera.ch\/shop\/valentino-green-stravaganza-donna\/"},"modified":"2025-01-10T13:14:01","modified_gmt":"2025-01-10T13:14:01","slug":"valentino-green-stravaganza-donna","status":"publish","type":"product","link":"https:\/\/www.freeshopfrontiera.ch\/fr\/shop\/valentino-green-stravaganza-donna\/","title":{"rendered":"VALENTINO Green Stravaganza Donna"},"content":{"rendered":"<p><strong>VALENTINO Born in Roma Green Stravaganza Donna Eau de Parfum : Une essence unique d&rsquo;\u00e9l\u00e9gance et de fra\u00eecheur<\/strong><\/p>\n<p><strong>VALENTINO Born in Roma Green Stravaganza Donna Eau de Parfum : Une essence unique d&rsquo;\u00e9l\u00e9gance et de fra\u00eecheur<\/strong><br \/>\nUn parfum frais et raffin\u00e9<br \/>VALENTINO Born in Roma Green Stravaganza Donna Eau de Parfum est un parfum qui exprime fra\u00eecheur, \u00e9l\u00e9gance et audace. Parfaite pour la femme moderne, cette essence est un m\u00e9lange de notes vertes et florales qui captent l&rsquo;attention et laissent un sillage incomparable. Le parfum s&rsquo;ouvre sur une note vive et p\u00e9tillante de citron, qui apporte une sensation imm\u00e9diate de fra\u00eecheur. Au c\u0153ur, des notes florales de rose et de jasmin \u00e9mergent, apportant une touche \u00e9l\u00e9gante et f\u00e9minine. Enfin, la base est enrichie de bois de c\u00e8dre et de musc, qui donnent de la profondeur et une sensualit\u00e9 persistante. Un flacon au style sophistiqu\u00e9, le flacon VALENTINO Born in Roma Green Stravaganza Donna est \u00e9l\u00e9gant et raffin\u00e9. Le design moderne et \u00e9pur\u00e9, associ\u00e9 \u00e0 la couleur verte vive du parfum, rappelle l&rsquo;id\u00e9e de fra\u00eecheur et de vitalit\u00e9. Des d\u00e9tails dor\u00e9s embellissent encore plus le flacon, en faisant un objet design ainsi qu&rsquo;un parfum exclusif. Ce parfum est id\u00e9al pour la femme qui vit avec passion et qui veut exprimer sa personnalit\u00e9 forte et dynamique. Il est parfait pour les \u00e9v\u00e9nements d\u00e9contract\u00e9s en journ\u00e9e ou une r\u00e9union sp\u00e9ciale, lorsque vous souhaitez laisser une impression \u00e9l\u00e9gante et inoubliable.<br \/><strong>N\u00e9 \u00e0 Rome, Green Stravaganza Donna Eau de Parfum<\/strong> est un parfum frais et sophistiqu\u00e9 qui sait faire sensation. Un excellent choix pour toute femme qui souhaite se sentir unique et le centre de l\u2019attention.        <\/p>\n<p>N\u00e9 \u00e0 Rome, Green Stravaganza Donna Eau de Parfum est un parfum frais et sophistiqu\u00e9 qui sait faire sensation. Un excellent choix pour toute femme qui souhaite se sentir unique et le centre de l\u2019attention. <\/p>\n<p>Suivez toutes nos actualit\u00e9s ! <a href=\"https:\/\/www.instagram.com\/freeshopswiss\/\" target=\"_blank\" rel=\"noopener\">@ freeshopswiss<\/a><\/p>\n","protected":false},"excerpt":{"rendered":"<p><em><strong>VALENTINO Born in Roma Green Stravaganza Donna Eau de Parfum<\/strong> est un parfum qui incarne l&rsquo;\u00e9nergie de la nature et la sophistication urbaine. Ses notes vertes fra\u00eeches se combinent \u00e0 l&rsquo;\u00e9l\u00e9gance des fleurs, cr\u00e9ant une essence unique qui c\u00e9l\u00e8bre la f\u00e9minit\u00e9 moderne. <\/em><\/p>\n","protected":false},"featured_media":9493,"comment_status":"open","ping_status":"closed","template":"","meta":[],"pwb-brand":[298],"product_brand":[],"product_cat":[87,109],"product_tag":[252,296,789,97],"class_list":{"0":"post-30841","1":"product","2":"type-product","3":"status-publish","4":"has-post-thumbnail","6":"pwb-brand-valentino","7":"product_cat-parfums","8":"product_cat-pour-elle","9":"product_tag-eau-de-parfum-fr","10":"product_tag-femme","11":"product_tag-womens-fragrances-fr","12":"product_tag-parfums","14":"first","15":"instock","16":"sale","17":"taxable","18":"shipping-taxable","19":"purchasable","20":"product-type-variable","21":"has-default-attributes"},"brands":[{"id":298,"name":"Valentino","slug":"valentino"}],"_links":{"self":[{"href":"https:\/\/www.freeshopfrontiera.ch\/fr\/wp-json\/wp\/v2\/product\/30841","targetHints":{"allow":["GET"]}}],"collection":[{"href":"https:\/\/www.freeshopfrontiera.ch\/fr\/wp-json\/wp\/v2\/product"}],"about":[{"href":"https:\/\/www.freeshopfrontiera.ch\/fr\/wp-json\/wp\/v2\/types\/product"}],"replies":[{"embeddable":true,"href":"https:\/\/www.freeshopfrontiera.ch\/fr\/wp-json\/wp\/v2\/comments?post=30841"}],"version-history":[{"count":0,"href":"https:\/\/www.freeshopfrontiera.ch\/fr\/wp-json\/wp\/v2\/product\/30841\/revisions"}],"wp:featuredmedia":[{"embeddable":true,"href":"https:\/\/www.freeshopfrontiera.ch\/fr\/wp-json\/wp\/v2\/media\/9493"}],"wp:attachment":[{"href":"https:\/\/www.freeshopfrontiera.ch\/fr\/wp-json\/wp\/v2\/media?parent=30841"}],"wp:term":[{"taxonomy":"pwb-brand","embeddable":true,"href":"https:\/\/www.freeshopfrontiera.ch\/fr\/wp-json\/wp\/v2\/pwb-brand?post=30841"},{"taxonomy":"product_brand","embeddable":true,"href":"https:\/\/www.freeshopfrontiera.ch\/fr\/wp-json\/wp\/v2\/product_brand?post=30841"},{"taxonomy":"product_cat","embeddable":true,"href":"https:\/\/www.freeshopfrontiera.ch\/fr\/wp-json\/wp\/v2\/product_cat?post=30841"},{"taxonomy":"product_tag","embeddable":true,"href":"https:\/\/www.freeshopfrontiera.ch\/fr\/wp-json\/wp\/v2\/product_tag?post=30841"}],"curies":[{"name":"wp","href":"https:\/\/api.w.org\/{rel}","templated":true}]}}