{"id":30875,"date":"2024-12-20T11:45:25","date_gmt":"2024-12-20T11:45:25","guid":{"rendered":"https:\/\/www.freeshopfrontiera.ch\/shop\/boss-bottled-elixir\/"},"modified":"2024-12-20T11:45:25","modified_gmt":"2024-12-20T11:45:25","slug":"boss-bottled-elixir","status":"publish","type":"product","link":"https:\/\/www.freeshopfrontiera.ch\/fr\/shop\/boss-bottled-elixir\/","title":{"rendered":"Boss Bottled Elixir"},"content":{"rendered":"<p><strong>Hugo Boss Boss Bottled Elixir Eau de Parfum Intense<\/strong><\/p>\n<p>Hugo Boss continue de surprendre avec des parfums embl\u00e9matiques, et B<strong>oss Bottled Elixir Eau de Parfum Intense <\/strong>est une expression parfaite d&rsquo;\u00e9l\u00e9gance, d&rsquo;intensit\u00e9 et de raffinement. Ce parfum est con\u00e7u pour l&rsquo;homme moderne, qui souhaite un parfum puissant et persistant, sans sacrifier la classe. <\/p>\n<p>Boss Bottled Elixir Eau de Parfum Intense est une version enrichie et plus intense du c\u00e9l\u00e8bre Boss Bottled. Le parfum s&rsquo;ouvre sur des notes fra\u00eeches de pomme verte et de pamplemousse, qui offrent une sensation de fra\u00eecheur \u00e9nergisante. L&rsquo;intensit\u00e9 du parfum augmente \u00e0 mesure que les notes \u00e9pic\u00e9es de cardamome et de cannelle se d\u00e9veloppent, ajoutant du caract\u00e8re et de la complexit\u00e9.   Le c\u0153ur de Bottled Elixir est une combinaison parfaite d\u2019ar\u00f4mes bois\u00e9s et \u00e9pic\u00e9s. Des notes de c\u00e8dre et de v\u00e9tiver se m\u00ealent \u00e0 des notes plus chaudes de vanille, cr\u00e9ant un sillage enveloppant et s\u00e9duisant. Cette combinaison conf\u00e8re au parfum une \u00e2me sophistiqu\u00e9e et profonde, id\u00e9ale pour l&rsquo;homme \u00e0 la recherche d&rsquo;un parfum qui se fait remarquer.   Les notes de fond de Bottled Elixir Eau de Parfum Intense sont domin\u00e9es par un m\u00e9lange de musc et de bois de santal. Ces notes offrent un effet longue dur\u00e9e, rendant le parfum parfait pour ceux qui recherchent un parfum qui vous accompagnera tout au long de la journ\u00e9e, sans perdre son intensit\u00e9.  Le flacon de Boss Bottled Elixir refl\u00e8te l&rsquo;\u00e9l\u00e9gance et la modernit\u00e9 du parfum. Le design sophistiqu\u00e9, avec des d\u00e9tails m\u00e9talliques, rappelle le luxe et le raffinement de la marque. Cette bouteille est con\u00e7ue pour l&rsquo;homme qui appr\u00e9cie la qualit\u00e9 et l&rsquo;esth\u00e9tique. L&rsquo;Eau de Parfum Intense Boss Bottled Elixir est parfaite pour toutes les occasions, qu&rsquo;il s&rsquo;agisse d&rsquo;un \u00e9v\u00e9nement formel ou d&rsquo;une soir\u00e9e sp\u00e9ciale. Sa composition \u00e9quilibr\u00e9e le rend polyvalent, adapt\u00e9 aussi bien de jour que de nuit.    <\/p>\n<p>Suivez toutes nos actualit\u00e9s ! <a href=\"https:\/\/www.instagram.com\/freeshopswiss\/\" target=\"_blank\" rel=\"noopener\">@freeshopswiss<\/a><\/p>\n","protected":false},"excerpt":{"rendered":"<p><em><strong>Hugo Boss Boss Bottled Elixir Eau de Parfum Intense<\/strong> est un parfum enveloppant aux notes fruit\u00e9es, \u00e9pic\u00e9es et bois\u00e9es, id\u00e9al pour l&rsquo;homme sophistiqu\u00e9 et moderne.<\/em><\/p>\n","protected":false},"featured_media":9371,"comment_status":"open","ping_status":"closed","template":"","meta":[],"pwb-brand":[260],"product_brand":[],"product_cat":[87,89],"product_tag":[252,1629,143,97],"class_list":{"0":"post-30875","1":"product","2":"type-product","3":"status-publish","4":"has-post-thumbnail","6":"pwb-brand-hugo-boss","7":"product_cat-parfums","8":"product_cat-pour-lui","9":"product_tag-eau-de-parfum-fr","10":"product_tag-mens-fragrances-fr","11":"product_tag-homme","12":"product_tag-parfums","14":"first","15":"instock","16":"sale","17":"taxable","18":"shipping-taxable","19":"purchasable","20":"product-type-variable","21":"has-default-attributes"},"brands":[{"id":260,"name":"Hugo Boss","slug":"hugo-boss"}],"_links":{"self":[{"href":"https:\/\/www.freeshopfrontiera.ch\/fr\/wp-json\/wp\/v2\/product\/30875","targetHints":{"allow":["GET"]}}],"collection":[{"href":"https:\/\/www.freeshopfrontiera.ch\/fr\/wp-json\/wp\/v2\/product"}],"about":[{"href":"https:\/\/www.freeshopfrontiera.ch\/fr\/wp-json\/wp\/v2\/types\/product"}],"replies":[{"embeddable":true,"href":"https:\/\/www.freeshopfrontiera.ch\/fr\/wp-json\/wp\/v2\/comments?post=30875"}],"version-history":[{"count":0,"href":"https:\/\/www.freeshopfrontiera.ch\/fr\/wp-json\/wp\/v2\/product\/30875\/revisions"}],"wp:featuredmedia":[{"embeddable":true,"href":"https:\/\/www.freeshopfrontiera.ch\/fr\/wp-json\/wp\/v2\/media\/9371"}],"wp:attachment":[{"href":"https:\/\/www.freeshopfrontiera.ch\/fr\/wp-json\/wp\/v2\/media?parent=30875"}],"wp:term":[{"taxonomy":"pwb-brand","embeddable":true,"href":"https:\/\/www.freeshopfrontiera.ch\/fr\/wp-json\/wp\/v2\/pwb-brand?post=30875"},{"taxonomy":"product_brand","embeddable":true,"href":"https:\/\/www.freeshopfrontiera.ch\/fr\/wp-json\/wp\/v2\/product_brand?post=30875"},{"taxonomy":"product_cat","embeddable":true,"href":"https:\/\/www.freeshopfrontiera.ch\/fr\/wp-json\/wp\/v2\/product_cat?post=30875"},{"taxonomy":"product_tag","embeddable":true,"href":"https:\/\/www.freeshopfrontiera.ch\/fr\/wp-json\/wp\/v2\/product_tag?post=30875"}],"curies":[{"name":"wp","href":"https:\/\/api.w.org\/{rel}","templated":true}]}}