{"id":30892,"date":"2024-12-11T08:49:11","date_gmt":"2024-12-11T08:49:11","guid":{"rendered":"https:\/\/www.freeshopfrontiera.ch\/shop\/ysl-libre-absolu-platine\/"},"modified":"2024-12-11T08:49:11","modified_gmt":"2024-12-11T08:49:11","slug":"ysl-libre-absolu-platine","status":"publish","type":"product","link":"https:\/\/www.freeshopfrontiera.ch\/fr\/shop\/ysl-libre-absolu-platine\/","title":{"rendered":"YSL Libre Absolu Platine"},"content":{"rendered":"<p><strong>YSL Libre Absolu Platine Eau de Parfum<\/strong><\/p>\n<p>Yves Saint Laurent a cr\u00e9\u00e9 une autre merveille dans le monde des parfums avec <em>Libre Absolu Platine Eau de Parfum<\/em>. Cette \u00e9dition exclusive limite la libert\u00e9 avec une nouvelle intensit\u00e9, offrant une exp\u00e9rience olfactive unique. Parfait pour ceux qui recherchent un parfum sophistiqu\u00e9, audacieux et sensuel.   La composizione di <em>Libre Absolu Platine<\/em> affascina fin dal primo spruzzo. Le note di testa esplodono con una fresca e vivace lavanda, tipica della collezione Libre, arricchita da una scintilla di bergamotto. La fragranza si evolve con un cuore fiorito di gelsomino e fiori d\u2019arancio, che rendono il profumo delicato ma deciso. Il fondo caldo e avvolgente \u00e8 dominato da vaniglia e muschio, che donano una persistenza lunga e sensuale. La fragranza <g id=\"gid_1\">Libre<\/g> \u00e8 sinonimo di libert\u00e0 e audacia, e con questa versione Absolu Platine, Yves Saint Laurent celebra la donna moderna, forte e indipendente.     Chaque spray est une invitation \u00e0 vivre sans limites, \u00e0 s&rsquo;exprimer sans peur d&rsquo;\u00eatre jug\u00e9. La d\u00e9licatesse des notes florales se m\u00eale \u00e0 la puissance des notes orientales, cr\u00e9ant un \u00e9quilibre parfait. <em>&#8211;<\/em> Le verre transparent et le bouchon dor\u00e9 cr\u00e9ent un effet visuel \u00e9l\u00e9gant et sophistiqu\u00e9, rappelant l&rsquo;id\u00e9e de luxe et de raffinement. Le design contemporain \u00e9pouse la force du message de libert\u00e9 que v\u00e9hicule le parfum. Ce parfum est id\u00e9al pour les femmes qui aiment se d\u00e9marquer dans toutes les situations, aussi bien en journ\u00e9e qu&rsquo;en soir\u00e9e. Son intensit\u00e9 le rend parfait pour les soir\u00e9es sp\u00e9ciales, mais aussi pour un usage quotidien, pour ceux qui veulent un parfum qui laisse une marque inoubliable. <\/p>\n<p>Suivez toutes nos actualit\u00e9s ! <a href=\"https:\/\/www.instagram.com\/freeshopswiss\/\" target=\"_blank\" rel=\"noopener\">@freeshopswiss<\/a><\/p>\n","protected":false},"excerpt":{"rendered":"<p><strong><em>Yves Saint Laurent Libre Absolu Platine Eau de Parfum<\/em><\/strong><em> C&rsquo;est un parfum raffin\u00e9 qui allie la fra\u00eecheur de la lavande \u00e0 la sensualit\u00e9 des notes orientales. \u00c9l\u00e9gant et audacieux, il est con\u00e7u pour la femme moderne qui c\u00e9l\u00e8bre la libert\u00e9 et l&rsquo;ind\u00e9pendance. <\/em><\/p>\n","protected":false},"featured_media":9123,"comment_status":"open","ping_status":"closed","template":"","meta":[],"pwb-brand":[268],"product_brand":[],"product_cat":[96,87,109],"product_tag":[252,296,789,97],"class_list":{"0":"post-30892","1":"product","2":"type-product","3":"status-publish","4":"has-post-thumbnail","6":"pwb-brand-yves-saint-laurent","7":"product_cat-evidence","8":"product_cat-parfums","9":"product_cat-pour-elle","10":"product_tag-eau-de-parfum-fr","11":"product_tag-femme","12":"product_tag-womens-fragrances-fr","13":"product_tag-parfums","15":"first","16":"instock","17":"sale","18":"taxable","19":"shipping-taxable","20":"purchasable","21":"product-type-variable","22":"has-default-attributes"},"brands":[{"id":268,"name":"Yves Saint Laurent","slug":"yves-saint-laurent"}],"_links":{"self":[{"href":"https:\/\/www.freeshopfrontiera.ch\/fr\/wp-json\/wp\/v2\/product\/30892","targetHints":{"allow":["GET"]}}],"collection":[{"href":"https:\/\/www.freeshopfrontiera.ch\/fr\/wp-json\/wp\/v2\/product"}],"about":[{"href":"https:\/\/www.freeshopfrontiera.ch\/fr\/wp-json\/wp\/v2\/types\/product"}],"replies":[{"embeddable":true,"href":"https:\/\/www.freeshopfrontiera.ch\/fr\/wp-json\/wp\/v2\/comments?post=30892"}],"version-history":[{"count":0,"href":"https:\/\/www.freeshopfrontiera.ch\/fr\/wp-json\/wp\/v2\/product\/30892\/revisions"}],"wp:featuredmedia":[{"embeddable":true,"href":"https:\/\/www.freeshopfrontiera.ch\/fr\/wp-json\/wp\/v2\/media\/9123"}],"wp:attachment":[{"href":"https:\/\/www.freeshopfrontiera.ch\/fr\/wp-json\/wp\/v2\/media?parent=30892"}],"wp:term":[{"taxonomy":"pwb-brand","embeddable":true,"href":"https:\/\/www.freeshopfrontiera.ch\/fr\/wp-json\/wp\/v2\/pwb-brand?post=30892"},{"taxonomy":"product_brand","embeddable":true,"href":"https:\/\/www.freeshopfrontiera.ch\/fr\/wp-json\/wp\/v2\/product_brand?post=30892"},{"taxonomy":"product_cat","embeddable":true,"href":"https:\/\/www.freeshopfrontiera.ch\/fr\/wp-json\/wp\/v2\/product_cat?post=30892"},{"taxonomy":"product_tag","embeddable":true,"href":"https:\/\/www.freeshopfrontiera.ch\/fr\/wp-json\/wp\/v2\/product_tag?post=30892"}],"curies":[{"name":"wp","href":"https:\/\/api.w.org\/{rel}","templated":true}]}}