{"id":30971,"date":"2024-11-08T14:52:06","date_gmt":"2024-11-08T14:52:06","guid":{"rendered":"https:\/\/www.freeshopfrontiera.ch\/shop\/ck-euphoria-for-her\/"},"modified":"2024-11-08T14:52:06","modified_gmt":"2024-11-08T14:52:06","slug":"ck-euphoria-for-her","status":"publish","type":"product","link":"https:\/\/www.freeshopfrontiera.ch\/fr\/shop\/ck-euphoria-for-her\/","title":{"rendered":"CK Euphoria for Her"},"content":{"rendered":"<p><strong>CK Euphoria for Her Eau de Parfum 30 ml : \u00c9l\u00e9gance et myst\u00e8re dans un parfum f\u00e9minin<\/strong><\/p>\n<p><strong>CK Euphoria for Her Eau de Parfum 30ml <\/strong>C&rsquo;est un parfum sophistiqu\u00e9 et sensuel, qui capture l&rsquo;essence de la femme moderne et myst\u00e9rieuse. Lanc\u00e9e en 2005 , <strong>Euphoria<\/strong> for Her est rapidement devenue un classique, appr\u00e9ci\u00e9e pour sa capacit\u00e9 \u00e0 allier \u00e9l\u00e9gance, sensualit\u00e9 et une certaine audace. Le flacon de 30 ml est parfait pour ceux qui recherchent un parfum de haute qualit\u00e9 dans un emballage compact et pratique, id\u00e9al pour l&#8217;emporter toujours<strong> avec vous.<\/strong>  <\/p>\n<p>La composition de <strong>CK Euphoria for Her<\/strong> est une exp\u00e9rience olfactive qui se distingue par son harmonie entre notes fruit\u00e9es, florales et orientales. Le parfum s&rsquo;ouvre sur une explosion de grenade et de fruits exotiques, cr\u00e9ant une atmosph\u00e8re fra\u00eeche et p\u00e9tillante. Imm\u00e9diatement apr\u00e8s, le c\u0153ur s&rsquo;enrichit d&rsquo;orchid\u00e9e, de rose et de lotus, des notes florales qui ajoutent une touche d\u00e9licate et f\u00e9minine, mais en m\u00eame temps intense. La base pr\u00e9sente une combinaison sensuelle de musc, de bois de c\u00e8dre et d&rsquo;ambre, conf\u00e9rant au parfum une long\u00e9vit\u00e9 et une profondeur extraordinaires qui persistent sur la peau pendant des heures.   <\/p>\n<p>Le flacon de <strong>30 ml<\/strong> de <strong>CK Euphoria<\/strong> a un design \u00e9l\u00e9gant et moderne, avec une forme qui rappelle la sensualit\u00e9 et le raffinement. Le vaporisateur permet une application facile et pr\u00e9cise, pour profiter pleinement de son essence sophistiqu\u00e9e quand vous le souhaitez. <\/p>\n<p><strong>CK Euphoria for Her Il est id\u00e9al pour la femme qui aime les parfums enveloppants et sophistiqu\u00e9s, parfait pour les occasions sp\u00e9ciales ou pour ajouter une touche d&rsquo;\u00e9l\u00e9gance \u00e0 la routine quotidienne. Sa polyvalence le rend adapt\u00e9 \u00e0 toutes les saisons, mais il est particuli\u00e8rement adapt\u00e9 \u00e0 l&rsquo;automne et \u00e0 l&rsquo;hiver, gr\u00e2ce \u00e0 sa profondeur et sa chaleur.<\/strong> <\/p>\n<p>Suivez toutes nos actualit\u00e9s ! <a href=\"https:\/\/www.instagram.com\/freeshopswiss\/\" target=\"_blank\" rel=\"noopener\">@freeshopswiss<\/a><\/p>\n","protected":false},"excerpt":{"rendered":"<div class=\"flex-shrink-0 flex flex-col relative items-end\">\n<div>\n<div class=\"pt-0\">\n<div class=\"gizmo-bot-avatar flex h-8 w-8 items-center justify-center overflow-hidden rounded-full\">\n<div class=\"relative p-1 rounded-sm flex items-center justify-center bg-token-main-surface-primary text-token-text-primary h-8 w-8\"><\/div>\n<\/div>\n<\/div>\n<\/div>\n<\/div>\n<div class=\"group\/conversation-turn relative flex w-full min-w-0 flex-col agent-turn\">\n<div class=\"flex-col gap-1 md:gap-3\">\n<div class=\"flex max-w-full flex-col flex-grow\">\n<div class=\"min-h-8 text-message flex w-full flex-col items-end gap-2 whitespace-normal break-words [.text-message+&amp;]:mt-5\" dir=\"auto\" data-message-author-role=\"assistant\" data-message-id=\"80755c88-5daf-4503-a6ce-11ac4e2ff5df\" data-message-model-slug=\"gpt-4o-mini\">\n<div class=\"flex w-full flex-col gap-1 empty:hidden first:pt-[3px]\">\n<div class=\"markdown prose w-full break-words dark:prose-invert light\">\n<p><strong>CK Euphoria for Her Eau de Parfum 30ml<\/strong> C&rsquo;est un parfum sensuel et raffin\u00e9, aux notes de grenade, d&rsquo;orchid\u00e9e et de musc. \u00c9l\u00e9gant et enveloppant, id\u00e9al pour la femme moderne et sophistiqu\u00e9e. <\/p>\n<\/div>\n<\/div>\n<\/div>\n<\/div>\n<\/div>\n<\/div>\n","protected":false},"featured_media":7199,"comment_status":"open","ping_status":"closed","template":"","meta":[],"pwb-brand":[181],"product_brand":[],"product_cat":[87,109],"product_tag":[252,296,789,97],"class_list":{"0":"post-30971","1":"product","2":"type-product","3":"status-publish","4":"has-post-thumbnail","6":"pwb-brand-calvin-klein","7":"product_cat-parfums","8":"product_cat-pour-elle","9":"product_tag-eau-de-parfum-fr","10":"product_tag-femme","11":"product_tag-womens-fragrances-fr","12":"product_tag-parfums","14":"first","15":"outofstock","16":"sale","17":"taxable","18":"shipping-taxable","19":"purchasable","20":"product-type-simple"},"brands":[{"id":181,"name":"Calvin Klein","slug":"calvin-klein"}],"_links":{"self":[{"href":"https:\/\/www.freeshopfrontiera.ch\/fr\/wp-json\/wp\/v2\/product\/30971","targetHints":{"allow":["GET"]}}],"collection":[{"href":"https:\/\/www.freeshopfrontiera.ch\/fr\/wp-json\/wp\/v2\/product"}],"about":[{"href":"https:\/\/www.freeshopfrontiera.ch\/fr\/wp-json\/wp\/v2\/types\/product"}],"replies":[{"embeddable":true,"href":"https:\/\/www.freeshopfrontiera.ch\/fr\/wp-json\/wp\/v2\/comments?post=30971"}],"version-history":[{"count":0,"href":"https:\/\/www.freeshopfrontiera.ch\/fr\/wp-json\/wp\/v2\/product\/30971\/revisions"}],"wp:featuredmedia":[{"embeddable":true,"href":"https:\/\/www.freeshopfrontiera.ch\/fr\/wp-json\/wp\/v2\/media\/7199"}],"wp:attachment":[{"href":"https:\/\/www.freeshopfrontiera.ch\/fr\/wp-json\/wp\/v2\/media?parent=30971"}],"wp:term":[{"taxonomy":"pwb-brand","embeddable":true,"href":"https:\/\/www.freeshopfrontiera.ch\/fr\/wp-json\/wp\/v2\/pwb-brand?post=30971"},{"taxonomy":"product_brand","embeddable":true,"href":"https:\/\/www.freeshopfrontiera.ch\/fr\/wp-json\/wp\/v2\/product_brand?post=30971"},{"taxonomy":"product_cat","embeddable":true,"href":"https:\/\/www.freeshopfrontiera.ch\/fr\/wp-json\/wp\/v2\/product_cat?post=30971"},{"taxonomy":"product_tag","embeddable":true,"href":"https:\/\/www.freeshopfrontiera.ch\/fr\/wp-json\/wp\/v2\/product_tag?post=30971"}],"curies":[{"name":"wp","href":"https:\/\/api.w.org\/{rel}","templated":true}]}}