{"id":30981,"date":"2025-05-21T07:27:29","date_gmt":"2025-05-21T07:27:29","guid":{"rendered":"https:\/\/www.freeshopfrontiera.ch\/shop\/clarins-set-total-eye-lift\/"},"modified":"2025-05-21T07:30:56","modified_gmt":"2025-05-21T07:30:56","slug":"clarins-set-total-eye-lift","status":"publish","type":"product","link":"https:\/\/www.freeshopfrontiera.ch\/fr\/shop\/clarins-set-total-eye-lift\/","title":{"rendered":"CLARINS SET Total Eye Lift"},"content":{"rendered":"<h3 class=\"\" data-start=\"1614\" data-end=\"1695\"><strong data-start=\"1623\" data-end=\"1695\">CLARINS Coffret Total Eye Lift \u2013 Soin Complet des Yeux avec Pochette<\/strong><\/h3>\n<p class=\"\" data-start=\"1697\" data-end=\"1984\">D\u00e9couvrez l\u2019efficacit\u00e9 des soins CLARINS avec le <strong data-start=\"1746\" data-end=\"1772\">Coffret Total Eye Lift<\/strong>, un \u00e9l\u00e9gant ensemble pens\u00e9 pour illuminer le regard et sublimer votre routine beaut\u00e9. Parfait \u00e9galement comme id\u00e9e cadeau, ce coffret contient l\u2019essentiel pour un regard visiblement plus jeune, repos\u00e9 et d\u00e9fini.<\/p>\n<p class=\"\" data-start=\"1986\" data-end=\"2007\">Ce coffret contient :<\/p>\n<ul data-start=\"2009\" data-end=\"2776\">\n<li class=\"\" data-start=\"2009\" data-end=\"2228\">\n<p class=\"\" data-start=\"2011\" data-end=\"2228\"><strong data-start=\"2011\" data-end=\"2034\">Total Eye Lift 15ml<\/strong> \u2013 Un soin global pour le contour des yeux qui lisse, raffermit et r\u00e9duit visiblement rides, poches et cernes. Sa texture l\u00e9g\u00e8re et soyeuse p\u00e9n\u00e8tre rapidement et offre un effet liftant imm\u00e9diat.<\/p>\n<\/li>\n<li class=\"\" data-start=\"2229\" data-end=\"2460\">\n<p class=\"\" data-start=\"2231\" data-end=\"2460\"><strong data-start=\"2231\" data-end=\"2259\">Huile D\u00e9maquillante 50ml<\/strong> \u2013 Une huile d\u00e9maquillante visage et yeux qui \u00e9limine en douceur tous les types de maquillage, m\u00eame waterproof. Enrichie en extraits v\u00e9g\u00e9taux, elle nettoie la peau tout en la laissant douce et nourrie.<\/p>\n<\/li>\n<li class=\"\" data-start=\"2461\" data-end=\"2663\">\n<p class=\"\" data-start=\"2463\" data-end=\"2663\"><strong data-start=\"2463\" data-end=\"2500\">Mini Supra Lift &amp; Curl Mascara 01<\/strong> \u2013 La version mini du mascara embl\u00e9matique Clarins qui offre volume, courbure et d\u00e9finition. Sa teinte noire intense sublime le regard d\u00e8s la premi\u00e8re application.<\/p>\n<\/li>\n<li class=\"\" data-start=\"2664\" data-end=\"2776\">\n<p class=\"\" data-start=\"2666\" data-end=\"2776\"><strong data-start=\"2666\" data-end=\"2687\">Pochette \u00e9l\u00e9gante<\/strong> \u2013 Une trousse chic et pratique pour transporter vos essentiels beaut\u00e9 partout avec vous.<\/p>\n<\/li>\n<\/ul>\n<p class=\"\" data-start=\"2778\" data-end=\"2980\">Le <strong data-start=\"2781\" data-end=\"2815\">Coffret Total Eye Lift Clarins<\/strong> est le choix id\u00e9al pour celles qui recherchent un soin des yeux complet et de qualit\u00e9. Pens\u00e9 pour les femmes modernes, il allie performance, naturalit\u00e9 et \u00e9l\u00e9gance.<\/p>\n<p data-start=\"1372\" data-end=\"1698\">Follow us! <a href=\"https:\/\/www.instagram.com\/freeshopswiss\/\" target=\"_blank\" rel=\"noopener\">@freeshopswiss<\/a><\/p>\n","protected":false},"excerpt":{"rendered":"<p>CLARINS Coffret Total Eye Lift \u2013 Soin Complet des Yeux avec Pochette D\u00e9couvrez l\u2019efficacit\u00e9 des soins CLARINS avec le Coffret Total Eye Lift, un \u00e9l\u00e9gant ensemble pens\u00e9 pour illuminer le regard et sublimer votre routine beaut\u00e9. Parfait \u00e9galement comme id\u00e9e cadeau, ce coffret contient l\u2019essentiel pour un regard visiblement plus jeune, repos\u00e9 et d\u00e9fini. Ce [&hellip;]<\/p>\n","protected":false},"featured_media":30977,"comment_status":"open","ping_status":"closed","template":"","meta":[],"pwb-brand":[311],"product_brand":[],"product_cat":[109,484],"product_tag":[459,461,296],"class_list":{"0":"post-30981","1":"product","2":"type-product","3":"status-publish","4":"has-post-thumbnail","6":"pwb-brand-clarins","7":"product_cat-pour-elle","8":"product_cat-coffret","9":"product_tag-coffret","10":"product_tag-coffrets-femme","11":"product_tag-femme","13":"first","14":"outofstock","15":"sale","16":"taxable","17":"shipping-taxable","18":"purchasable","19":"product-type-simple"},"brands":[{"id":311,"name":"Clarins","slug":"clarins"}],"_links":{"self":[{"href":"https:\/\/www.freeshopfrontiera.ch\/fr\/wp-json\/wp\/v2\/product\/30981","targetHints":{"allow":["GET"]}}],"collection":[{"href":"https:\/\/www.freeshopfrontiera.ch\/fr\/wp-json\/wp\/v2\/product"}],"about":[{"href":"https:\/\/www.freeshopfrontiera.ch\/fr\/wp-json\/wp\/v2\/types\/product"}],"replies":[{"embeddable":true,"href":"https:\/\/www.freeshopfrontiera.ch\/fr\/wp-json\/wp\/v2\/comments?post=30981"}],"version-history":[{"count":1,"href":"https:\/\/www.freeshopfrontiera.ch\/fr\/wp-json\/wp\/v2\/product\/30981\/revisions"}],"predecessor-version":[{"id":30984,"href":"https:\/\/www.freeshopfrontiera.ch\/fr\/wp-json\/wp\/v2\/product\/30981\/revisions\/30984"}],"wp:featuredmedia":[{"embeddable":true,"href":"https:\/\/www.freeshopfrontiera.ch\/fr\/wp-json\/wp\/v2\/media\/30977"}],"wp:attachment":[{"href":"https:\/\/www.freeshopfrontiera.ch\/fr\/wp-json\/wp\/v2\/media?parent=30981"}],"wp:term":[{"taxonomy":"pwb-brand","embeddable":true,"href":"https:\/\/www.freeshopfrontiera.ch\/fr\/wp-json\/wp\/v2\/pwb-brand?post=30981"},{"taxonomy":"product_brand","embeddable":true,"href":"https:\/\/www.freeshopfrontiera.ch\/fr\/wp-json\/wp\/v2\/product_brand?post=30981"},{"taxonomy":"product_cat","embeddable":true,"href":"https:\/\/www.freeshopfrontiera.ch\/fr\/wp-json\/wp\/v2\/product_cat?post=30981"},{"taxonomy":"product_tag","embeddable":true,"href":"https:\/\/www.freeshopfrontiera.ch\/fr\/wp-json\/wp\/v2\/product_tag?post=30981"}],"curies":[{"name":"wp","href":"https:\/\/api.w.org\/{rel}","templated":true}]}}