{"id":30994,"date":"2025-05-21T07:41:18","date_gmt":"2025-05-21T07:41:18","guid":{"rendered":"https:\/\/www.freeshopfrontiera.ch\/shop\/clarins-set-nutri-lumiere\/"},"modified":"2025-05-21T07:45:04","modified_gmt":"2025-05-21T07:45:04","slug":"clarins-set-nutri-lumiere","status":"publish","type":"product","link":"https:\/\/www.freeshopfrontiera.ch\/fr\/shop\/clarins-set-nutri-lumiere\/","title":{"rendered":"CLARINS SET Nutri-Lumiere"},"content":{"rendered":"<h3 class=\"\" data-start=\"1663\" data-end=\"1745\"><strong data-start=\"1672\" data-end=\"1745\">CLARINS Coffret Nutri-Lumi\u00e8re \u2013 Rituel Anti-\u00c2ge Complet avec Pochette<\/strong><\/h3>\n<p class=\"\" data-start=\"1747\" data-end=\"2022\">Offrez \u00e0 votre peau un \u00e9clat renouvel\u00e9 avec le <strong data-start=\"1794\" data-end=\"1830\">Coffret Nutri-Lumi\u00e8re de Clarins<\/strong>, l\u2019ensemble de soins id\u00e9al pour les peaux matures en qu\u00eate de nutrition, de fermet\u00e9 et de luminosit\u00e9. Un rituel de jeunesse complet dans une \u00e9l\u00e9gante trousse, parfaite \u00e0 offrir ou \u00e0 s\u2019offrir.<\/p>\n<p class=\"\" data-start=\"2024\" data-end=\"2045\">Le coffret contient :<\/p>\n<ul data-start=\"2047\" data-end=\"2991\">\n<li class=\"\" data-start=\"2047\" data-end=\"2294\">\n<p class=\"\" data-start=\"2049\" data-end=\"2294\"><strong data-start=\"2049\" data-end=\"2082\">Nutri-Lumi\u00e8re Cr\u00e8me Jour 50ml<\/strong> \u2013 Une cr\u00e8me fondante et nourrissante qui revitalise la peau et renforce sa luminosit\u00e9. Gr\u00e2ce \u00e0 l\u2019extrait de fleur de marronnier d\u2019Inde, elle stimule la microcirculation et laisse la peau plus ferme et \u00e9clatante.<\/p>\n<\/li>\n<li class=\"\" data-start=\"2295\" data-end=\"2487\">\n<p class=\"\" data-start=\"2297\" data-end=\"2487\"><strong data-start=\"2297\" data-end=\"2330\">Nutri-Lumi\u00e8re Cr\u00e8me Nuit 15ml<\/strong> \u2013 Un soin r\u00e9g\u00e9n\u00e9rant de nuit qui favorise le renouvellement cutan\u00e9 pendant le sommeil. Elle nourrit intens\u00e9ment et lisse les traits pour un r\u00e9veil \u00e9clatant.<\/p>\n<\/li>\n<li class=\"\" data-start=\"2488\" data-end=\"2686\">\n<p class=\"\" data-start=\"2490\" data-end=\"2686\"><strong data-start=\"2490\" data-end=\"2522\">Cryo-Flash Masque-Cr\u00e8me 15ml<\/strong> \u2013 Un masque inspir\u00e9 de la cryoth\u00e9rapie qui tonifie et rafra\u00eechit la peau. En quelques minutes, il att\u00e9nue les signes de fatigue et offre un effet liftant imm\u00e9diat.<\/p>\n<\/li>\n<li class=\"\" data-start=\"2687\" data-end=\"2876\">\n<p class=\"\" data-start=\"2689\" data-end=\"2876\"><strong data-start=\"2689\" data-end=\"2730\">Lotion de Jeunesse Nutri-Lumi\u00e8re 10ml<\/strong> \u2013 Une lotion l\u00e9g\u00e8re et fra\u00eeche qui r\u00e9veille la peau et optimise la p\u00e9n\u00e9tration des soins suivants. Elle apporte un effet coup d\u2019\u00e9clat instantan\u00e9.<\/p>\n<\/li>\n<li class=\"\" data-start=\"2877\" data-end=\"2991\">\n<p class=\"\" data-start=\"2879\" data-end=\"2991\"><strong data-start=\"2879\" data-end=\"2901\">Pochette exclusive<\/strong> \u2013 Une trousse \u00e9l\u00e9gante et pratique pour emporter vos essentiels beaut\u00e9 partout avec vous.<\/p>\n<\/li>\n<\/ul>\n<p class=\"\" data-start=\"2993\" data-end=\"3129\">Le <strong data-start=\"2996\" data-end=\"3032\">Coffret Nutri-Lumi\u00e8re de Clarins<\/strong> est id\u00e9al pour les femmes souhaitant prendre soin de leur peau mature avec expertise et douceur.<\/p>\n<p data-start=\"1793\" data-end=\"1873\">Follow us! <a href=\"https:\/\/www.instagram.com\/freeshopswiss\/\" target=\"_blank\" rel=\"noopener\">@freeshopswiss<\/a><\/p>\n","protected":false},"excerpt":{"rendered":"<p>CLARINS Coffret Nutri-Lumi\u00e8re \u2013 Rituel Anti-\u00c2ge Complet avec Pochette Offrez \u00e0 votre peau un \u00e9clat renouvel\u00e9 avec le Coffret Nutri-Lumi\u00e8re de Clarins, l\u2019ensemble de soins id\u00e9al pour les peaux matures en qu\u00eate de nutrition, de fermet\u00e9 et de luminosit\u00e9. Un rituel de jeunesse complet dans une \u00e9l\u00e9gante trousse, parfaite \u00e0 offrir ou \u00e0 s\u2019offrir. Le [&hellip;]<\/p>\n","protected":false},"featured_media":30990,"comment_status":"open","ping_status":"closed","template":"","meta":[],"pwb-brand":[311],"product_brand":[],"product_cat":[109,484],"product_tag":[459,461,417,301],"class_list":{"0":"post-30994","1":"product","2":"type-product","3":"status-publish","4":"has-post-thumbnail","6":"pwb-brand-clarins","7":"product_cat-pour-elle","8":"product_cat-coffret","9":"product_tag-coffret","10":"product_tag-coffrets-femme","11":"product_tag-soins-fr","12":"product_tag-soins-du-visage","14":"first","15":"outofstock","16":"sale","17":"taxable","18":"shipping-taxable","19":"purchasable","20":"product-type-simple"},"brands":[{"id":311,"name":"Clarins","slug":"clarins"}],"_links":{"self":[{"href":"https:\/\/www.freeshopfrontiera.ch\/fr\/wp-json\/wp\/v2\/product\/30994","targetHints":{"allow":["GET"]}}],"collection":[{"href":"https:\/\/www.freeshopfrontiera.ch\/fr\/wp-json\/wp\/v2\/product"}],"about":[{"href":"https:\/\/www.freeshopfrontiera.ch\/fr\/wp-json\/wp\/v2\/types\/product"}],"replies":[{"embeddable":true,"href":"https:\/\/www.freeshopfrontiera.ch\/fr\/wp-json\/wp\/v2\/comments?post=30994"}],"version-history":[{"count":2,"href":"https:\/\/www.freeshopfrontiera.ch\/fr\/wp-json\/wp\/v2\/product\/30994\/revisions"}],"predecessor-version":[{"id":30999,"href":"https:\/\/www.freeshopfrontiera.ch\/fr\/wp-json\/wp\/v2\/product\/30994\/revisions\/30999"}],"wp:featuredmedia":[{"embeddable":true,"href":"https:\/\/www.freeshopfrontiera.ch\/fr\/wp-json\/wp\/v2\/media\/30990"}],"wp:attachment":[{"href":"https:\/\/www.freeshopfrontiera.ch\/fr\/wp-json\/wp\/v2\/media?parent=30994"}],"wp:term":[{"taxonomy":"pwb-brand","embeddable":true,"href":"https:\/\/www.freeshopfrontiera.ch\/fr\/wp-json\/wp\/v2\/pwb-brand?post=30994"},{"taxonomy":"product_brand","embeddable":true,"href":"https:\/\/www.freeshopfrontiera.ch\/fr\/wp-json\/wp\/v2\/product_brand?post=30994"},{"taxonomy":"product_cat","embeddable":true,"href":"https:\/\/www.freeshopfrontiera.ch\/fr\/wp-json\/wp\/v2\/product_cat?post=30994"},{"taxonomy":"product_tag","embeddable":true,"href":"https:\/\/www.freeshopfrontiera.ch\/fr\/wp-json\/wp\/v2\/product_tag?post=30994"}],"curies":[{"name":"wp","href":"https:\/\/api.w.org\/{rel}","templated":true}]}}