{"id":31009,"date":"2025-05-21T08:26:26","date_gmt":"2025-05-21T08:26:26","guid":{"rendered":"https:\/\/www.freeshopfrontiera.ch\/shop\/clarins-set-creme-solaire-jeunesse\/"},"modified":"2025-05-30T14:52:13","modified_gmt":"2025-05-30T14:52:13","slug":"clarins-set-creme-solaire-jeunesse","status":"publish","type":"product","link":"https:\/\/www.freeshopfrontiera.ch\/fr\/shop\/clarins-set-creme-solaire-jeunesse\/","title":{"rendered":"CLARINS SET Creme Solaire Jeunesse"},"content":{"rendered":"<h3 class=\"\" data-start=\"1564\" data-end=\"1644\"><strong data-start=\"1573\" data-end=\"1644\">CLARINS SET Creme Solaire Jeunesse SPF50+ \u2013 Protection, Hydratation et Confort<\/strong><\/h3>\n<p class=\"\" data-start=\"1646\" data-end=\"1913\">Prot\u00e9gez, hydratez et apaisez votre peau avec le CLARINS SET Creme Solaire Jeunesse<strong data-start=\"1695\" data-end=\"1729\">\u00a0SPF50+<\/strong>, un trio indispensable pour affronter l&rsquo;\u00e9t\u00e9 en beaut\u00e9. Ce coffret combine protection solaire avanc\u00e9e, soin des l\u00e8vres et baume apr\u00e8s-soleil apaisant, le tout avec l\u2019expertise Clarins.<\/p>\n<p class=\"\" data-start=\"1915\" data-end=\"1936\">Le coffret comprend :<\/p>\n<ul data-start=\"1938\" data-end=\"2701\">\n<li class=\"\" data-start=\"1938\" data-end=\"2276\">\n<p class=\"\" data-start=\"1940\" data-end=\"2276\"><strong data-start=\"1940\" data-end=\"1997\">Cr\u00e8me Solaire Jeunesse Haute Protection SPF50+ (50ml)<\/strong> \u2013 Une cr\u00e8me solaire anti-\u00e2ge haute protection, id\u00e9ale pour le visage et le d\u00e9collet\u00e9. Sa texture l\u00e9g\u00e8re et non grasse prot\u00e8ge des rayons UVA\/UVB et pr\u00e9vient les signes visibles du vieillissement cutan\u00e9. Enrichie en extraits v\u00e9g\u00e9taux, elle hydrate intens\u00e9ment et r\u00e9siste \u00e0 l\u2019eau.<\/p>\n<\/li>\n<li class=\"\" data-start=\"2277\" data-end=\"2482\">\n<p class=\"\" data-start=\"2279\" data-end=\"2482\"><strong data-start=\"2279\" data-end=\"2319\">Huile Confort L\u00e8vres 7ml \u2013 teinte 01<\/strong> \u2013 Une huile nourrissante et brillante pour les l\u00e8vres. Gr\u00e2ce \u00e0 ses huiles v\u00e9g\u00e9tales, elle hydrate, prot\u00e8ge et sublime les l\u00e8vres en leur offrant douceur et \u00e9clat.<\/p>\n<\/li>\n<li class=\"\" data-start=\"2483\" data-end=\"2701\">\n<p class=\"\" data-start=\"2485\" data-end=\"2701\"><strong data-start=\"2485\" data-end=\"2527\">Baume Apaisant Apr\u00e8s-Soleil 48H (30ml)<\/strong> \u2013 Un baume rafra\u00eechissant qui apaise imm\u00e9diatement la peau apr\u00e8s une exposition au soleil. Il hydrate jusqu\u2019\u00e0 48h, aide \u00e0 pr\u00e9venir la d\u00e9shydratation et prolonge le bronzage.<\/p>\n<\/li>\n<\/ul>\n<p class=\"\" data-start=\"2703\" data-end=\"2947\">Le CLARINS SET Creme Solaire Jeunesse\u00a0est parfait pour les vacances, les journ\u00e9es \u00e0 la plage ou toute activit\u00e9 en ext\u00e9rieur. Une belle id\u00e9e cadeau pour toutes celles qui aiment prendre soin de leur peau, avant, pendant et apr\u00e8s l\u2019exposition au soleil.<\/p>\n<p data-start=\"1817\" data-end=\"1877\">Follow us! <a href=\"https:\/\/www.instagram.com\/freeshopswiss\/\" target=\"_blank\" rel=\"noopener\">@freeshopswiss<\/a><\/p>\n","protected":false},"excerpt":{"rendered":"<p>CLARINS SET Creme Solaire Jeunesse SPF50+ \u2013 Protection, Hydratation et Confort Prot\u00e9gez, hydratez et apaisez votre peau avec le CLARINS SET Creme Solaire Jeunesse\u00a0SPF50+, un trio indispensable pour affronter l&rsquo;\u00e9t\u00e9 en beaut\u00e9. Ce coffret combine protection solaire avanc\u00e9e, soin des l\u00e8vres et baume apr\u00e8s-soleil apaisant, le tout avec l\u2019expertise Clarins. Le coffret comprend : Cr\u00e8me [&hellip;]<\/p>\n","protected":false},"featured_media":31005,"comment_status":"open","ping_status":"closed","template":"","meta":[],"pwb-brand":[311],"product_brand":[],"product_cat":[109,89,295,484,424],"product_tag":[553,493,296,143,417],"class_list":{"0":"post-31009","1":"product","2":"type-product","3":"status-publish","4":"has-post-thumbnail","6":"pwb-brand-clarins","7":"product_cat-pour-elle","8":"product_cat-pour-lui","9":"product_cat-traitements","10":"product_cat-coffret","11":"product_cat-solari-fr","12":"product_tag-creme-solaire","13":"product_tag-ecrans-solaires","14":"product_tag-femme","15":"product_tag-homme","16":"product_tag-soins-fr","18":"first","19":"outofstock","20":"sale","21":"taxable","22":"shipping-taxable","23":"purchasable","24":"product-type-simple"},"brands":[{"id":311,"name":"Clarins","slug":"clarins"}],"_links":{"self":[{"href":"https:\/\/www.freeshopfrontiera.ch\/fr\/wp-json\/wp\/v2\/product\/31009","targetHints":{"allow":["GET"]}}],"collection":[{"href":"https:\/\/www.freeshopfrontiera.ch\/fr\/wp-json\/wp\/v2\/product"}],"about":[{"href":"https:\/\/www.freeshopfrontiera.ch\/fr\/wp-json\/wp\/v2\/types\/product"}],"replies":[{"embeddable":true,"href":"https:\/\/www.freeshopfrontiera.ch\/fr\/wp-json\/wp\/v2\/comments?post=31009"}],"version-history":[{"count":3,"href":"https:\/\/www.freeshopfrontiera.ch\/fr\/wp-json\/wp\/v2\/product\/31009\/revisions"}],"predecessor-version":[{"id":31663,"href":"https:\/\/www.freeshopfrontiera.ch\/fr\/wp-json\/wp\/v2\/product\/31009\/revisions\/31663"}],"wp:featuredmedia":[{"embeddable":true,"href":"https:\/\/www.freeshopfrontiera.ch\/fr\/wp-json\/wp\/v2\/media\/31005"}],"wp:attachment":[{"href":"https:\/\/www.freeshopfrontiera.ch\/fr\/wp-json\/wp\/v2\/media?parent=31009"}],"wp:term":[{"taxonomy":"pwb-brand","embeddable":true,"href":"https:\/\/www.freeshopfrontiera.ch\/fr\/wp-json\/wp\/v2\/pwb-brand?post=31009"},{"taxonomy":"product_brand","embeddable":true,"href":"https:\/\/www.freeshopfrontiera.ch\/fr\/wp-json\/wp\/v2\/product_brand?post=31009"},{"taxonomy":"product_cat","embeddable":true,"href":"https:\/\/www.freeshopfrontiera.ch\/fr\/wp-json\/wp\/v2\/product_cat?post=31009"},{"taxonomy":"product_tag","embeddable":true,"href":"https:\/\/www.freeshopfrontiera.ch\/fr\/wp-json\/wp\/v2\/product_tag?post=31009"}],"curies":[{"name":"wp","href":"https:\/\/api.w.org\/{rel}","templated":true}]}}