{"id":31022,"date":"2025-05-21T08:52:42","date_gmt":"2025-05-21T08:52:42","guid":{"rendered":"https:\/\/www.freeshopfrontiera.ch\/shop\/clarins-set-double-serum-complete\/"},"modified":"2025-05-21T08:56:45","modified_gmt":"2025-05-21T08:56:45","slug":"clarins-set-double-serum-complete","status":"publish","type":"product","link":"https:\/\/www.freeshopfrontiera.ch\/fr\/shop\/clarins-set-double-serum-complete\/","title":{"rendered":"CLARINS SET Double Serum Complete"},"content":{"rendered":"<h3 class=\"\" data-start=\"1933\" data-end=\"2038\"><strong data-start=\"1942\" data-end=\"2038\">Coffret Double Serum Clarins \u2013 Soin Global Anti-\u00c2ge Avec Focus Contour des Yeux et D\u00e9collet\u00e9<\/strong><\/h3>\n<p class=\"\" data-start=\"2040\" data-end=\"2400\">D\u00e9couvrez une solution compl\u00e8te contre le vieillissement gr\u00e2ce au <strong data-start=\"2106\" data-end=\"2138\">Coffret Double Serum Clarins<\/strong>, une collection exclusive con\u00e7ue pour une routine de soins haute performance. Ce coffret associe l&rsquo;incontournable Double Serum \u00e0 des soins cibl\u00e9s pour le visage, le d\u00e9collet\u00e9 et le contour des yeux, pour une peau visiblement plus jeune, plus ferme et \u00e9clatante.<\/p>\n<p class=\"\" data-start=\"2402\" data-end=\"2423\">Le coffret comprend :<\/p>\n<ul data-start=\"2425\" data-end=\"3544\">\n<li class=\"\" data-start=\"2425\" data-end=\"2764\">\n<p class=\"\" data-start=\"2427\" data-end=\"2764\"><strong data-start=\"2427\" data-end=\"2448\">Double Serum 50ml<\/strong> \u2013 Le s\u00e9rum anti-\u00e2ge best-seller de Clarins, dot\u00e9 d&rsquo;une formule bifasique (aqueuse et lipidique) enrichie de 21 extraits v\u00e9g\u00e9taux. Il agit efficacement sur tous les signes de l\u2019\u00e2ge : rides, perte de fermet\u00e9, d\u00e9shydratation, teint terne et pores dilat\u00e9s. La peau appara\u00eet ainsi renouvel\u00e9e, plus compacte et lumineuse.<\/p>\n<\/li>\n<li class=\"\" data-start=\"2765\" data-end=\"3038\">\n<p class=\"\" data-start=\"2767\" data-end=\"3038\"><strong data-start=\"2767\" data-end=\"2796\">Extra-Firming Energy 15ml<\/strong> \u2013 Une cr\u00e8me de jour revitalisante qui combine les effets raffermissants de la gamme Extra-Firming et l&rsquo;\u00e9nergie fournie par des extraits de super-fruits. Elle apporte une luminosit\u00e9 imm\u00e9diate et procure une sensation de fermet\u00e9 et de douceur.<\/p>\n<\/li>\n<li class=\"\" data-start=\"3039\" data-end=\"3294\">\n<p class=\"\" data-start=\"3041\" data-end=\"3294\"><strong data-start=\"3041\" data-end=\"3079\">Extra-Firming Cou &amp; D\u00e9collet\u00e9 15ml<\/strong> \u2013 Un soin sp\u00e9cifique pour le cou et le d\u00e9collet\u00e9 qui raffermit, lisse et redonne du volume aux zones les plus d\u00e9licates. Sa texture soyeuse se fond parfaitement dans la peau, aidant \u00e0 red\u00e9finir ces zones sensibles.<\/p>\n<\/li>\n<li class=\"\" data-start=\"3295\" data-end=\"3544\">\n<p class=\"\" data-start=\"3297\" data-end=\"3544\"><strong data-start=\"3297\" data-end=\"3331\">Double Serum Eye (\u00e9chantillon)<\/strong> \u2013 Une version miniature du Double Serum sp\u00e9cialement formul\u00e9e pour le contour des yeux. Gr\u00e2ce \u00e0 la technologie bifasique, il att\u00e9nue rides, poches et signes de fatigue avec une texture l\u00e9g\u00e8re \u00e0 absorption rapide.<\/p>\n<\/li>\n<\/ul>\n<p class=\"\" data-start=\"3546\" data-end=\"3722\">Le <strong data-start=\"3549\" data-end=\"3581\">Coffret Double Serum Clarins<\/strong> est id\u00e9al pour celles et ceux qui souhaitent adopter une routine anti-\u00e2ge globale avec des produits iconiques et cibl\u00e9s \u2013 un cadeau parfait.<\/p>\n<p data-start=\"1642\" data-end=\"1789\">Follow us! <a href=\"https:\/\/www.instagram.com\/freeshopswiss\/\" target=\"_blank\" rel=\"noopener\">@freeshopswiss<\/a><\/p>\n","protected":false},"excerpt":{"rendered":"<p>Coffret Double Serum Clarins \u2013 Soin Global Anti-\u00c2ge Avec Focus Contour des Yeux et D\u00e9collet\u00e9 D\u00e9couvrez une solution compl\u00e8te contre le vieillissement gr\u00e2ce au Coffret Double Serum Clarins, une collection exclusive con\u00e7ue pour une routine de soins haute performance. Ce coffret associe l&rsquo;incontournable Double Serum \u00e0 des soins cibl\u00e9s pour le visage, le d\u00e9collet\u00e9 et [&hellip;]<\/p>\n","protected":false},"featured_media":39678,"comment_status":"open","ping_status":"closed","template":"","meta":[],"pwb-brand":[311],"product_brand":[],"product_cat":[138,109,295,484,4199],"product_tag":[459,461,4348,5050,278,417,301,5078],"class_list":{"0":"post-31022","1":"product","2":"type-product","3":"status-publish","4":"has-post-thumbnail","6":"pwb-brand-clarins","7":"product_cat-offre","8":"product_cat-pour-elle","9":"product_cat-traitements","10":"product_cat-coffret","11":"product_cat-soin-offres","12":"product_tag-coffret","13":"product_tag-coffrets-femme","14":"product_tag-fete-des-femmes","15":"product_tag-fete-des-meres","16":"product_tag-offre","17":"product_tag-soins-fr","18":"product_tag-soins-du-visage","19":"product_tag-soins-et-maquillage-pour-la-fete-des-meres","21":"first","22":"instock","23":"sale","24":"taxable","25":"shipping-taxable","26":"purchasable","27":"product-type-simple"},"brands":[{"id":311,"name":"Clarins","slug":"clarins"}],"_links":{"self":[{"href":"https:\/\/www.freeshopfrontiera.ch\/fr\/wp-json\/wp\/v2\/product\/31022","targetHints":{"allow":["GET"]}}],"collection":[{"href":"https:\/\/www.freeshopfrontiera.ch\/fr\/wp-json\/wp\/v2\/product"}],"about":[{"href":"https:\/\/www.freeshopfrontiera.ch\/fr\/wp-json\/wp\/v2\/types\/product"}],"replies":[{"embeddable":true,"href":"https:\/\/www.freeshopfrontiera.ch\/fr\/wp-json\/wp\/v2\/comments?post=31022"}],"version-history":[{"count":2,"href":"https:\/\/www.freeshopfrontiera.ch\/fr\/wp-json\/wp\/v2\/product\/31022\/revisions"}],"predecessor-version":[{"id":31027,"href":"https:\/\/www.freeshopfrontiera.ch\/fr\/wp-json\/wp\/v2\/product\/31022\/revisions\/31027"}],"wp:featuredmedia":[{"embeddable":true,"href":"https:\/\/www.freeshopfrontiera.ch\/fr\/wp-json\/wp\/v2\/media\/39678"}],"wp:attachment":[{"href":"https:\/\/www.freeshopfrontiera.ch\/fr\/wp-json\/wp\/v2\/media?parent=31022"}],"wp:term":[{"taxonomy":"pwb-brand","embeddable":true,"href":"https:\/\/www.freeshopfrontiera.ch\/fr\/wp-json\/wp\/v2\/pwb-brand?post=31022"},{"taxonomy":"product_brand","embeddable":true,"href":"https:\/\/www.freeshopfrontiera.ch\/fr\/wp-json\/wp\/v2\/product_brand?post=31022"},{"taxonomy":"product_cat","embeddable":true,"href":"https:\/\/www.freeshopfrontiera.ch\/fr\/wp-json\/wp\/v2\/product_cat?post=31022"},{"taxonomy":"product_tag","embeddable":true,"href":"https:\/\/www.freeshopfrontiera.ch\/fr\/wp-json\/wp\/v2\/product_tag?post=31022"}],"curies":[{"name":"wp","href":"https:\/\/api.w.org\/{rel}","templated":true}]}}